{"id":1764,"date":"2020-07-28T15:56:38","date_gmt":"2020-07-28T13:56:38","guid":{"rendered":"http:\/\/www.legalprofession.de\/?page_id=1764"},"modified":"2020-08-21T12:38:15","modified_gmt":"2020-08-21T10:38:15","slug":"notarfachangestellte","status":"publish","type":"page","link":"https:\/\/www.legalprofession.de\/index.php\/juristische-berufe-legal-profession\/assistenzberufe\/notarfachangestellte","title":{"rendered":"Notarfachangestellte"},"content":{"rendered":"<p style=\"text-align: justify;\">Die Notarfachangestellte ist die Assistentin des Notars und das &#8222;No&#8220; der <a href=\"https:\/\/www.brak.de\/w\/files\/02_fuer_anwaelte\/reno\/renopat-ausbvo.pdf\">Berufsausbildung der ReNoPat.<\/a> W\u00e4hrend der Notar f\u00fcr ausgewogene Verh\u00e4ltnisse sorgt, sorgt sich die Notarfachangestellte um Fristen, Formulare, Urkundenrolle und Register. Sie unterst\u00fctzt den Notar bei der Beurkundung von Willenserkl\u00e4rungen auf dem Gebiet der vorsorgenden Rechtspflege und k\u00fcmmert sich um die Einhaltung von Fristen und Terminen und den Gesch\u00e4ftsverkehr mit Gerichten, \u00c4mtern, Beh\u00f6rden und den ratsuchenden B\u00fcrgern. Dabei ist gr\u00f6\u00dfte Sorgfalt gefragt, denn alles, was notariell beglaubigt, beurkundet und besiegelt wurde, ist rechtskr\u00e4ftig und in der Regel sofort vollstreckbar.<\/p>\n<p><img data-recalc-dims=\"1\" fetchpriority=\"high\" decoding=\"async\" data-attachment-id=\"1847\" data-permalink=\"https:\/\/www.legalprofession.de\/index.php\/juristische-berufe-legal-profession\/assistenzberufe\/notarfachangestellte\/libra\" data-orig-file=\"https:\/\/i0.wp.com\/www.legalprofession.de\/wp-content\/uploads\/2014\/04\/Fotolia_45236015_XS-e1397426785704.jpg?fit=400%2C287&amp;ssl=1\" data-orig-size=\"400,287\" data-comments-opened=\"0\" data-image-meta=\"{&quot;aperture&quot;:&quot;0&quot;,&quot;credit&quot;:&quot;andreas130 - Fotolia&quot;,&quot;camera&quot;:&quot;&quot;,&quot;caption&quot;:&quot;&quot;,&quot;created_timestamp&quot;:&quot;1348576241&quot;,&quot;copyright&quot;:&quot;andreas130 - Fotolia&quot;,&quot;focal_length&quot;:&quot;0&quot;,&quot;iso&quot;:&quot;0&quot;,&quot;shutter_speed&quot;:&quot;0&quot;,&quot;title&quot;:&quot;libra&quot;}\" data-image-title=\"Notarfachangestellte\" data-image-description=\"\" data-image-caption=\"\" data-large-file=\"https:\/\/i0.wp.com\/www.legalprofession.de\/wp-content\/uploads\/2014\/04\/Fotolia_45236015_XS-e1397426785704.jpg?fit=400%2C287&amp;ssl=1\" class=\"alignnone wp-image-1847 size-full\" src=\"https:\/\/i0.wp.com\/www.legalprofession.de\/wp-content\/uploads\/2014\/04\/Fotolia_45236015_XS-e1397426785704.jpg?resize=400%2C287&#038;ssl=1\" alt=\"Notarfachangestellte\" width=\"400\" height=\"287\" \/><\/p>\n<h6><span style=\"color: #dd2150;\">Wenn Sie Ihre sorgf\u00e4ltige Arbeitsweise in die Waagschale werfen k\u00f6nnen, dann freuen wir uns auf Ihre <\/span><span style=\"color: #dd2150;\"><a href=\"https:\/\/www.legalprofession.de\/index.php\/job\/1302-notarfachangestellte-bundesweit\">Initiativbewerbung<\/a><\/span><strong><span style=\"color: #dd2150;\">.<\/span><\/strong><\/h6>\n<p style=\"text-align: justify;\">In Deutschland gibt es derzeit ca. 8.000 Notare, darunter ca. 6.600 Anwaltsnotare. Der Tatsache geschuldet, dass es historisch bedingt in einigen deutschen Amtsbezirken Anwaltsnotare gibt, gibt es auch Rechtsanwalts- und Notarfachangestellte. Die Doppelfunktion des Rechtsanwalts, der im Nebenberuf Notar ist, stellt auch an seine ReNo zweifache Anforderungen. Laut Bundesnotarkammer besch\u00e4ftigt ein hauptberuflicher Notar statistisch f\u00fcnf bis sieben Notarfachangestellte, ein Anwaltsnotar dagegen im Notarbereich ein bis zwei Rechtsanwalts- und Notarfachangestellte. Anders als bei den Rechtsanw\u00e4lten, die sich frei niederlassen k\u00f6nnen, werden allerdings nur so viele Notare berufen, wie zur Erf\u00fcllung des Amtes ben\u00f6tigt werden. Die Internationalisierung der Rechtsgesch\u00e4fte und die Erweiterung der notariellen Aufgabenfelder l\u00e4sst ein weiteres Anwachsen dieses Berufsstandes ahnen. Der Bedarf an gut ausgebildeten Notarfachangestellten ist schon heute sp\u00fcrbar.<\/p>\n<h5 style=\"text-align: justify;\"><span style=\"color: #dd2150;\">Erbrecht und Familienrecht<\/span><\/h5>\n<p style=\"text-align: justify;\">Ausgebildet wird die Notarfachangestellte zun\u00e4chst in den klassischen zivilrechlichen Bereichen. Eheurkunde, Scheidungsfolgenvereinbarung und Testament, aber auch der Kauf von famili\u00e4rem Grundbesitz oder die \u00dcbertragung des elterlichen Unternehmens sind Gebiete der vorsorgenden Rechtspflege. Im BGB sollte sich die NoFa auskennen, denn die Vielfalt famili\u00e4rer und ehelicher Streitpunkte ist nahezu unbegrenzt. Zur Aufnahme der Willenserkl\u00e4rungen erscheinen die Paare in der Kanzlei mehr oder weniger gut gelaunt oft vor der Hochzeit oder vor der Scheidung. Dabei sprechen beide nicht immer die gleiche Sprache. Familienbande und Rechtsgesch\u00e4ft haben l\u00e4ngst den nationalen Rahmen verlassen und das Internationale Privatrecht regelt die Anspr\u00fcche unterschiedlicher Nationalit\u00e4ten. Englischkenntnisse sind auch im Notariat essentiell, um Mandanten zu verstehen. Leider sind sie nicht Ausbildungsinhalt.<\/p>\n<h5 style=\"text-align: justify;\"><span style=\"color: #dd2150;\">Immobilien- und Gesellschaftsrecht<\/span><\/h5>\n<p style=\"text-align: justify;\">Ebenfalls nicht ausreichend ausgebildet wird die Notarfachangestellte derzeit im gesellschaftsrechtlichen und immobilienrechtlichen Notariat. Dabei spielt dies besonders in den Kanzleien mit gewerblichen Mandanten und in den internationalen Wirtschaftskanzleien eine gro\u00dfe Rolle. Der Vollzug von Grundst\u00fccks- und Handelsregisterangelegenheiten und die damit verbundene Korrespondenz mit Gerichten, \u00c4mtern, Beh\u00f6rden, Banken und den Mandaten, die Vorbereitung von Schriftst\u00fccken, Dokumenten und Urkunden liegt in der Hand der selbstst\u00e4ndig arbeitenden Notarfachangestellten. Die Betreuung eines internationalen Immobilienportfolios oder die Begleitung von Unternehmensgr\u00fcndungen und Transaktionsgesch\u00e4ften erfordern Wissen, das man nicht in der Ausbildung erlangt. Learning by doing, permanente Weiterbildung und die Aneignung von Fremdsprachenkenntnissen liegt in der Verantwortung der Notarfachangestellten. Leider bleibt w\u00e4hrend der Bearbeitung eines Massenmandats oft wenig Zeit daf\u00fcr.<\/p>\n<h6><\/h6>\n","protected":false},"excerpt":{"rendered":"<p>Die Notarfachangestellte ist die Assistentin des Notars und das &#8222;No&#8220; der Berufsausbildung der ReNoPat. W\u00e4hrend der Notar f\u00fcr ausgewogene Verh\u00e4ltnisse sorgt, sorgt sich die Notarfachangestellte um Fristen, Formulare, Urkundenrolle und Register. Sie unterst\u00fctzt den Notar bei der Beurkundung von Willenserkl\u00e4rungen auf dem Gebiet der vorsorgenden Rechtspflege und k\u00fcmmert sich um die Einhaltung von Fristen und&hellip; <a href=\"https:\/\/www.legalprofession.de\/index.php\/juristische-berufe-legal-profession\/assistenzberufe\/notarfachangestellte\">Continue reading&#8230;<\/a><\/p>\n","protected":false},"author":2,"featured_media":0,"parent":1697,"menu_order":0,"comment_status":"closed","ping_status":"open","template":"templates\/page-full-width-widgets.php","meta":{"jetpack_post_was_ever_published":false,"footnotes":""},"class_list":["post-1764","page","type-page","status-publish","hentry"],"yoast_head":"<!-- This site is optimized with the Yoast SEO plugin v27.3 - https:\/\/yoast.com\/product\/yoast-seo-wordpress\/ -->\n<title>Notarfachangestellte - LegalProfession\u00ae<\/title>\n<meta name=\"description\" content=\"Die Notarfachangestellte sorgt sich um Fristen, Formulare, Urkundenrolle und Register. Sie unterst\u00fctzt den Notar bei der Beurkundung.\" \/>\n<meta name=\"robots\" content=\"index, follow, max-snippet:-1, max-image-preview:large, max-video-preview:-1\" \/>\n<link rel=\"canonical\" href=\"https:\/\/www.legalprofession.de\/index.php\/juristische-berufe-legal-profession\/assistenzberufe\/notarfachangestellte\" \/>\n<meta property=\"og:locale\" content=\"de_DE\" \/>\n<meta property=\"og:type\" content=\"article\" \/>\n<meta property=\"og:title\" content=\"Notarfachangestellte - LegalProfession\u00ae\" \/>\n<meta property=\"og:description\" content=\"Die Notarfachangestellte sorgt sich um Fristen, Formulare, Urkundenrolle und Register. Sie unterst\u00fctzt den Notar bei der Beurkundung.\" \/>\n<meta property=\"og:url\" content=\"https:\/\/www.legalprofession.de\/index.php\/juristische-berufe-legal-profession\/assistenzberufe\/notarfachangestellte\" \/>\n<meta property=\"og:site_name\" content=\"LegalProfession\u00ae\" \/>\n<meta property=\"article:modified_time\" content=\"2020-08-21T10:38:15+00:00\" \/>\n<meta property=\"og:image\" content=\"https:\/\/www.legalprofession.de\/wp-content\/uploads\/2014\/04\/Fotolia_45236015_XS-e1397426785704.jpg\" \/>\n<meta name=\"twitter:card\" content=\"summary_large_image\" \/>\n<meta name=\"twitter:label1\" content=\"Gesch\u00e4tzte Lesezeit\" \/>\n\t<meta name=\"twitter:data1\" content=\"2\u00a0Minuten\" \/>\n<script type=\"application\/ld+json\" class=\"yoast-schema-graph\">{\"@context\":\"https:\\\/\\\/schema.org\",\"@graph\":[{\"@type\":\"WebPage\",\"@id\":\"https:\\\/\\\/www.legalprofession.de\\\/index.php\\\/juristische-berufe-legal-profession\\\/assistenzberufe\\\/notarfachangestellte\",\"url\":\"https:\\\/\\\/www.legalprofession.de\\\/index.php\\\/juristische-berufe-legal-profession\\\/assistenzberufe\\\/notarfachangestellte\",\"name\":\"Notarfachangestellte - LegalProfession\u00ae\",\"isPartOf\":{\"@id\":\"https:\\\/\\\/www.legalprofession.de\\\/#website\"},\"primaryImageOfPage\":{\"@id\":\"https:\\\/\\\/www.legalprofession.de\\\/index.php\\\/juristische-berufe-legal-profession\\\/assistenzberufe\\\/notarfachangestellte#primaryimage\"},\"image\":{\"@id\":\"https:\\\/\\\/www.legalprofession.de\\\/index.php\\\/juristische-berufe-legal-profession\\\/assistenzberufe\\\/notarfachangestellte#primaryimage\"},\"thumbnailUrl\":\"https:\\\/\\\/www.legalprofession.de\\\/wp-content\\\/uploads\\\/2014\\\/04\\\/Fotolia_45236015_XS-e1397426785704.jpg\",\"datePublished\":\"2020-07-28T13:56:38+00:00\",\"dateModified\":\"2020-08-21T10:38:15+00:00\",\"description\":\"Die Notarfachangestellte sorgt sich um Fristen, Formulare, Urkundenrolle und Register. Sie unterst\u00fctzt den Notar bei der Beurkundung.\",\"breadcrumb\":{\"@id\":\"https:\\\/\\\/www.legalprofession.de\\\/index.php\\\/juristische-berufe-legal-profession\\\/assistenzberufe\\\/notarfachangestellte#breadcrumb\"},\"inLanguage\":\"de\",\"potentialAction\":[{\"@type\":\"ReadAction\",\"target\":[\"https:\\\/\\\/www.legalprofession.de\\\/index.php\\\/juristische-berufe-legal-profession\\\/assistenzberufe\\\/notarfachangestellte\"]}]},{\"@type\":\"ImageObject\",\"inLanguage\":\"de\",\"@id\":\"https:\\\/\\\/www.legalprofession.de\\\/index.php\\\/juristische-berufe-legal-profession\\\/assistenzberufe\\\/notarfachangestellte#primaryimage\",\"url\":\"https:\\\/\\\/i0.wp.com\\\/www.legalprofession.de\\\/wp-content\\\/uploads\\\/2014\\\/04\\\/Fotolia_45236015_XS-e1397426785704.jpg?fit=400%2C287&ssl=1\",\"contentUrl\":\"https:\\\/\\\/i0.wp.com\\\/www.legalprofession.de\\\/wp-content\\\/uploads\\\/2014\\\/04\\\/Fotolia_45236015_XS-e1397426785704.jpg?fit=400%2C287&ssl=1\",\"width\":400,\"height\":287},{\"@type\":\"BreadcrumbList\",\"@id\":\"https:\\\/\\\/www.legalprofession.de\\\/index.php\\\/juristische-berufe-legal-profession\\\/assistenzberufe\\\/notarfachangestellte#breadcrumb\",\"itemListElement\":[{\"@type\":\"ListItem\",\"position\":1,\"name\":\"Startseite\",\"item\":\"https:\\\/\\\/www.legalprofession.de\\\/\"},{\"@type\":\"ListItem\",\"position\":2,\"name\":\"Juristische Berufe &#8211; Legal Profession\",\"item\":\"https:\\\/\\\/www.legalprofession.de\\\/index.php\\\/juristische-berufe-legal-profession\"},{\"@type\":\"ListItem\",\"position\":3,\"name\":\"Assistenzberufe\",\"item\":\"https:\\\/\\\/www.legalprofession.de\\\/index.php\\\/juristische-berufe-legal-profession\\\/assistenzberufe\"},{\"@type\":\"ListItem\",\"position\":4,\"name\":\"Notarfachangestellte\"}]},{\"@type\":\"WebSite\",\"@id\":\"https:\\\/\\\/www.legalprofession.de\\\/#website\",\"url\":\"https:\\\/\\\/www.legalprofession.de\\\/\",\"name\":\"LegalProfession\u00ae\",\"description\":\"Recruiting Coaching Consulting AZAV\",\"publisher\":{\"@id\":\"https:\\\/\\\/www.legalprofession.de\\\/#organization\"},\"potentialAction\":[{\"@type\":\"SearchAction\",\"target\":{\"@type\":\"EntryPoint\",\"urlTemplate\":\"https:\\\/\\\/www.legalprofession.de\\\/?s={search_term_string}\"},\"query-input\":{\"@type\":\"PropertyValueSpecification\",\"valueRequired\":true,\"valueName\":\"search_term_string\"}}],\"inLanguage\":\"de\"},{\"@type\":\"Organization\",\"@id\":\"https:\\\/\\\/www.legalprofession.de\\\/#organization\",\"name\":\"LegalProfession\u00ae Recruitment Coaching Consulting\",\"url\":\"https:\\\/\\\/www.legalprofession.de\\\/\",\"logo\":{\"@type\":\"ImageObject\",\"inLanguage\":\"de\",\"@id\":\"https:\\\/\\\/www.legalprofession.de\\\/#\\\/schema\\\/logo\\\/image\\\/\",\"url\":\"https:\\\/\\\/i0.wp.com\\\/www.legalprofession.de\\\/wp-content\\\/uploads\\\/Logo-LP-1.jpg?fit=354%2C141&ssl=1\",\"contentUrl\":\"https:\\\/\\\/i0.wp.com\\\/www.legalprofession.de\\\/wp-content\\\/uploads\\\/Logo-LP-1.jpg?fit=354%2C141&ssl=1\",\"width\":354,\"height\":141,\"caption\":\"LegalProfession\u00ae Recruitment Coaching Consulting\"},\"image\":{\"@id\":\"https:\\\/\\\/www.legalprofession.de\\\/#\\\/schema\\\/logo\\\/image\\\/\"},\"sameAs\":[\"https:\\\/\\\/www.linkedin.com\\\/in\\\/marion-proft-legalprofession\\\/\",\"https:\\\/\\\/www.xing.com\\\/profile\\\/Marion_Proft\\\/portfolio\"]}]}<\/script>\n<!-- \/ Yoast SEO plugin. -->","yoast_head_json":{"title":"Notarfachangestellte - LegalProfession\u00ae","description":"Die Notarfachangestellte sorgt sich um Fristen, Formulare, Urkundenrolle und Register. Sie unterst\u00fctzt den Notar bei der Beurkundung.","robots":{"index":"index","follow":"follow","max-snippet":"max-snippet:-1","max-image-preview":"max-image-preview:large","max-video-preview":"max-video-preview:-1"},"canonical":"https:\/\/www.legalprofession.de\/index.php\/juristische-berufe-legal-profession\/assistenzberufe\/notarfachangestellte","og_locale":"de_DE","og_type":"article","og_title":"Notarfachangestellte - LegalProfession\u00ae","og_description":"Die Notarfachangestellte sorgt sich um Fristen, Formulare, Urkundenrolle und Register. Sie unterst\u00fctzt den Notar bei der Beurkundung.","og_url":"https:\/\/www.legalprofession.de\/index.php\/juristische-berufe-legal-profession\/assistenzberufe\/notarfachangestellte","og_site_name":"LegalProfession\u00ae","article_modified_time":"2020-08-21T10:38:15+00:00","og_image":[{"url":"https:\/\/www.legalprofession.de\/wp-content\/uploads\/2014\/04\/Fotolia_45236015_XS-e1397426785704.jpg","type":"","width":"","height":""}],"twitter_card":"summary_large_image","twitter_misc":{"Gesch\u00e4tzte Lesezeit":"2\u00a0Minuten"},"schema":{"@context":"https:\/\/schema.org","@graph":[{"@type":"WebPage","@id":"https:\/\/www.legalprofession.de\/index.php\/juristische-berufe-legal-profession\/assistenzberufe\/notarfachangestellte","url":"https:\/\/www.legalprofession.de\/index.php\/juristische-berufe-legal-profession\/assistenzberufe\/notarfachangestellte","name":"Notarfachangestellte - LegalProfession\u00ae","isPartOf":{"@id":"https:\/\/www.legalprofession.de\/#website"},"primaryImageOfPage":{"@id":"https:\/\/www.legalprofession.de\/index.php\/juristische-berufe-legal-profession\/assistenzberufe\/notarfachangestellte#primaryimage"},"image":{"@id":"https:\/\/www.legalprofession.de\/index.php\/juristische-berufe-legal-profession\/assistenzberufe\/notarfachangestellte#primaryimage"},"thumbnailUrl":"https:\/\/www.legalprofession.de\/wp-content\/uploads\/2014\/04\/Fotolia_45236015_XS-e1397426785704.jpg","datePublished":"2020-07-28T13:56:38+00:00","dateModified":"2020-08-21T10:38:15+00:00","description":"Die Notarfachangestellte sorgt sich um Fristen, Formulare, Urkundenrolle und Register. Sie unterst\u00fctzt den Notar bei der Beurkundung.","breadcrumb":{"@id":"https:\/\/www.legalprofession.de\/index.php\/juristische-berufe-legal-profession\/assistenzberufe\/notarfachangestellte#breadcrumb"},"inLanguage":"de","potentialAction":[{"@type":"ReadAction","target":["https:\/\/www.legalprofession.de\/index.php\/juristische-berufe-legal-profession\/assistenzberufe\/notarfachangestellte"]}]},{"@type":"ImageObject","inLanguage":"de","@id":"https:\/\/www.legalprofession.de\/index.php\/juristische-berufe-legal-profession\/assistenzberufe\/notarfachangestellte#primaryimage","url":"https:\/\/i0.wp.com\/www.legalprofession.de\/wp-content\/uploads\/2014\/04\/Fotolia_45236015_XS-e1397426785704.jpg?fit=400%2C287&ssl=1","contentUrl":"https:\/\/i0.wp.com\/www.legalprofession.de\/wp-content\/uploads\/2014\/04\/Fotolia_45236015_XS-e1397426785704.jpg?fit=400%2C287&ssl=1","width":400,"height":287},{"@type":"BreadcrumbList","@id":"https:\/\/www.legalprofession.de\/index.php\/juristische-berufe-legal-profession\/assistenzberufe\/notarfachangestellte#breadcrumb","itemListElement":[{"@type":"ListItem","position":1,"name":"Startseite","item":"https:\/\/www.legalprofession.de\/"},{"@type":"ListItem","position":2,"name":"Juristische Berufe &#8211; Legal Profession","item":"https:\/\/www.legalprofession.de\/index.php\/juristische-berufe-legal-profession"},{"@type":"ListItem","position":3,"name":"Assistenzberufe","item":"https:\/\/www.legalprofession.de\/index.php\/juristische-berufe-legal-profession\/assistenzberufe"},{"@type":"ListItem","position":4,"name":"Notarfachangestellte"}]},{"@type":"WebSite","@id":"https:\/\/www.legalprofession.de\/#website","url":"https:\/\/www.legalprofession.de\/","name":"LegalProfession\u00ae","description":"Recruiting Coaching Consulting AZAV","publisher":{"@id":"https:\/\/www.legalprofession.de\/#organization"},"potentialAction":[{"@type":"SearchAction","target":{"@type":"EntryPoint","urlTemplate":"https:\/\/www.legalprofession.de\/?s={search_term_string}"},"query-input":{"@type":"PropertyValueSpecification","valueRequired":true,"valueName":"search_term_string"}}],"inLanguage":"de"},{"@type":"Organization","@id":"https:\/\/www.legalprofession.de\/#organization","name":"LegalProfession\u00ae Recruitment Coaching Consulting","url":"https:\/\/www.legalprofession.de\/","logo":{"@type":"ImageObject","inLanguage":"de","@id":"https:\/\/www.legalprofession.de\/#\/schema\/logo\/image\/","url":"https:\/\/i0.wp.com\/www.legalprofession.de\/wp-content\/uploads\/Logo-LP-1.jpg?fit=354%2C141&ssl=1","contentUrl":"https:\/\/i0.wp.com\/www.legalprofession.de\/wp-content\/uploads\/Logo-LP-1.jpg?fit=354%2C141&ssl=1","width":354,"height":141,"caption":"LegalProfession\u00ae Recruitment Coaching Consulting"},"image":{"@id":"https:\/\/www.legalprofession.de\/#\/schema\/logo\/image\/"},"sameAs":["https:\/\/www.linkedin.com\/in\/marion-proft-legalprofession\/","https:\/\/www.xing.com\/profile\/Marion_Proft\/portfolio"]}]}},"jetpack_shortlink":"https:\/\/wp.me\/P8oDIe-ss","jetpack_sharing_enabled":true,"_links":{"self":[{"href":"https:\/\/www.legalprofession.de\/index.php\/wp-json\/wp\/v2\/pages\/1764","targetHints":{"allow":["GET"]}}],"collection":[{"href":"https:\/\/www.legalprofession.de\/index.php\/wp-json\/wp\/v2\/pages"}],"about":[{"href":"https:\/\/www.legalprofession.de\/index.php\/wp-json\/wp\/v2\/types\/page"}],"author":[{"embeddable":true,"href":"https:\/\/www.legalprofession.de\/index.php\/wp-json\/wp\/v2\/users\/2"}],"replies":[{"embeddable":true,"href":"https:\/\/www.legalprofession.de\/index.php\/wp-json\/wp\/v2\/comments?post=1764"}],"version-history":[{"count":0,"href":"https:\/\/www.legalprofession.de\/index.php\/wp-json\/wp\/v2\/pages\/1764\/revisions"}],"up":[{"embeddable":true,"href":"https:\/\/www.legalprofession.de\/index.php\/wp-json\/wp\/v2\/pages\/1697"}],"wp:attachment":[{"href":"https:\/\/www.legalprofession.de\/index.php\/wp-json\/wp\/v2\/media?parent=1764"}],"curies":[{"name":"wp","href":"https:\/\/api.w.org\/{rel}","templated":true}]}}