{"id":1769,"date":"2020-07-27T13:01:02","date_gmt":"2020-07-27T11:01:02","guid":{"rendered":"http:\/\/www.legalprofession.de\/?page_id=1769"},"modified":"2020-08-11T21:10:14","modified_gmt":"2020-08-11T19:10:14","slug":"reno-rechtsanwalts-und-notarfachangestellte","status":"publish","type":"page","link":"https:\/\/www.legalprofession.de\/index.php\/juristische-berufe-legal-profession\/assistenzberufe\/reno-rechtsanwalts-und-notarfachangestellte","title":{"rendered":"ReNo Rechtsanwalts- und Notarfachangestellte"},"content":{"rendered":"<p>ReNo ist die g\u00e4ngige Abk\u00fcrzung f\u00fcr die Rechtsanwalts- und Notarfachangestellte. Aus Unkenntnis der juristischen Berufe, dient die ReNo leider oft als Sammelbegriff f\u00fcr alle Kanzleimitarbeiter. Dabei ist die Rechtsanwalts- und Notarfachangestellte laut der <a href=\"https:\/\/www.gesetze-im-internet.de\/renopatausbv_2015\/BJNR149000014.html\">ReNoPat Ausbildungsverordnung <\/a>ein eigenst\u00e4ndiger Beruf. Die ReNo ist die juristische Fachangestellte von Rechtsanw\u00e4lten und Notaren. Damit f\u00fchrt die <a href=\"https:\/\/www.legalprofession.de\/index.php\/juristische-berufe-legal-profession\/assistenzberufe\/rechtsanwaltsfachangestellte\">Rechtsanwalts<\/a>&#8211; und <a href=\"https:\/\/www.legalprofession.de\/index.php\/juristische-berufe-legal-profession\/assistenzberufe\/notarfachangestellte\">Notarfachangestellte<\/a> de facto ein Doppelleben zwischen Rechtsanwalt und Notar &#8211; bis sie sich f\u00fcr eine Seite der Waage entscheidet.<\/p>\n<p><img data-recalc-dims=\"1\" fetchpriority=\"high\" decoding=\"async\" data-attachment-id=\"2314\" data-permalink=\"https:\/\/www.legalprofession.de\/?attachment_id=2314\" data-orig-file=\"https:\/\/i0.wp.com\/www.legalprofession.de\/wp-content\/uploads\/2014\/05\/Fotolia_43000451_M.jpg?fit=1691%2C1123&amp;ssl=1\" data-orig-size=\"1691,1123\" data-comments-opened=\"0\" data-image-meta=\"{&quot;aperture&quot;:&quot;5.6&quot;,&quot;credit&quot;:&quot;lassedesignen - Fotolia&quot;,&quot;camera&quot;:&quot;FinePix X100&quot;,&quot;caption&quot;:&quot;&quot;,&quot;created_timestamp&quot;:&quot;1340518058&quot;,&quot;copyright&quot;:&quot;lassedesignen - Fotolia&quot;,&quot;focal_length&quot;:&quot;23&quot;,&quot;iso&quot;:&quot;250&quot;,&quot;shutter_speed&quot;:&quot;0.016666666666667&quot;,&quot;title&quot;:&quot;Decision&quot;}\" data-image-title=\"Rechtsanwalts- und Notarfachangestellte\" data-image-description=\"&lt;p&gt;Rechtsanwalts- und Notarfachangestellte&lt;\/p&gt;\n\" data-image-caption=\"\" data-large-file=\"https:\/\/i0.wp.com\/www.legalprofession.de\/wp-content\/uploads\/2014\/05\/Fotolia_43000451_M.jpg?fit=770%2C511&amp;ssl=1\" class=\"alignnone wp-image-2314\" src=\"https:\/\/i0.wp.com\/www.legalprofession.de\/wp-content\/uploads\/2014\/05\/Fotolia_43000451_M.jpg?resize=400%2C266&#038;ssl=1\" alt=\"Assistenzberufe Rechtsanwalts- und Notarfachangestellte\" width=\"400\" height=\"266\" srcset=\"https:\/\/i0.wp.com\/www.legalprofession.de\/wp-content\/uploads\/2014\/05\/Fotolia_43000451_M.jpg?resize=300%2C199&amp;ssl=1 300w, https:\/\/i0.wp.com\/www.legalprofession.de\/wp-content\/uploads\/2014\/05\/Fotolia_43000451_M.jpg?resize=1024%2C680&amp;ssl=1 1024w, https:\/\/i0.wp.com\/www.legalprofession.de\/wp-content\/uploads\/2014\/05\/Fotolia_43000451_M.jpg?resize=1170%2C777&amp;ssl=1 1170w, https:\/\/i0.wp.com\/www.legalprofession.de\/wp-content\/uploads\/2014\/05\/Fotolia_43000451_M.jpg?w=1691&amp;ssl=1 1691w, https:\/\/i0.wp.com\/www.legalprofession.de\/wp-content\/uploads\/2014\/05\/Fotolia_43000451_M.jpg?w=1540&amp;ssl=1 1540w\" sizes=\"(max-width: 400px) 100vw, 400px\" \/><\/p>\n<h5><span style=\"color: #ff0000;\">ReNo &#8211; die Assistenz im Anwaltsnotariat<\/span><\/h5>\n<p>Historisch bedingt gibt es in den fr\u00fcheren preu\u00dfischen Amtsbezirken bis heute <a href=\"https:\/\/www.notar.de\/der-notar\/notariatsformen\/anwaltsnotare\">Anwaltsnotare<\/a>. Dazu z\u00e4hlen Berlin, Bremen, Hessen, Niedersachsen, Schleswig-Holstein und in Westfalen. Die Doppelfunktion des Anwalts, der hauptberuflich Rechtsanwalt ist und im Nebenberuf das Amt des Notars aus\u00fcbt, stellt auch an seine ReNo eine doppelte Herausforderung. In den vergangenen Jahrzehnten wurden die Anforderungen an die beiden Berufe wesentlich komplexer und differenzierter. Inzwischen ist die Tendenz zur Entscheidung f\u00fcr einen der beiden Berufe zu erkennen. Dies gilt sowohl f\u00fcr die Berufstr\u00e4ger wie auch f\u00fcr die Fachangestellten.<\/p>\n<h5><span style=\"color: #ff0000;\">Tendenz geht zur Re oder No<\/span><\/h5>\n<p>Leider f\u00e4llt die Entscheidung zwischen Anwaltsassistenz und Notariat meist zugunsten des Rechtsanwalts. Die Ausbildung im Rechtsanwaltsbereich ist wesentlich intensiver, oftmals hat die ReNo am Ausbildungsende nur den Pflichtteil im Notariat absolviert. Deshalb gibt es sehr wenig ReNo\u00b4s, die tats\u00e4chlich ad hoc eine T\u00e4tigkeit im Notariat zutrauen. Obwohl beide Berufe in der Grundausbildung gleich sind, unterscheiden sie sich doch in wesentlichen Arbeitsprozessen, in der Geb\u00fchrenordnung und in der Arbeitsorganisation.<\/p>\n<h5><span style=\"color: #ff0000;\">Erst Re dann No\u00a0<\/span><\/h5>\n<p>Wenn es angesichts des Mangels an Fachkr\u00e4ften im Notariat auch w\u00fcnschenswert w\u00e4re, die Berufe der ReFa und NoFa lassen sich nicht beliebig austauschen. Mit viel sehr viel Engagement, Lernwillen und Fortbildung kann sich eine ReNo auch im sp\u00e4teren Berufsleben f\u00fcr das Notariat fit machen. Daf\u00fcr braucht sie aber in jedem Fall die Unterst\u00fctzung des Notars und der anderen Notarfachangestellten.\u00a0Eine ReNo, die ihre Berufserfahrung im Notariat vertieft hat, bleibt dem Notariat meist treu. Nicht zuletzt aufgrund der besseren Bezahlung.<\/p>\n<p>Wenn Sie als ReNo mal die Seite wechseln wollen, dann schauen Sie in den <a href=\"https:\/\/www.legalprofession.de\/index.php\/stellenmarkt-juristische-assistenz\">Stellenmarkt<\/a>\u00a0der juristischen Assistenz. Wir freuen uns auf Ihre\u00a0<a href=\"https:\/\/www.legalprofession.de\/index.php\/job\/1301-01-rechtsanwaltsfachangestellte\">Initiativbewerbung: 1301-01<\/a><\/p>\n<p>&nbsp;<\/p>\n","protected":false},"excerpt":{"rendered":"<p>ReNo ist die g\u00e4ngige Abk\u00fcrzung f\u00fcr die Rechtsanwalts- und Notarfachangestellte. Aus Unkenntnis der juristischen Berufe, dient die ReNo leider oft als Sammelbegriff f\u00fcr alle Kanzleimitarbeiter. Dabei ist die Rechtsanwalts- und Notarfachangestellte laut der ReNoPat Ausbildungsverordnung ein eigenst\u00e4ndiger Beruf. Die ReNo ist die juristische Fachangestellte von Rechtsanw\u00e4lten und Notaren. Damit f\u00fchrt die Rechtsanwalts&#8211; und Notarfachangestellte de&hellip; <a href=\"https:\/\/www.legalprofession.de\/index.php\/juristische-berufe-legal-profession\/assistenzberufe\/reno-rechtsanwalts-und-notarfachangestellte\">Continue reading&#8230;<\/a><\/p>\n","protected":false},"author":2,"featured_media":0,"parent":1697,"menu_order":0,"comment_status":"closed","ping_status":"open","template":"templates\/page-full-width-widgets.php","meta":{"jetpack_post_was_ever_published":false,"footnotes":""},"class_list":["post-1769","page","type-page","status-publish","hentry"],"yoast_head":"<!-- This site is optimized with the Yoast SEO plugin v27.3 - https:\/\/yoast.com\/product\/yoast-seo-wordpress\/ -->\n<title>ReNo Rechtsanwalts- und Notarfachangestellte - LegalProfession\u00ae<\/title>\n<meta name=\"description\" content=\"Die ReNo ist halb Rechtsanwalts- und halb Notarfachangestellte. Es gibt sie in den Bundesl\u00e4ndern, in denen es Anwaltsnotarie gibt.\" \/>\n<meta name=\"robots\" content=\"index, follow, max-snippet:-1, max-image-preview:large, max-video-preview:-1\" \/>\n<link rel=\"canonical\" href=\"https:\/\/www.legalprofession.de\/index.php\/juristische-berufe-legal-profession\/assistenzberufe\/reno-rechtsanwalts-und-notarfachangestellte\" \/>\n<meta property=\"og:locale\" content=\"de_DE\" \/>\n<meta property=\"og:type\" content=\"article\" \/>\n<meta property=\"og:title\" content=\"ReNo Rechtsanwalts- und Notarfachangestellte - LegalProfession\u00ae\" \/>\n<meta property=\"og:description\" content=\"Die ReNo ist halb Rechtsanwalts- und halb Notarfachangestellte. Es gibt sie in den Bundesl\u00e4ndern, in denen es Anwaltsnotarie gibt.\" \/>\n<meta property=\"og:url\" content=\"https:\/\/www.legalprofession.de\/index.php\/juristische-berufe-legal-profession\/assistenzberufe\/reno-rechtsanwalts-und-notarfachangestellte\" \/>\n<meta property=\"og:site_name\" content=\"LegalProfession\u00ae\" \/>\n<meta property=\"article:modified_time\" content=\"2020-08-11T19:10:14+00:00\" \/>\n<meta property=\"og:image\" content=\"https:\/\/www.legalprofession.de\/wp-content\/uploads\/2014\/05\/Fotolia_43000451_M-150x150.jpg\" \/>\n<meta name=\"twitter:card\" content=\"summary_large_image\" \/>\n<meta name=\"twitter:label1\" content=\"Gesch\u00e4tzte Lesezeit\" \/>\n\t<meta name=\"twitter:data1\" content=\"2\u00a0Minuten\" \/>\n<script type=\"application\/ld+json\" class=\"yoast-schema-graph\">{\"@context\":\"https:\\\/\\\/schema.org\",\"@graph\":[{\"@type\":\"WebPage\",\"@id\":\"https:\\\/\\\/www.legalprofession.de\\\/index.php\\\/juristische-berufe-legal-profession\\\/assistenzberufe\\\/reno-rechtsanwalts-und-notarfachangestellte\",\"url\":\"https:\\\/\\\/www.legalprofession.de\\\/index.php\\\/juristische-berufe-legal-profession\\\/assistenzberufe\\\/reno-rechtsanwalts-und-notarfachangestellte\",\"name\":\"ReNo Rechtsanwalts- und Notarfachangestellte - LegalProfession\u00ae\",\"isPartOf\":{\"@id\":\"https:\\\/\\\/www.legalprofession.de\\\/#website\"},\"primaryImageOfPage\":{\"@id\":\"https:\\\/\\\/www.legalprofession.de\\\/index.php\\\/juristische-berufe-legal-profession\\\/assistenzberufe\\\/reno-rechtsanwalts-und-notarfachangestellte#primaryimage\"},\"image\":{\"@id\":\"https:\\\/\\\/www.legalprofession.de\\\/index.php\\\/juristische-berufe-legal-profession\\\/assistenzberufe\\\/reno-rechtsanwalts-und-notarfachangestellte#primaryimage\"},\"thumbnailUrl\":\"https:\\\/\\\/www.legalprofession.de\\\/wp-content\\\/uploads\\\/2014\\\/05\\\/Fotolia_43000451_M-150x150.jpg\",\"datePublished\":\"2020-07-27T11:01:02+00:00\",\"dateModified\":\"2020-08-11T19:10:14+00:00\",\"description\":\"Die ReNo ist halb Rechtsanwalts- und halb Notarfachangestellte. Es gibt sie in den Bundesl\u00e4ndern, in denen es Anwaltsnotarie gibt.\",\"breadcrumb\":{\"@id\":\"https:\\\/\\\/www.legalprofession.de\\\/index.php\\\/juristische-berufe-legal-profession\\\/assistenzberufe\\\/reno-rechtsanwalts-und-notarfachangestellte#breadcrumb\"},\"inLanguage\":\"de\",\"potentialAction\":[{\"@type\":\"ReadAction\",\"target\":[\"https:\\\/\\\/www.legalprofession.de\\\/index.php\\\/juristische-berufe-legal-profession\\\/assistenzberufe\\\/reno-rechtsanwalts-und-notarfachangestellte\"]}]},{\"@type\":\"ImageObject\",\"inLanguage\":\"de\",\"@id\":\"https:\\\/\\\/www.legalprofession.de\\\/index.php\\\/juristische-berufe-legal-profession\\\/assistenzberufe\\\/reno-rechtsanwalts-und-notarfachangestellte#primaryimage\",\"url\":\"https:\\\/\\\/i0.wp.com\\\/www.legalprofession.de\\\/wp-content\\\/uploads\\\/2014\\\/05\\\/Fotolia_43000451_M.jpg?fit=1691%2C1123&ssl=1\",\"contentUrl\":\"https:\\\/\\\/i0.wp.com\\\/www.legalprofession.de\\\/wp-content\\\/uploads\\\/2014\\\/05\\\/Fotolia_43000451_M.jpg?fit=1691%2C1123&ssl=1\",\"width\":1691,\"height\":1123,\"caption\":\"ReNo Rechtsanwalts- und Notarfachangestellte\"},{\"@type\":\"BreadcrumbList\",\"@id\":\"https:\\\/\\\/www.legalprofession.de\\\/index.php\\\/juristische-berufe-legal-profession\\\/assistenzberufe\\\/reno-rechtsanwalts-und-notarfachangestellte#breadcrumb\",\"itemListElement\":[{\"@type\":\"ListItem\",\"position\":1,\"name\":\"Startseite\",\"item\":\"https:\\\/\\\/www.legalprofession.de\\\/\"},{\"@type\":\"ListItem\",\"position\":2,\"name\":\"Juristische Berufe &#8211; Legal Profession\",\"item\":\"https:\\\/\\\/www.legalprofession.de\\\/index.php\\\/juristische-berufe-legal-profession\"},{\"@type\":\"ListItem\",\"position\":3,\"name\":\"Assistenzberufe\",\"item\":\"https:\\\/\\\/www.legalprofession.de\\\/index.php\\\/juristische-berufe-legal-profession\\\/assistenzberufe\"},{\"@type\":\"ListItem\",\"position\":4,\"name\":\"ReNo Rechtsanwalts- und Notarfachangestellte\"}]},{\"@type\":\"WebSite\",\"@id\":\"https:\\\/\\\/www.legalprofession.de\\\/#website\",\"url\":\"https:\\\/\\\/www.legalprofession.de\\\/\",\"name\":\"LegalProfession\u00ae\",\"description\":\"Recruiting Coaching Consulting AZAV\",\"publisher\":{\"@id\":\"https:\\\/\\\/www.legalprofession.de\\\/#organization\"},\"potentialAction\":[{\"@type\":\"SearchAction\",\"target\":{\"@type\":\"EntryPoint\",\"urlTemplate\":\"https:\\\/\\\/www.legalprofession.de\\\/?s={search_term_string}\"},\"query-input\":{\"@type\":\"PropertyValueSpecification\",\"valueRequired\":true,\"valueName\":\"search_term_string\"}}],\"inLanguage\":\"de\"},{\"@type\":\"Organization\",\"@id\":\"https:\\\/\\\/www.legalprofession.de\\\/#organization\",\"name\":\"LegalProfession\u00ae Recruitment Coaching Consulting\",\"url\":\"https:\\\/\\\/www.legalprofession.de\\\/\",\"logo\":{\"@type\":\"ImageObject\",\"inLanguage\":\"de\",\"@id\":\"https:\\\/\\\/www.legalprofession.de\\\/#\\\/schema\\\/logo\\\/image\\\/\",\"url\":\"https:\\\/\\\/i0.wp.com\\\/www.legalprofession.de\\\/wp-content\\\/uploads\\\/Logo-LP-1.jpg?fit=354%2C141&ssl=1\",\"contentUrl\":\"https:\\\/\\\/i0.wp.com\\\/www.legalprofession.de\\\/wp-content\\\/uploads\\\/Logo-LP-1.jpg?fit=354%2C141&ssl=1\",\"width\":354,\"height\":141,\"caption\":\"LegalProfession\u00ae Recruitment Coaching Consulting\"},\"image\":{\"@id\":\"https:\\\/\\\/www.legalprofession.de\\\/#\\\/schema\\\/logo\\\/image\\\/\"},\"sameAs\":[\"https:\\\/\\\/www.linkedin.com\\\/in\\\/marion-proft-legalprofession\\\/\",\"https:\\\/\\\/www.xing.com\\\/profile\\\/Marion_Proft\\\/portfolio\"]}]}<\/script>\n<!-- \/ Yoast SEO plugin. -->","yoast_head_json":{"title":"ReNo Rechtsanwalts- und Notarfachangestellte - LegalProfession\u00ae","description":"Die ReNo ist halb Rechtsanwalts- und halb Notarfachangestellte. Es gibt sie in den Bundesl\u00e4ndern, in denen es Anwaltsnotarie gibt.","robots":{"index":"index","follow":"follow","max-snippet":"max-snippet:-1","max-image-preview":"max-image-preview:large","max-video-preview":"max-video-preview:-1"},"canonical":"https:\/\/www.legalprofession.de\/index.php\/juristische-berufe-legal-profession\/assistenzberufe\/reno-rechtsanwalts-und-notarfachangestellte","og_locale":"de_DE","og_type":"article","og_title":"ReNo Rechtsanwalts- und Notarfachangestellte - LegalProfession\u00ae","og_description":"Die ReNo ist halb Rechtsanwalts- und halb Notarfachangestellte. Es gibt sie in den Bundesl\u00e4ndern, in denen es Anwaltsnotarie gibt.","og_url":"https:\/\/www.legalprofession.de\/index.php\/juristische-berufe-legal-profession\/assistenzberufe\/reno-rechtsanwalts-und-notarfachangestellte","og_site_name":"LegalProfession\u00ae","article_modified_time":"2020-08-11T19:10:14+00:00","og_image":[{"url":"https:\/\/www.legalprofession.de\/wp-content\/uploads\/2014\/05\/Fotolia_43000451_M-150x150.jpg","type":"","width":"","height":""}],"twitter_card":"summary_large_image","twitter_misc":{"Gesch\u00e4tzte Lesezeit":"2\u00a0Minuten"},"schema":{"@context":"https:\/\/schema.org","@graph":[{"@type":"WebPage","@id":"https:\/\/www.legalprofession.de\/index.php\/juristische-berufe-legal-profession\/assistenzberufe\/reno-rechtsanwalts-und-notarfachangestellte","url":"https:\/\/www.legalprofession.de\/index.php\/juristische-berufe-legal-profession\/assistenzberufe\/reno-rechtsanwalts-und-notarfachangestellte","name":"ReNo Rechtsanwalts- und Notarfachangestellte - LegalProfession\u00ae","isPartOf":{"@id":"https:\/\/www.legalprofession.de\/#website"},"primaryImageOfPage":{"@id":"https:\/\/www.legalprofession.de\/index.php\/juristische-berufe-legal-profession\/assistenzberufe\/reno-rechtsanwalts-und-notarfachangestellte#primaryimage"},"image":{"@id":"https:\/\/www.legalprofession.de\/index.php\/juristische-berufe-legal-profession\/assistenzberufe\/reno-rechtsanwalts-und-notarfachangestellte#primaryimage"},"thumbnailUrl":"https:\/\/www.legalprofession.de\/wp-content\/uploads\/2014\/05\/Fotolia_43000451_M-150x150.jpg","datePublished":"2020-07-27T11:01:02+00:00","dateModified":"2020-08-11T19:10:14+00:00","description":"Die ReNo ist halb Rechtsanwalts- und halb Notarfachangestellte. Es gibt sie in den Bundesl\u00e4ndern, in denen es Anwaltsnotarie gibt.","breadcrumb":{"@id":"https:\/\/www.legalprofession.de\/index.php\/juristische-berufe-legal-profession\/assistenzberufe\/reno-rechtsanwalts-und-notarfachangestellte#breadcrumb"},"inLanguage":"de","potentialAction":[{"@type":"ReadAction","target":["https:\/\/www.legalprofession.de\/index.php\/juristische-berufe-legal-profession\/assistenzberufe\/reno-rechtsanwalts-und-notarfachangestellte"]}]},{"@type":"ImageObject","inLanguage":"de","@id":"https:\/\/www.legalprofession.de\/index.php\/juristische-berufe-legal-profession\/assistenzberufe\/reno-rechtsanwalts-und-notarfachangestellte#primaryimage","url":"https:\/\/i0.wp.com\/www.legalprofession.de\/wp-content\/uploads\/2014\/05\/Fotolia_43000451_M.jpg?fit=1691%2C1123&ssl=1","contentUrl":"https:\/\/i0.wp.com\/www.legalprofession.de\/wp-content\/uploads\/2014\/05\/Fotolia_43000451_M.jpg?fit=1691%2C1123&ssl=1","width":1691,"height":1123,"caption":"ReNo Rechtsanwalts- und Notarfachangestellte"},{"@type":"BreadcrumbList","@id":"https:\/\/www.legalprofession.de\/index.php\/juristische-berufe-legal-profession\/assistenzberufe\/reno-rechtsanwalts-und-notarfachangestellte#breadcrumb","itemListElement":[{"@type":"ListItem","position":1,"name":"Startseite","item":"https:\/\/www.legalprofession.de\/"},{"@type":"ListItem","position":2,"name":"Juristische Berufe &#8211; Legal Profession","item":"https:\/\/www.legalprofession.de\/index.php\/juristische-berufe-legal-profession"},{"@type":"ListItem","position":3,"name":"Assistenzberufe","item":"https:\/\/www.legalprofession.de\/index.php\/juristische-berufe-legal-profession\/assistenzberufe"},{"@type":"ListItem","position":4,"name":"ReNo Rechtsanwalts- und Notarfachangestellte"}]},{"@type":"WebSite","@id":"https:\/\/www.legalprofession.de\/#website","url":"https:\/\/www.legalprofession.de\/","name":"LegalProfession\u00ae","description":"Recruiting Coaching Consulting AZAV","publisher":{"@id":"https:\/\/www.legalprofession.de\/#organization"},"potentialAction":[{"@type":"SearchAction","target":{"@type":"EntryPoint","urlTemplate":"https:\/\/www.legalprofession.de\/?s={search_term_string}"},"query-input":{"@type":"PropertyValueSpecification","valueRequired":true,"valueName":"search_term_string"}}],"inLanguage":"de"},{"@type":"Organization","@id":"https:\/\/www.legalprofession.de\/#organization","name":"LegalProfession\u00ae Recruitment Coaching Consulting","url":"https:\/\/www.legalprofession.de\/","logo":{"@type":"ImageObject","inLanguage":"de","@id":"https:\/\/www.legalprofession.de\/#\/schema\/logo\/image\/","url":"https:\/\/i0.wp.com\/www.legalprofession.de\/wp-content\/uploads\/Logo-LP-1.jpg?fit=354%2C141&ssl=1","contentUrl":"https:\/\/i0.wp.com\/www.legalprofession.de\/wp-content\/uploads\/Logo-LP-1.jpg?fit=354%2C141&ssl=1","width":354,"height":141,"caption":"LegalProfession\u00ae Recruitment Coaching Consulting"},"image":{"@id":"https:\/\/www.legalprofession.de\/#\/schema\/logo\/image\/"},"sameAs":["https:\/\/www.linkedin.com\/in\/marion-proft-legalprofession\/","https:\/\/www.xing.com\/profile\/Marion_Proft\/portfolio"]}]}},"jetpack_shortlink":"https:\/\/wp.me\/P8oDIe-sx","jetpack_sharing_enabled":true,"_links":{"self":[{"href":"https:\/\/www.legalprofession.de\/index.php\/wp-json\/wp\/v2\/pages\/1769","targetHints":{"allow":["GET"]}}],"collection":[{"href":"https:\/\/www.legalprofession.de\/index.php\/wp-json\/wp\/v2\/pages"}],"about":[{"href":"https:\/\/www.legalprofession.de\/index.php\/wp-json\/wp\/v2\/types\/page"}],"author":[{"embeddable":true,"href":"https:\/\/www.legalprofession.de\/index.php\/wp-json\/wp\/v2\/users\/2"}],"replies":[{"embeddable":true,"href":"https:\/\/www.legalprofession.de\/index.php\/wp-json\/wp\/v2\/comments?post=1769"}],"version-history":[{"count":0,"href":"https:\/\/www.legalprofession.de\/index.php\/wp-json\/wp\/v2\/pages\/1769\/revisions"}],"up":[{"embeddable":true,"href":"https:\/\/www.legalprofession.de\/index.php\/wp-json\/wp\/v2\/pages\/1697"}],"wp:attachment":[{"href":"https:\/\/www.legalprofession.de\/index.php\/wp-json\/wp\/v2\/media?parent=1769"}],"curies":[{"name":"wp","href":"https:\/\/api.w.org\/{rel}","templated":true}]}}