{"id":1771,"date":"2020-07-28T15:01:58","date_gmt":"2020-07-28T13:01:58","guid":{"rendered":"http:\/\/www.legalprofession.de\/?page_id=1771"},"modified":"2020-07-28T16:08:11","modified_gmt":"2020-07-28T14:08:11","slug":"patentanwaltsfachangestellte","status":"publish","type":"page","link":"https:\/\/www.legalprofession.de\/index.php\/juristische-berufe-legal-profession\/assistenzberufe\/patentanwaltsfachangestellte","title":{"rendered":"Patentanwaltsfachangestellte"},"content":{"rendered":"<p>Die Patentanwaltsfachangestellte ist die Assistentin des Patentanwalts und das &#8222;Pat&#8220; der <a href=\"https:\/\/www.brak.de\/w\/files\/02_fuer_anwaelte\/reno\/renopat-ausbvo.pdf\">Berufsausbildung der ReNoPat<\/a>. Die Patentanwaltsfachangestellte k\u00fcmmert sich um Patentanmeldungen, Markenrecht, Geschmacks- und Gebrauchsmuster. Sie organisiert die Patentanwaltskanzlei.<\/p>\n<p><img data-recalc-dims=\"1\" fetchpriority=\"high\" decoding=\"async\" data-attachment-id=\"5426\" data-permalink=\"https:\/\/www.legalprofession.de\/?attachment_id=5426\" data-orig-file=\"https:\/\/i0.wp.com\/www.legalprofession.de\/wp-content\/uploads\/job-manager-uploads\/company_logo\/Fotolia_53709741_S.jpg?fit=922%2C520&amp;ssl=1\" data-orig-size=\"922,520\" data-comments-opened=\"0\" data-image-meta=\"{&quot;aperture&quot;:&quot;0&quot;,&quot;credit&quot;:&quot;olly - Fotolia&quot;,&quot;camera&quot;:&quot;&quot;,&quot;caption&quot;:&quot;&quot;,&quot;created_timestamp&quot;:&quot;1372371234&quot;,&quot;copyright&quot;:&quot;olly - Fotolia&quot;,&quot;focal_length&quot;:&quot;0&quot;,&quot;iso&quot;:&quot;0&quot;,&quot;shutter_speed&quot;:&quot;0&quot;,&quot;title&quot;:&quot;solution&quot;,&quot;orientation&quot;:&quot;1&quot;}\" data-image-title=\"Patentanwaltsfachangestellte m\/w\" data-image-description=\"&lt;p&gt;Ausbildungsplatz Patentanwaltsfachangestellte&lt;\/p&gt;\n\" data-image-caption=\"\" data-large-file=\"https:\/\/i0.wp.com\/www.legalprofession.de\/wp-content\/uploads\/job-manager-uploads\/company_logo\/Fotolia_53709741_S.jpg?fit=770%2C434&amp;ssl=1\" class=\"alignnone wp-image-5426\" src=\"https:\/\/i0.wp.com\/www.legalprofession.de\/wp-content\/uploads\/job-manager-uploads\/company_logo\/Fotolia_53709741_S.jpg?resize=400%2C226&#038;ssl=1\" alt=\"Patentanwaltsfachangestellte\" width=\"400\" height=\"226\" srcset=\"https:\/\/i0.wp.com\/www.legalprofession.de\/wp-content\/uploads\/job-manager-uploads\/company_logo\/Fotolia_53709741_S.jpg?resize=300%2C169&amp;ssl=1 300w, https:\/\/i0.wp.com\/www.legalprofession.de\/wp-content\/uploads\/job-manager-uploads\/company_logo\/Fotolia_53709741_S.jpg?resize=600%2C338&amp;ssl=1 600w, https:\/\/i0.wp.com\/www.legalprofession.de\/wp-content\/uploads\/job-manager-uploads\/company_logo\/Fotolia_53709741_S.jpg?w=922&amp;ssl=1 922w\" sizes=\"(max-width: 400px) 100vw, 400px\" \/><\/p>\n<h6><span style=\"color: #dd2150;\">Falls Sie ahnen, dass es Marken nicht nur bei der Post gibt, freuen wir uns \u00fcber Ihre <a href=\"https:\/\/www.legalprofession.de\/index.php\/job\/1303-01-patentanwaltsfachangestellte-initiativ\">Initiativbewerbung.<\/a><\/span><\/h6>\n<h5 style=\"text-align: justify;\"><strong><span style=\"color: #dd2150;\">Patente, Marken, Geschmacks- und Gebrauchsmuster<\/span><\/strong><\/h5>\n<p style=\"text-align: justify;\">Die Sch\u00fctzer der Innovationen sorgen im technischen und gewerblichen Bereich nicht nur f\u00fcr die Anmeldung von Patenten, Erfindungen, besonderem Design, Markenrechten, gez\u00fcchteten Pflanzenarten und geistigem Eigentum, sondern setzen diese eingetragenen Schutz- und Markenrechte auch durch. Zu den Mandanten z\u00e4hlen, neben Einzelpersonen, immer h\u00e4ufiger Firmen. Geht es im gewerblichen Rechtsschutz um Markenschutzrechte, landen auch schon mal ein echter Goldb\u00e4r und ein golden verpackter Schokoladenteddy vor Gericht. Dies hat aber nichts mit Geschmacksmuster zu tun, viel mehr mit dem Recht an der Wort-Bildmarke und den Namensrechten, was in diesem Fall nicht nur Kinder froh macht, sondern auch den Hersteller.<\/p>\n<h5 style=\"text-align: justify;\"><strong><span style=\"color: #dd2150;\">Fristen, Prozesse und Geb\u00fchren<\/span><\/strong><\/h5>\n<p style=\"text-align: justify;\">Wer eine anwaltliche Funktion als Organ der Rechtspflege aus\u00fcbt, Klagen bei Gericht einreicht und Prozesse f\u00fchrt, ist in besonderer Weise an die Einhaltung von Normen, Formalien und Fristen gebunden, zur l\u00fcckenlosen Dokumentation und Verschwiegenheit verpflichtet und zur Geb\u00fchrenerhebung berechtigt. All diese Aufgaben, Abl\u00e4ufe und Prozeduren m\u00fcssen vorbereitet, organisiert, durchgef\u00fchrt und nachbereitet werden. Gutachten und Vertr\u00e4ge m\u00fcssen geschrieben und immer h\u00e4ufiger \u00fcbersetzt werden. Vor allem aber m\u00fcssen die Fristen mit Gerichten, \u00c4mtern und Mandanten notiert und peinlichst genau eingehalten werden. An dieser Stelle verl\u00e4sst sich der freie Patentanwalt in seiner Kanzlei wie auch der angestellte Patent- oder Markenrechtler im Unternehmen auf die fachkundige Unterst\u00fctzung seiner Patentanwaltsfachangestellten. Leider verl\u00e4sst er sich seit Jahren auch darauf, dass es ausreichend Nachwuchs in diesem seltenen Ausbildungsberuf gibt.<\/p>\n<h5 style=\"text-align: justify;\"><strong><span style=\"color: #dd2150;\">Zwischen Marken, Design und Erfindertum<\/span><\/strong><\/h5>\n<p>Doch die sonst so markenbewussten Jugendlichen dr\u00e4ngen leider nicht in den Ausbildungsberuf. Dabei sind die Einstiegsgeh\u00e4lter gerade im teuren M\u00fcnchen durchaus attraktiv und die Arbeit mit den innovativen Produkten mitunter sehr spannend, zudem kann man an der Seite eines Patentrechtlers, im Gegensatz zum Rechtsanwalt, sehr selbstst\u00e4ndig arbeiten. Allerdings sollte man sehr genau, sorgf\u00e4ltig, zuverl\u00e4ssig und vor allem \u00e4u\u00dferst verschwiegen sein. Wahrscheinlich ist dieser Beruf deshalb so unbekannt und ein Geheimtipp f\u00fcr alle, die ein sicheres und internationales Berufsfeld zwischen Tradition und Innovation suchen.Wenn Sie wissen dass man als Patentanwalts-FA Geschmack auch sehen kann, dann schauen Sie in den Stellenmarkt.<\/p>\n<p style=\"text-align: justify;\">\n","protected":false},"excerpt":{"rendered":"<p>Die Patentanwaltsfachangestellte ist die Assistentin des Patentanwalts und das &#8222;Pat&#8220; der Berufsausbildung der ReNoPat. Die Patentanwaltsfachangestellte k\u00fcmmert sich um Patentanmeldungen, Markenrecht, Geschmacks- und Gebrauchsmuster. Sie organisiert die Patentanwaltskanzlei. Falls Sie ahnen, dass es Marken nicht nur bei der Post gibt, freuen wir uns \u00fcber Ihre Initiativbewerbung. Patente, Marken, Geschmacks- und Gebrauchsmuster Die Sch\u00fctzer der Innovationen&hellip; <a href=\"https:\/\/www.legalprofession.de\/index.php\/juristische-berufe-legal-profession\/assistenzberufe\/patentanwaltsfachangestellte\">Continue reading&#8230;<\/a><\/p>\n","protected":false},"author":2,"featured_media":0,"parent":1697,"menu_order":3,"comment_status":"closed","ping_status":"open","template":"templates\/page-full-width-widgets.php","meta":{"jetpack_post_was_ever_published":false,"footnotes":""},"class_list":["post-1771","page","type-page","status-publish","hentry"],"yoast_head":"<!-- This site is optimized with the Yoast SEO plugin v27.3 - https:\/\/yoast.com\/product\/yoast-seo-wordpress\/ -->\n<title>Patentanwaltsfachangestellte - LegalProfession\u00ae<\/title>\n<meta name=\"description\" content=\"Die Patentanwaltsfachangestellte k\u00fcmmert sich um Patentanmeldungen, Markenrecht, Geschmacks- und Gebrauchsmuster. Sie organisiert die Patentanwaltskanzlei.\" \/>\n<meta name=\"robots\" content=\"index, follow, max-snippet:-1, max-image-preview:large, max-video-preview:-1\" \/>\n<link rel=\"canonical\" href=\"https:\/\/www.legalprofession.de\/index.php\/juristische-berufe-legal-profession\/assistenzberufe\/patentanwaltsfachangestellte\" \/>\n<meta property=\"og:locale\" content=\"de_DE\" \/>\n<meta property=\"og:type\" content=\"article\" \/>\n<meta property=\"og:title\" content=\"Patentanwaltsfachangestellte - LegalProfession\u00ae\" \/>\n<meta property=\"og:description\" content=\"Die Patentanwaltsfachangestellte k\u00fcmmert sich um Patentanmeldungen, Markenrecht, Geschmacks- und Gebrauchsmuster. Sie organisiert die Patentanwaltskanzlei.\" \/>\n<meta property=\"og:url\" content=\"https:\/\/www.legalprofession.de\/index.php\/juristische-berufe-legal-profession\/assistenzberufe\/patentanwaltsfachangestellte\" \/>\n<meta property=\"og:site_name\" content=\"LegalProfession\u00ae\" \/>\n<meta property=\"article:modified_time\" content=\"2020-07-28T14:08:11+00:00\" \/>\n<meta property=\"og:image\" content=\"https:\/\/www.legalprofession.de\/wp-content\/uploads\/job-manager-uploads\/company_logo\/Fotolia_53709741_S-300x169.jpg\" \/>\n<meta name=\"twitter:card\" content=\"summary_large_image\" \/>\n<meta name=\"twitter:label1\" content=\"Gesch\u00e4tzte Lesezeit\" \/>\n\t<meta name=\"twitter:data1\" content=\"2\u00a0Minuten\" \/>\n<script type=\"application\/ld+json\" class=\"yoast-schema-graph\">{\"@context\":\"https:\\\/\\\/schema.org\",\"@graph\":[{\"@type\":\"WebPage\",\"@id\":\"https:\\\/\\\/www.legalprofession.de\\\/index.php\\\/juristische-berufe-legal-profession\\\/assistenzberufe\\\/patentanwaltsfachangestellte\",\"url\":\"https:\\\/\\\/www.legalprofession.de\\\/index.php\\\/juristische-berufe-legal-profession\\\/assistenzberufe\\\/patentanwaltsfachangestellte\",\"name\":\"Patentanwaltsfachangestellte - LegalProfession\u00ae\",\"isPartOf\":{\"@id\":\"https:\\\/\\\/www.legalprofession.de\\\/#website\"},\"primaryImageOfPage\":{\"@id\":\"https:\\\/\\\/www.legalprofession.de\\\/index.php\\\/juristische-berufe-legal-profession\\\/assistenzberufe\\\/patentanwaltsfachangestellte#primaryimage\"},\"image\":{\"@id\":\"https:\\\/\\\/www.legalprofession.de\\\/index.php\\\/juristische-berufe-legal-profession\\\/assistenzberufe\\\/patentanwaltsfachangestellte#primaryimage\"},\"thumbnailUrl\":\"https:\\\/\\\/www.legalprofession.de\\\/wp-content\\\/uploads\\\/job-manager-uploads\\\/company_logo\\\/Fotolia_53709741_S-300x169.jpg\",\"datePublished\":\"2020-07-28T13:01:58+00:00\",\"dateModified\":\"2020-07-28T14:08:11+00:00\",\"description\":\"Die Patentanwaltsfachangestellte k\u00fcmmert sich um Patentanmeldungen, Markenrecht, Geschmacks- und Gebrauchsmuster. Sie organisiert die Patentanwaltskanzlei.\",\"breadcrumb\":{\"@id\":\"https:\\\/\\\/www.legalprofession.de\\\/index.php\\\/juristische-berufe-legal-profession\\\/assistenzberufe\\\/patentanwaltsfachangestellte#breadcrumb\"},\"inLanguage\":\"de\",\"potentialAction\":[{\"@type\":\"ReadAction\",\"target\":[\"https:\\\/\\\/www.legalprofession.de\\\/index.php\\\/juristische-berufe-legal-profession\\\/assistenzberufe\\\/patentanwaltsfachangestellte\"]}]},{\"@type\":\"ImageObject\",\"inLanguage\":\"de\",\"@id\":\"https:\\\/\\\/www.legalprofession.de\\\/index.php\\\/juristische-berufe-legal-profession\\\/assistenzberufe\\\/patentanwaltsfachangestellte#primaryimage\",\"url\":\"https:\\\/\\\/i0.wp.com\\\/www.legalprofession.de\\\/wp-content\\\/uploads\\\/job-manager-uploads\\\/company_logo\\\/Fotolia_53709741_S.jpg?fit=922%2C520&ssl=1\",\"contentUrl\":\"https:\\\/\\\/i0.wp.com\\\/www.legalprofession.de\\\/wp-content\\\/uploads\\\/job-manager-uploads\\\/company_logo\\\/Fotolia_53709741_S.jpg?fit=922%2C520&ssl=1\",\"width\":922,\"height\":520,\"caption\":\"PatFa\"},{\"@type\":\"BreadcrumbList\",\"@id\":\"https:\\\/\\\/www.legalprofession.de\\\/index.php\\\/juristische-berufe-legal-profession\\\/assistenzberufe\\\/patentanwaltsfachangestellte#breadcrumb\",\"itemListElement\":[{\"@type\":\"ListItem\",\"position\":1,\"name\":\"Startseite\",\"item\":\"https:\\\/\\\/www.legalprofession.de\\\/\"},{\"@type\":\"ListItem\",\"position\":2,\"name\":\"Juristische Berufe &#8211; Legal Profession\",\"item\":\"https:\\\/\\\/www.legalprofession.de\\\/index.php\\\/juristische-berufe-legal-profession\"},{\"@type\":\"ListItem\",\"position\":3,\"name\":\"Assistenzberufe\",\"item\":\"https:\\\/\\\/www.legalprofession.de\\\/index.php\\\/juristische-berufe-legal-profession\\\/assistenzberufe\"},{\"@type\":\"ListItem\",\"position\":4,\"name\":\"Patentanwaltsfachangestellte\"}]},{\"@type\":\"WebSite\",\"@id\":\"https:\\\/\\\/www.legalprofession.de\\\/#website\",\"url\":\"https:\\\/\\\/www.legalprofession.de\\\/\",\"name\":\"LegalProfession\u00ae\",\"description\":\"Recruiting Coaching Consulting AZAV\",\"publisher\":{\"@id\":\"https:\\\/\\\/www.legalprofession.de\\\/#organization\"},\"potentialAction\":[{\"@type\":\"SearchAction\",\"target\":{\"@type\":\"EntryPoint\",\"urlTemplate\":\"https:\\\/\\\/www.legalprofession.de\\\/?s={search_term_string}\"},\"query-input\":{\"@type\":\"PropertyValueSpecification\",\"valueRequired\":true,\"valueName\":\"search_term_string\"}}],\"inLanguage\":\"de\"},{\"@type\":\"Organization\",\"@id\":\"https:\\\/\\\/www.legalprofession.de\\\/#organization\",\"name\":\"LegalProfession\u00ae Recruitment Coaching Consulting\",\"url\":\"https:\\\/\\\/www.legalprofession.de\\\/\",\"logo\":{\"@type\":\"ImageObject\",\"inLanguage\":\"de\",\"@id\":\"https:\\\/\\\/www.legalprofession.de\\\/#\\\/schema\\\/logo\\\/image\\\/\",\"url\":\"https:\\\/\\\/i0.wp.com\\\/www.legalprofession.de\\\/wp-content\\\/uploads\\\/Logo-LP-1.jpg?fit=354%2C141&ssl=1\",\"contentUrl\":\"https:\\\/\\\/i0.wp.com\\\/www.legalprofession.de\\\/wp-content\\\/uploads\\\/Logo-LP-1.jpg?fit=354%2C141&ssl=1\",\"width\":354,\"height\":141,\"caption\":\"LegalProfession\u00ae Recruitment Coaching Consulting\"},\"image\":{\"@id\":\"https:\\\/\\\/www.legalprofession.de\\\/#\\\/schema\\\/logo\\\/image\\\/\"},\"sameAs\":[\"https:\\\/\\\/www.linkedin.com\\\/in\\\/marion-proft-legalprofession\\\/\",\"https:\\\/\\\/www.xing.com\\\/profile\\\/Marion_Proft\\\/portfolio\"]}]}<\/script>\n<!-- \/ Yoast SEO plugin. -->","yoast_head_json":{"title":"Patentanwaltsfachangestellte - LegalProfession\u00ae","description":"Die Patentanwaltsfachangestellte k\u00fcmmert sich um Patentanmeldungen, Markenrecht, Geschmacks- und Gebrauchsmuster. Sie organisiert die Patentanwaltskanzlei.","robots":{"index":"index","follow":"follow","max-snippet":"max-snippet:-1","max-image-preview":"max-image-preview:large","max-video-preview":"max-video-preview:-1"},"canonical":"https:\/\/www.legalprofession.de\/index.php\/juristische-berufe-legal-profession\/assistenzberufe\/patentanwaltsfachangestellte","og_locale":"de_DE","og_type":"article","og_title":"Patentanwaltsfachangestellte - LegalProfession\u00ae","og_description":"Die Patentanwaltsfachangestellte k\u00fcmmert sich um Patentanmeldungen, Markenrecht, Geschmacks- und Gebrauchsmuster. Sie organisiert die Patentanwaltskanzlei.","og_url":"https:\/\/www.legalprofession.de\/index.php\/juristische-berufe-legal-profession\/assistenzberufe\/patentanwaltsfachangestellte","og_site_name":"LegalProfession\u00ae","article_modified_time":"2020-07-28T14:08:11+00:00","og_image":[{"url":"https:\/\/www.legalprofession.de\/wp-content\/uploads\/job-manager-uploads\/company_logo\/Fotolia_53709741_S-300x169.jpg","type":"","width":"","height":""}],"twitter_card":"summary_large_image","twitter_misc":{"Gesch\u00e4tzte Lesezeit":"2\u00a0Minuten"},"schema":{"@context":"https:\/\/schema.org","@graph":[{"@type":"WebPage","@id":"https:\/\/www.legalprofession.de\/index.php\/juristische-berufe-legal-profession\/assistenzberufe\/patentanwaltsfachangestellte","url":"https:\/\/www.legalprofession.de\/index.php\/juristische-berufe-legal-profession\/assistenzberufe\/patentanwaltsfachangestellte","name":"Patentanwaltsfachangestellte - LegalProfession\u00ae","isPartOf":{"@id":"https:\/\/www.legalprofession.de\/#website"},"primaryImageOfPage":{"@id":"https:\/\/www.legalprofession.de\/index.php\/juristische-berufe-legal-profession\/assistenzberufe\/patentanwaltsfachangestellte#primaryimage"},"image":{"@id":"https:\/\/www.legalprofession.de\/index.php\/juristische-berufe-legal-profession\/assistenzberufe\/patentanwaltsfachangestellte#primaryimage"},"thumbnailUrl":"https:\/\/www.legalprofession.de\/wp-content\/uploads\/job-manager-uploads\/company_logo\/Fotolia_53709741_S-300x169.jpg","datePublished":"2020-07-28T13:01:58+00:00","dateModified":"2020-07-28T14:08:11+00:00","description":"Die Patentanwaltsfachangestellte k\u00fcmmert sich um Patentanmeldungen, Markenrecht, Geschmacks- und Gebrauchsmuster. Sie organisiert die Patentanwaltskanzlei.","breadcrumb":{"@id":"https:\/\/www.legalprofession.de\/index.php\/juristische-berufe-legal-profession\/assistenzberufe\/patentanwaltsfachangestellte#breadcrumb"},"inLanguage":"de","potentialAction":[{"@type":"ReadAction","target":["https:\/\/www.legalprofession.de\/index.php\/juristische-berufe-legal-profession\/assistenzberufe\/patentanwaltsfachangestellte"]}]},{"@type":"ImageObject","inLanguage":"de","@id":"https:\/\/www.legalprofession.de\/index.php\/juristische-berufe-legal-profession\/assistenzberufe\/patentanwaltsfachangestellte#primaryimage","url":"https:\/\/i0.wp.com\/www.legalprofession.de\/wp-content\/uploads\/job-manager-uploads\/company_logo\/Fotolia_53709741_S.jpg?fit=922%2C520&ssl=1","contentUrl":"https:\/\/i0.wp.com\/www.legalprofession.de\/wp-content\/uploads\/job-manager-uploads\/company_logo\/Fotolia_53709741_S.jpg?fit=922%2C520&ssl=1","width":922,"height":520,"caption":"PatFa"},{"@type":"BreadcrumbList","@id":"https:\/\/www.legalprofession.de\/index.php\/juristische-berufe-legal-profession\/assistenzberufe\/patentanwaltsfachangestellte#breadcrumb","itemListElement":[{"@type":"ListItem","position":1,"name":"Startseite","item":"https:\/\/www.legalprofession.de\/"},{"@type":"ListItem","position":2,"name":"Juristische Berufe &#8211; Legal Profession","item":"https:\/\/www.legalprofession.de\/index.php\/juristische-berufe-legal-profession"},{"@type":"ListItem","position":3,"name":"Assistenzberufe","item":"https:\/\/www.legalprofession.de\/index.php\/juristische-berufe-legal-profession\/assistenzberufe"},{"@type":"ListItem","position":4,"name":"Patentanwaltsfachangestellte"}]},{"@type":"WebSite","@id":"https:\/\/www.legalprofession.de\/#website","url":"https:\/\/www.legalprofession.de\/","name":"LegalProfession\u00ae","description":"Recruiting Coaching Consulting AZAV","publisher":{"@id":"https:\/\/www.legalprofession.de\/#organization"},"potentialAction":[{"@type":"SearchAction","target":{"@type":"EntryPoint","urlTemplate":"https:\/\/www.legalprofession.de\/?s={search_term_string}"},"query-input":{"@type":"PropertyValueSpecification","valueRequired":true,"valueName":"search_term_string"}}],"inLanguage":"de"},{"@type":"Organization","@id":"https:\/\/www.legalprofession.de\/#organization","name":"LegalProfession\u00ae Recruitment Coaching Consulting","url":"https:\/\/www.legalprofession.de\/","logo":{"@type":"ImageObject","inLanguage":"de","@id":"https:\/\/www.legalprofession.de\/#\/schema\/logo\/image\/","url":"https:\/\/i0.wp.com\/www.legalprofession.de\/wp-content\/uploads\/Logo-LP-1.jpg?fit=354%2C141&ssl=1","contentUrl":"https:\/\/i0.wp.com\/www.legalprofession.de\/wp-content\/uploads\/Logo-LP-1.jpg?fit=354%2C141&ssl=1","width":354,"height":141,"caption":"LegalProfession\u00ae Recruitment Coaching Consulting"},"image":{"@id":"https:\/\/www.legalprofession.de\/#\/schema\/logo\/image\/"},"sameAs":["https:\/\/www.linkedin.com\/in\/marion-proft-legalprofession\/","https:\/\/www.xing.com\/profile\/Marion_Proft\/portfolio"]}]}},"jetpack_shortlink":"https:\/\/wp.me\/P8oDIe-sz","jetpack_sharing_enabled":true,"_links":{"self":[{"href":"https:\/\/www.legalprofession.de\/index.php\/wp-json\/wp\/v2\/pages\/1771","targetHints":{"allow":["GET"]}}],"collection":[{"href":"https:\/\/www.legalprofession.de\/index.php\/wp-json\/wp\/v2\/pages"}],"about":[{"href":"https:\/\/www.legalprofession.de\/index.php\/wp-json\/wp\/v2\/types\/page"}],"author":[{"embeddable":true,"href":"https:\/\/www.legalprofession.de\/index.php\/wp-json\/wp\/v2\/users\/2"}],"replies":[{"embeddable":true,"href":"https:\/\/www.legalprofession.de\/index.php\/wp-json\/wp\/v2\/comments?post=1771"}],"version-history":[{"count":0,"href":"https:\/\/www.legalprofession.de\/index.php\/wp-json\/wp\/v2\/pages\/1771\/revisions"}],"up":[{"embeddable":true,"href":"https:\/\/www.legalprofession.de\/index.php\/wp-json\/wp\/v2\/pages\/1697"}],"wp:attachment":[{"href":"https:\/\/www.legalprofession.de\/index.php\/wp-json\/wp\/v2\/media?parent=1771"}],"curies":[{"name":"wp","href":"https:\/\/api.w.org\/{rel}","templated":true}]}}