{"id":1774,"date":"2020-07-15T14:04:09","date_gmt":"2020-07-15T12:04:09","guid":{"rendered":"http:\/\/www.legalprofession.de\/?page_id=1774"},"modified":"2024-01-14T17:36:33","modified_gmt":"2024-01-14T16:36:33","slug":"rechtsfachwirt-und-notarfachwirt","status":"publish","type":"page","link":"https:\/\/www.legalprofession.de\/index.php\/juristische-berufe-legal-profession\/assistenzberufe\/rechtsfachwirt-und-notarfachwirt","title":{"rendered":"Rechtsfachwirt und Notarfachwirt"},"content":{"rendered":"<p style=\"color: #333366; text-align: justify;\">Der &#8222;Gepr\u00fcfte Rechtsfachwirt&#8220; und der &#8222;Gepr\u00fcfte Notarfachwirt&#8220; sind in Deutschland anerkannte Fortbildungen f\u00fcr Rechtsanwaltsfachangestellte, Notarfachangestellte und Patentanwaltsfachangestellte.<\/p>\n<h5><span style=\"color: #ff0000;\">Fortbildung zum Fachwirt im Fernstudium\u00a0<\/span><\/h5>\n<p style=\"color: #333366; text-align: justify;\">&#8222;Fachwirte&#8220; haben in Deutschland eine lange Tradition und sind bislang in verschiedenen Branchen \u00fcblich. Au\u00dferhalb dieser Branchen, und vor allem im Ausland, sind sie allerdings kaum bekannt. Um eine internationale Vergleichbarkeit zu erlangen wird der &#8222;Fachwirt&#8220; nach dem <a href=\"https:\/\/www.stuttgart.ihk24.de\/standortpolitik\/bildungspolitik\/berufliche-bildung\/deutscher-und-europaeischer-qualifikationsrahmen-663432\">Deutschen Qualifikationsrahmen <\/a>mit dem Niveau 6 eingestuft. Er ist somit gleichrangig mit einem Meistertitel, mit dem Abschluss als Fachkaufmann und einem Bachelor Professional. Insbesondere die Gleichsetzung mit dem Bachelor ist nachzuvollziehen, absolvieren Sie doch ein Studium, bevor Sie zur Pr\u00fcfung als Rechtsfachwirt oder Notarfachwirt vor die zust\u00e4ndige Kammer treten. Zur finanziellen Unterst\u00fctzung k\u00f6nnen Sie das Meister-Baf\u00f6g beantragen. Da diese Weiterbildung meist berufsbegleitend abgeleistet wird, kommen Sie dabei ganz sch\u00f6n ins Schwitzen.<\/p>\n<p style=\"color: #333366; text-align: justify;\"><img data-recalc-dims=\"1\" fetchpriority=\"high\" decoding=\"async\" data-attachment-id=\"1864\" data-permalink=\"https:\/\/www.legalprofession.de\/index.php\/juristische-berufe-legal-profession\/assistenzberufe\/rechtsfachwirt-und-notarfachwirt\/study-stress\" data-orig-file=\"https:\/\/i0.wp.com\/www.legalprofession.de\/wp-content\/uploads\/2014\/04\/Fotolia_44909900_XS-e1397430414202.jpg?fit=400%2C286&amp;ssl=1\" data-orig-size=\"400,286\" data-comments-opened=\"0\" data-image-meta=\"{&quot;aperture&quot;:&quot;0&quot;,&quot;credit&quot;:&quot;olly - Fotolia&quot;,&quot;camera&quot;:&quot;&quot;,&quot;caption&quot;:&quot;&quot;,&quot;created_timestamp&quot;:&quot;1347626626&quot;,&quot;copyright&quot;:&quot;olly - Fotolia&quot;,&quot;focal_length&quot;:&quot;0&quot;,&quot;iso&quot;:&quot;0&quot;,&quot;shutter_speed&quot;:&quot;0&quot;,&quot;title&quot;:&quot;Study Stress&quot;}\" data-image-title=\"Fachwirte\" data-image-description=\"&lt;p&gt;Rechtsanwaltsfachangestellte Bachelor&lt;\/p&gt;\n\" data-image-caption=\"\" data-large-file=\"https:\/\/i0.wp.com\/www.legalprofession.de\/wp-content\/uploads\/2014\/04\/Fotolia_44909900_XS-e1397430414202.jpg?fit=400%2C286&amp;ssl=1\" class=\"alignnone wp-image-1864 size-full\" src=\"https:\/\/i0.wp.com\/www.legalprofession.de\/wp-content\/uploads\/2014\/04\/Fotolia_44909900_XS-e1397430414202.jpg?resize=400%2C286&#038;ssl=1\" alt=\"gepr\u00fcfter Rechtsfachwirt gepr\u00fcfter Noatarfachwirt\" width=\"400\" height=\"286\" \/><\/p>\n<h6><span style=\"color: #ff0000;\">Wenn Sie nach einem Bachelor Professional Recht oder Notariat streben, dann freuen wir uns auf Ihre <a href=\"https:\/\/www.legalprofession.de\/index.php\/job\/1302-003-gepruefter-notarfachwirt\">Initiativbewerbung.<\/a><\/span><\/h6>\n<p>&nbsp;<\/p>\n<h5><span style=\"color: #ff0000;\">Berufserfahrung ist Voraussetzung\u00a0<\/span><\/h5>\n<p>Zulassungsvoraussetzung ist der erfolgreiche Abschluss als Fachangestellte und mindestens zwei Jahre Berufserfahrung in einer Rechtsanwaltskanzlei, einem Patentb\u00fcro oder einem Notariat. Das Fernstudium ist kein Muss, wer sich ohne Theorie zur Pr\u00fcfung traut, kann auch dies wagen. Wer l\u00e4nger als sechs Jahre in dem Berufsfeld t\u00e4tig war, kann sich sogar ohne Ausbildungsabschluss der Pr\u00fcfung stellen. Ob man sich die Belastung einer ca. zweij\u00e4hrigen Weiterbildung neben dem Job wirklich antut, muss man selbst entscheiden. Aber, dass Sie als gestandene ReFa oder NoFa auf Ihre berufliche Qualifizierung verzichten, weil Sie im B\u00fcro stets an der Belastungsgrenze arbeiten oder \u00dcberstunden leisten m\u00fcssen, ist nicht zu akzeptieren.<\/p>\n<h5><span style=\"color: #ff0000;\">Berufsbildungsgesetz f\u00f6rdert Qualifizierung<\/span><\/h5>\n<p>Das Bundesministerium f\u00fcr Bildung und Forschung hat im Auftrag der Bundesregierung mit der Novellierung <span style=\"color: #000000;\">des <a href=\"https:\/\/www.bmbf.de\/de\/die-novellierung-des-berufsbildungsgesetzes-bbig-10024.html\">Berufsbildungsgesetzes BBiG<\/a> zum 01.02.2020 die Weichen f\u00fcr die F\u00f6rderung der berufliche Bildung gestellt. &#8222;<\/span>Zentrales Element der BBiG-Novelle ist die Einf\u00fchrung transparenter Fortbildungsstufen f\u00fcr die h\u00f6herqualifizierende Berufsbildung. Abschl\u00fcsse k\u00f6nnen k\u00fcnftig die Bezeichnungen \u201eGepr\u00fcfte\/r Berufsspezialist\/in\u201c, \u201eBachelor Professional\u201c oder \u201eMaster Professional\u201c tragen. Die Gleichwertigkeit von beruflicher Fortbildung und Studium wird dadurch besser sichtbar gemacht.&#8220; Seit dem 1. Januar 2019 gilt zudem das <a href=\"https:\/\/www.bmas.de\/DE\/Schwerpunkte\/Nationale-Weiterbildungsstrategie\/qualifizierungsoffensive.html\">Gesetz zur St\u00e4rkung der Chancen f\u00fcr Qualifizierung<\/a> und regelt den erweiterten Zugang zur Weiterbildungsf\u00f6rderung auch f\u00fcr besch\u00e4ftigte Arbeitnehmer. In Abh\u00e4ngigkeit der Unternehmensgr\u00f6\u00dfe erhalten Unternehmen und Unternehmer stattliche Zusch\u00fcsse zur Qualifizierung ihrer Mitarbeiter.<\/p>\n<h5 style=\"color: #333366; text-align: justify;\"><span style=\"color: #ff0000;\">gepr\u00fcfter Rechtsfachwirt &#8211; Bachelor Professional<\/span><\/h5>\n<p>Die fr\u00fcher \u00fcbliche Bezeichnung &#8222;B\u00fcrovorsteher&#8220; ist im Kanzleiumfeld immer weiniger zu finden und ein &#8222;B\u00fcroleiter&#8220; muss nicht zwangsl\u00e4ufig einen Abschluss als gepr\u00fcfter Rechtsfachwirt haben. Nach den international vergleichbaren Abschl\u00fcssen der h\u00f6her qualifizierenden Berufsbildung sind die Fachwirte nun &#8222;Bachelor Professionals&#8220;. Ob diese etwas gestelzt daher kommende Bezeichnung tats\u00e4chlich daf\u00fcr sorgt, dass man sich besser qualifiziert f\u00fchlt und andere nun auch wissen, was man kann, darf allerdings bezweifelt werden. Die <a href=\"http:\/\/&quot;Verordnung \u00fcber die Pr\u00fcfung zum anerkannten Abschluss Gepr\u00fcfter Rechtsfachwirt\/Gepr\u00fcfte Rechtsfachwirtin vom 23. August 2001 (BGBl. I S. 2250),\">Verordnung \u00fcber die Pr\u00fcfung zum anerkannten Abschluss Gepr\u00fcfter Rechtsfachwirt<\/a> regelt bereits seit 2001 die Aufstiegsqualifizierung der Rechtsanwaltsfachangestellten und ist in ganz Deutschland verbindlich. Die Lehrinhalte und Lehrmethoden unterscheiden sich je nach Weiterbildungsanbieter. Fernstudieng\u00e4nge werden sowohl vom <a href=\"https:\/\/www.renobundesverband.de\/Studium-Rechtsfachwirt.html\">ReNo Bundesverband<\/a>, von Hochschulen wie der <a href=\"https:\/\/www.beuth-hochschule.de\/bachelor-rechtsfachwirt\">Beuth Hochschule f\u00fcr Technik<\/a> in Berlin und Seminaranbietern wie der <a href=\"https:\/\/www.soldan.de\/akademie\/rechts-und-notarfachwirt\/seminar-gepr.-rechtsfachwirtin-und-notarfachwirtin\">Soldan GmbH<\/a> angeboten. Bei Soldan kann man auch eine Fortbildung zum gepr\u00fcften Rechtsfachwirt und Notarfachwirt absolvieren.<\/p>\n<h5 style=\"color: #333366;\"><span style=\"color: #ff0000;\">gepr\u00fcfter Notarfachwirt &#8211; nach Regeln der Bundesl\u00e4nder<\/span><\/h5>\n<p>F\u00fcr den Notarfachwirt gibt es keine bundeseinheitliche Pr\u00fcfungsordnung. Historisch gesehen ist die Amtsaus\u00fcbung der Notare in Deutschland sehr unterschiedlich, so gibt es in einigen Bundel\u00e4ndern Nur-Notare in anderen auch Anwaltsnotare und bis vor Ende 2017 gab es sogar Amtsnotare im Beamtenverh\u00e4ltnis. Und so haben sich auch unterschiedliche Weiterbildungsabschl\u00fcsse f\u00fcr die Angestellten entwickelt. Im Rheinland gibt es die Weiterbildung zum Notarfachassistenten und im Saarland die Qualifizierung zum Notarfachreferenten. Weitere Informationen finden Sie bei den Notarkammern der L\u00e4nder. Im Sinne des Deutschen\u00a0 Qualifikationsrahmens strebt die Bundesnotarkammer nun auch nach einer Vereinheitlichung der Weiterbildung f\u00fcr Notarfachangestellte. Nicht zuletzt, weil man mit einer Aufstiegsqualifikation auch die Attraktivit\u00e4t des Berufsbildes st\u00e4rken m\u00f6chte. Aber wie alles, was in Recht und Gesetz verankert werden muss, wird das wohl noch etwas dauern. Es bleibt zu hoffen, dass es dann noch gen\u00fcgend Notarfachangestellte gibt, die in dem Beruf bleiben und sich qualifizieren wollen.<\/p>\n<h5><span style=\"color: #ff0000;\">Deutscher Rechts- und Notarfachwirttag<\/span><\/h5>\n<p>Als gr\u00f6\u00dfte (einzige) bundesweite Weiterbildungsveranstaltung f\u00fcr die ReNo Berufsgruppe gilt der <a href=\"https:\/\/www.soldan.de\/refatag\">Deutsche Rechts- und Notarfachwirttag<\/a>, der j\u00e4hrlich von Soldan ausgerichtet wird.<\/p>\n","protected":false},"excerpt":{"rendered":"<p>Der &#8222;Gepr\u00fcfte Rechtsfachwirt&#8220; und der &#8222;Gepr\u00fcfte Notarfachwirt&#8220; sind in Deutschland anerkannte Fortbildungen f\u00fcr Rechtsanwaltsfachangestellte, Notarfachangestellte und Patentanwaltsfachangestellte. Fortbildung zum Fachwirt im Fernstudium\u00a0 &#8222;Fachwirte&#8220; haben in Deutschland eine lange Tradition und sind bislang in verschiedenen Branchen \u00fcblich. Au\u00dferhalb dieser Branchen, und vor allem im Ausland, sind sie allerdings kaum bekannt. Um eine internationale Vergleichbarkeit zu erlangen&hellip; <a href=\"https:\/\/www.legalprofession.de\/index.php\/juristische-berufe-legal-profession\/assistenzberufe\/rechtsfachwirt-und-notarfachwirt\">Continue reading&#8230;<\/a><\/p>\n","protected":false},"author":2,"featured_media":0,"parent":1697,"menu_order":6,"comment_status":"closed","ping_status":"open","template":"templates\/page-full-width-widgets.php","meta":{"jetpack_post_was_ever_published":false,"footnotes":""},"class_list":["post-1774","page","type-page","status-publish","hentry"],"yoast_head":"<!-- This site is optimized with the Yoast SEO plugin v27.3 - https:\/\/yoast.com\/product\/yoast-seo-wordpress\/ -->\n<title>Rechtsfachwirt und Notarfachwirt - LegalProfession\u00ae<\/title>\n<meta name=\"description\" content=\"Der gepr\u00fcfte Rechtsfachwirt und Notarfachwirt ist die Aufstiegsqualifizierung der Rechtsanwaltsfachangestellten und Notarfachangestellten.\" \/>\n<meta name=\"robots\" content=\"index, follow, max-snippet:-1, max-image-preview:large, max-video-preview:-1\" \/>\n<link rel=\"canonical\" href=\"https:\/\/www.legalprofession.de\/index.php\/juristische-berufe-legal-profession\/assistenzberufe\/rechtsfachwirt-und-notarfachwirt\" \/>\n<meta property=\"og:locale\" content=\"de_DE\" \/>\n<meta property=\"og:type\" content=\"article\" \/>\n<meta property=\"og:title\" content=\"Rechtsfachwirt und Notarfachwirt - LegalProfession\u00ae\" \/>\n<meta property=\"og:description\" content=\"Der gepr\u00fcfte Rechtsfachwirt und Notarfachwirt ist die Aufstiegsqualifizierung der Rechtsanwaltsfachangestellten und Notarfachangestellten.\" \/>\n<meta property=\"og:url\" content=\"https:\/\/www.legalprofession.de\/index.php\/juristische-berufe-legal-profession\/assistenzberufe\/rechtsfachwirt-und-notarfachwirt\" \/>\n<meta property=\"og:site_name\" content=\"LegalProfession\u00ae\" \/>\n<meta property=\"article:modified_time\" content=\"2024-01-14T16:36:33+00:00\" \/>\n<meta property=\"og:image\" content=\"https:\/\/www.legalprofession.de\/wp-content\/uploads\/2014\/04\/Fotolia_44909900_XS-e1397430414202.jpg\" \/>\n<meta name=\"twitter:card\" content=\"summary_large_image\" \/>\n<meta name=\"twitter:label1\" content=\"Gesch\u00e4tzte Lesezeit\" \/>\n\t<meta name=\"twitter:data1\" content=\"4\u00a0Minuten\" \/>\n<script type=\"application\/ld+json\" class=\"yoast-schema-graph\">{\"@context\":\"https:\\\/\\\/schema.org\",\"@graph\":[{\"@type\":\"WebPage\",\"@id\":\"https:\\\/\\\/www.legalprofession.de\\\/index.php\\\/juristische-berufe-legal-profession\\\/assistenzberufe\\\/rechtsfachwirt-und-notarfachwirt\",\"url\":\"https:\\\/\\\/www.legalprofession.de\\\/index.php\\\/juristische-berufe-legal-profession\\\/assistenzberufe\\\/rechtsfachwirt-und-notarfachwirt\",\"name\":\"Rechtsfachwirt und Notarfachwirt - LegalProfession\u00ae\",\"isPartOf\":{\"@id\":\"https:\\\/\\\/www.legalprofession.de\\\/#website\"},\"primaryImageOfPage\":{\"@id\":\"https:\\\/\\\/www.legalprofession.de\\\/index.php\\\/juristische-berufe-legal-profession\\\/assistenzberufe\\\/rechtsfachwirt-und-notarfachwirt#primaryimage\"},\"image\":{\"@id\":\"https:\\\/\\\/www.legalprofession.de\\\/index.php\\\/juristische-berufe-legal-profession\\\/assistenzberufe\\\/rechtsfachwirt-und-notarfachwirt#primaryimage\"},\"thumbnailUrl\":\"https:\\\/\\\/www.legalprofession.de\\\/wp-content\\\/uploads\\\/2014\\\/04\\\/Fotolia_44909900_XS-e1397430414202.jpg\",\"datePublished\":\"2020-07-15T12:04:09+00:00\",\"dateModified\":\"2024-01-14T16:36:33+00:00\",\"description\":\"Der gepr\u00fcfte Rechtsfachwirt und Notarfachwirt ist die Aufstiegsqualifizierung der Rechtsanwaltsfachangestellten und Notarfachangestellten.\",\"breadcrumb\":{\"@id\":\"https:\\\/\\\/www.legalprofession.de\\\/index.php\\\/juristische-berufe-legal-profession\\\/assistenzberufe\\\/rechtsfachwirt-und-notarfachwirt#breadcrumb\"},\"inLanguage\":\"de\",\"potentialAction\":[{\"@type\":\"ReadAction\",\"target\":[\"https:\\\/\\\/www.legalprofession.de\\\/index.php\\\/juristische-berufe-legal-profession\\\/assistenzberufe\\\/rechtsfachwirt-und-notarfachwirt\"]}]},{\"@type\":\"ImageObject\",\"inLanguage\":\"de\",\"@id\":\"https:\\\/\\\/www.legalprofession.de\\\/index.php\\\/juristische-berufe-legal-profession\\\/assistenzberufe\\\/rechtsfachwirt-und-notarfachwirt#primaryimage\",\"url\":\"https:\\\/\\\/i0.wp.com\\\/www.legalprofession.de\\\/wp-content\\\/uploads\\\/2014\\\/04\\\/Fotolia_44909900_XS-e1397430414202.jpg?fit=400%2C286&ssl=1\",\"contentUrl\":\"https:\\\/\\\/i0.wp.com\\\/www.legalprofession.de\\\/wp-content\\\/uploads\\\/2014\\\/04\\\/Fotolia_44909900_XS-e1397430414202.jpg?fit=400%2C286&ssl=1\",\"width\":400,\"height\":286,\"caption\":\"Rechtsanwaltsfachangestellte Bachelor\"},{\"@type\":\"BreadcrumbList\",\"@id\":\"https:\\\/\\\/www.legalprofession.de\\\/index.php\\\/juristische-berufe-legal-profession\\\/assistenzberufe\\\/rechtsfachwirt-und-notarfachwirt#breadcrumb\",\"itemListElement\":[{\"@type\":\"ListItem\",\"position\":1,\"name\":\"Startseite\",\"item\":\"https:\\\/\\\/www.legalprofession.de\\\/\"},{\"@type\":\"ListItem\",\"position\":2,\"name\":\"Juristische Berufe &#8211; Legal Profession\",\"item\":\"https:\\\/\\\/www.legalprofession.de\\\/index.php\\\/juristische-berufe-legal-profession\"},{\"@type\":\"ListItem\",\"position\":3,\"name\":\"Assistenzberufe\",\"item\":\"https:\\\/\\\/www.legalprofession.de\\\/index.php\\\/juristische-berufe-legal-profession\\\/assistenzberufe\"},{\"@type\":\"ListItem\",\"position\":4,\"name\":\"Rechtsfachwirt und Notarfachwirt\"}]},{\"@type\":\"WebSite\",\"@id\":\"https:\\\/\\\/www.legalprofession.de\\\/#website\",\"url\":\"https:\\\/\\\/www.legalprofession.de\\\/\",\"name\":\"LegalProfession\u00ae\",\"description\":\"Recruiting Coaching Consulting AZAV\",\"publisher\":{\"@id\":\"https:\\\/\\\/www.legalprofession.de\\\/#organization\"},\"potentialAction\":[{\"@type\":\"SearchAction\",\"target\":{\"@type\":\"EntryPoint\",\"urlTemplate\":\"https:\\\/\\\/www.legalprofession.de\\\/?s={search_term_string}\"},\"query-input\":{\"@type\":\"PropertyValueSpecification\",\"valueRequired\":true,\"valueName\":\"search_term_string\"}}],\"inLanguage\":\"de\"},{\"@type\":\"Organization\",\"@id\":\"https:\\\/\\\/www.legalprofession.de\\\/#organization\",\"name\":\"LegalProfession\u00ae Recruitment Coaching Consulting\",\"url\":\"https:\\\/\\\/www.legalprofession.de\\\/\",\"logo\":{\"@type\":\"ImageObject\",\"inLanguage\":\"de\",\"@id\":\"https:\\\/\\\/www.legalprofession.de\\\/#\\\/schema\\\/logo\\\/image\\\/\",\"url\":\"https:\\\/\\\/i0.wp.com\\\/www.legalprofession.de\\\/wp-content\\\/uploads\\\/Logo-LP-1.jpg?fit=354%2C141&ssl=1\",\"contentUrl\":\"https:\\\/\\\/i0.wp.com\\\/www.legalprofession.de\\\/wp-content\\\/uploads\\\/Logo-LP-1.jpg?fit=354%2C141&ssl=1\",\"width\":354,\"height\":141,\"caption\":\"LegalProfession\u00ae Recruitment Coaching Consulting\"},\"image\":{\"@id\":\"https:\\\/\\\/www.legalprofession.de\\\/#\\\/schema\\\/logo\\\/image\\\/\"},\"sameAs\":[\"https:\\\/\\\/www.linkedin.com\\\/in\\\/marion-proft-legalprofession\\\/\",\"https:\\\/\\\/www.xing.com\\\/profile\\\/Marion_Proft\\\/portfolio\"]}]}<\/script>\n<!-- \/ Yoast SEO plugin. -->","yoast_head_json":{"title":"Rechtsfachwirt und Notarfachwirt - LegalProfession\u00ae","description":"Der gepr\u00fcfte Rechtsfachwirt und Notarfachwirt ist die Aufstiegsqualifizierung der Rechtsanwaltsfachangestellten und Notarfachangestellten.","robots":{"index":"index","follow":"follow","max-snippet":"max-snippet:-1","max-image-preview":"max-image-preview:large","max-video-preview":"max-video-preview:-1"},"canonical":"https:\/\/www.legalprofession.de\/index.php\/juristische-berufe-legal-profession\/assistenzberufe\/rechtsfachwirt-und-notarfachwirt","og_locale":"de_DE","og_type":"article","og_title":"Rechtsfachwirt und Notarfachwirt - LegalProfession\u00ae","og_description":"Der gepr\u00fcfte Rechtsfachwirt und Notarfachwirt ist die Aufstiegsqualifizierung der Rechtsanwaltsfachangestellten und Notarfachangestellten.","og_url":"https:\/\/www.legalprofession.de\/index.php\/juristische-berufe-legal-profession\/assistenzberufe\/rechtsfachwirt-und-notarfachwirt","og_site_name":"LegalProfession\u00ae","article_modified_time":"2024-01-14T16:36:33+00:00","og_image":[{"url":"https:\/\/www.legalprofession.de\/wp-content\/uploads\/2014\/04\/Fotolia_44909900_XS-e1397430414202.jpg","type":"","width":"","height":""}],"twitter_card":"summary_large_image","twitter_misc":{"Gesch\u00e4tzte Lesezeit":"4\u00a0Minuten"},"schema":{"@context":"https:\/\/schema.org","@graph":[{"@type":"WebPage","@id":"https:\/\/www.legalprofession.de\/index.php\/juristische-berufe-legal-profession\/assistenzberufe\/rechtsfachwirt-und-notarfachwirt","url":"https:\/\/www.legalprofession.de\/index.php\/juristische-berufe-legal-profession\/assistenzberufe\/rechtsfachwirt-und-notarfachwirt","name":"Rechtsfachwirt und Notarfachwirt - LegalProfession\u00ae","isPartOf":{"@id":"https:\/\/www.legalprofession.de\/#website"},"primaryImageOfPage":{"@id":"https:\/\/www.legalprofession.de\/index.php\/juristische-berufe-legal-profession\/assistenzberufe\/rechtsfachwirt-und-notarfachwirt#primaryimage"},"image":{"@id":"https:\/\/www.legalprofession.de\/index.php\/juristische-berufe-legal-profession\/assistenzberufe\/rechtsfachwirt-und-notarfachwirt#primaryimage"},"thumbnailUrl":"https:\/\/www.legalprofession.de\/wp-content\/uploads\/2014\/04\/Fotolia_44909900_XS-e1397430414202.jpg","datePublished":"2020-07-15T12:04:09+00:00","dateModified":"2024-01-14T16:36:33+00:00","description":"Der gepr\u00fcfte Rechtsfachwirt und Notarfachwirt ist die Aufstiegsqualifizierung der Rechtsanwaltsfachangestellten und Notarfachangestellten.","breadcrumb":{"@id":"https:\/\/www.legalprofession.de\/index.php\/juristische-berufe-legal-profession\/assistenzberufe\/rechtsfachwirt-und-notarfachwirt#breadcrumb"},"inLanguage":"de","potentialAction":[{"@type":"ReadAction","target":["https:\/\/www.legalprofession.de\/index.php\/juristische-berufe-legal-profession\/assistenzberufe\/rechtsfachwirt-und-notarfachwirt"]}]},{"@type":"ImageObject","inLanguage":"de","@id":"https:\/\/www.legalprofession.de\/index.php\/juristische-berufe-legal-profession\/assistenzberufe\/rechtsfachwirt-und-notarfachwirt#primaryimage","url":"https:\/\/i0.wp.com\/www.legalprofession.de\/wp-content\/uploads\/2014\/04\/Fotolia_44909900_XS-e1397430414202.jpg?fit=400%2C286&ssl=1","contentUrl":"https:\/\/i0.wp.com\/www.legalprofession.de\/wp-content\/uploads\/2014\/04\/Fotolia_44909900_XS-e1397430414202.jpg?fit=400%2C286&ssl=1","width":400,"height":286,"caption":"Rechtsanwaltsfachangestellte Bachelor"},{"@type":"BreadcrumbList","@id":"https:\/\/www.legalprofession.de\/index.php\/juristische-berufe-legal-profession\/assistenzberufe\/rechtsfachwirt-und-notarfachwirt#breadcrumb","itemListElement":[{"@type":"ListItem","position":1,"name":"Startseite","item":"https:\/\/www.legalprofession.de\/"},{"@type":"ListItem","position":2,"name":"Juristische Berufe &#8211; Legal Profession","item":"https:\/\/www.legalprofession.de\/index.php\/juristische-berufe-legal-profession"},{"@type":"ListItem","position":3,"name":"Assistenzberufe","item":"https:\/\/www.legalprofession.de\/index.php\/juristische-berufe-legal-profession\/assistenzberufe"},{"@type":"ListItem","position":4,"name":"Rechtsfachwirt und Notarfachwirt"}]},{"@type":"WebSite","@id":"https:\/\/www.legalprofession.de\/#website","url":"https:\/\/www.legalprofession.de\/","name":"LegalProfession\u00ae","description":"Recruiting Coaching Consulting AZAV","publisher":{"@id":"https:\/\/www.legalprofession.de\/#organization"},"potentialAction":[{"@type":"SearchAction","target":{"@type":"EntryPoint","urlTemplate":"https:\/\/www.legalprofession.de\/?s={search_term_string}"},"query-input":{"@type":"PropertyValueSpecification","valueRequired":true,"valueName":"search_term_string"}}],"inLanguage":"de"},{"@type":"Organization","@id":"https:\/\/www.legalprofession.de\/#organization","name":"LegalProfession\u00ae Recruitment Coaching Consulting","url":"https:\/\/www.legalprofession.de\/","logo":{"@type":"ImageObject","inLanguage":"de","@id":"https:\/\/www.legalprofession.de\/#\/schema\/logo\/image\/","url":"https:\/\/i0.wp.com\/www.legalprofession.de\/wp-content\/uploads\/Logo-LP-1.jpg?fit=354%2C141&ssl=1","contentUrl":"https:\/\/i0.wp.com\/www.legalprofession.de\/wp-content\/uploads\/Logo-LP-1.jpg?fit=354%2C141&ssl=1","width":354,"height":141,"caption":"LegalProfession\u00ae Recruitment Coaching Consulting"},"image":{"@id":"https:\/\/www.legalprofession.de\/#\/schema\/logo\/image\/"},"sameAs":["https:\/\/www.linkedin.com\/in\/marion-proft-legalprofession\/","https:\/\/www.xing.com\/profile\/Marion_Proft\/portfolio"]}]}},"jetpack_shortlink":"https:\/\/wp.me\/P8oDIe-sC","jetpack_sharing_enabled":true,"_links":{"self":[{"href":"https:\/\/www.legalprofession.de\/index.php\/wp-json\/wp\/v2\/pages\/1774","targetHints":{"allow":["GET"]}}],"collection":[{"href":"https:\/\/www.legalprofession.de\/index.php\/wp-json\/wp\/v2\/pages"}],"about":[{"href":"https:\/\/www.legalprofession.de\/index.php\/wp-json\/wp\/v2\/types\/page"}],"author":[{"embeddable":true,"href":"https:\/\/www.legalprofession.de\/index.php\/wp-json\/wp\/v2\/users\/2"}],"replies":[{"embeddable":true,"href":"https:\/\/www.legalprofession.de\/index.php\/wp-json\/wp\/v2\/comments?post=1774"}],"version-history":[{"count":0,"href":"https:\/\/www.legalprofession.de\/index.php\/wp-json\/wp\/v2\/pages\/1774\/revisions"}],"up":[{"embeddable":true,"href":"https:\/\/www.legalprofession.de\/index.php\/wp-json\/wp\/v2\/pages\/1697"}],"wp:attachment":[{"href":"https:\/\/www.legalprofession.de\/index.php\/wp-json\/wp\/v2\/media?parent=1774"}],"curies":[{"name":"wp","href":"https:\/\/api.w.org\/{rel}","templated":true}]}}