{"id":1776,"date":"2022-07-29T12:05:35","date_gmt":"2022-07-29T10:05:35","guid":{"rendered":"http:\/\/www.legalprofession.de\/?page_id=1776"},"modified":"2022-07-28T17:04:13","modified_gmt":"2022-07-28T15:04:13","slug":"insolvenzsachbearbeiter","status":"publish","type":"page","link":"https:\/\/www.legalprofession.de\/index.php\/juristische-berufe-legal-profession\/assistenzberufe\/insolvenzsachbearbeiter","title":{"rendered":"Insolvenzsachbearbeiter"},"content":{"rendered":"<p>Der Insolvenzsachbearbeiter ist kein Ausbildungsberuf, sondern ein spezielles Besch\u00e4ftigungsfeld f\u00fcr Rechtsanwaltsfachangestellte, Rechtsfachwirte, Wirtschaftsjuristen und Quereinsteiger mit kaufm\u00e4nnischer Ausbildung. Nach einem gelungenem Einstieg in einer auf Insolvenzverwaltung, Sanierung und Restrukturierung spezialisierten Kanzlei, kann man sich zertifizierten Insolvenzsachbearbeiter qualifizieren. Zertifizierung zum Insolvenzsachbearbeiter <a href=\"https:\/\/www.vid.de\/veranstaltung\/lehrgang-zertifizierter-insolvenzsachbearbeiter\/\">\u21d2VDI<\/a> <a href=\"https:\/\/www.rws-seminare.de\/\">\u21d2RWS.\u00a0<\/a><\/p>\n<p><img data-recalc-dims=\"1\" fetchpriority=\"high\" decoding=\"async\" data-attachment-id=\"1854\" data-permalink=\"https:\/\/www.legalprofession.de\/index.php\/juristische-berufe-legal-profession\/assistenzberufe\/insolvenzsachbearbeiter\/seek-a-solution-to-the-crisis\" data-orig-file=\"https:\/\/i0.wp.com\/www.legalprofession.de\/wp-content\/uploads\/2014\/04\/Fotolia_53591757_XS.jpg?fit=382%2C315&amp;ssl=1\" data-orig-size=\"382,315\" data-comments-opened=\"0\" data-image-meta=\"{&quot;aperture&quot;:&quot;0&quot;,&quot;credit&quot;:&quot;alphaspirit - Fotolia&quot;,&quot;camera&quot;:&quot;&quot;,&quot;caption&quot;:&quot;Businessman seek a solution to the crisis&quot;,&quot;created_timestamp&quot;:&quot;0&quot;,&quot;copyright&quot;:&quot;alphaspirit - Fotolia&quot;,&quot;focal_length&quot;:&quot;0&quot;,&quot;iso&quot;:&quot;0&quot;,&quot;shutter_speed&quot;:&quot;0&quot;,&quot;title&quot;:&quot;Seek a solution to the crisis&quot;}\" data-image-title=\"Insolvenz-SA\" data-image-description=\"\" data-image-caption=\"&lt;p&gt;Beste Aussichten in st\u00fcrmischen Zeiten&lt;\/p&gt;\n\" data-large-file=\"https:\/\/i0.wp.com\/www.legalprofession.de\/wp-content\/uploads\/2014\/04\/Fotolia_53591757_XS.jpg?fit=382%2C315&amp;ssl=1\" class=\"alignnone wp-image-1854 size-full\" src=\"https:\/\/i0.wp.com\/www.legalprofession.de\/wp-content\/uploads\/2014\/04\/Fotolia_53591757_XS.jpg?resize=382%2C315&#038;ssl=1\" alt=\"Assistenzberufe Insolvenzsachbearbeiter\" width=\"382\" height=\"315\" srcset=\"https:\/\/i0.wp.com\/www.legalprofession.de\/wp-content\/uploads\/2014\/04\/Fotolia_53591757_XS.jpg?w=382&amp;ssl=1 382w, https:\/\/i0.wp.com\/www.legalprofession.de\/wp-content\/uploads\/2014\/04\/Fotolia_53591757_XS.jpg?resize=300%2C247&amp;ssl=1 300w\" sizes=\"(max-width: 382px) 100vw, 382px\" \/><\/p>\n<h5><span style=\"color: #ff0000;\">St\u00fcrmische Zeiten in Sicht <\/span><\/h5>\n<p>Nicht nur in der deutschen Wirtschaft stehen die Zeichen auf Sturm. Die globale Corona-Pandemie hat die Weltwirtschaft, den Handel und das Leben der Menschen ins Wanken gebracht. Trotz staatlichen Rettungspaketen, Schutzschirmen und Kurzarbeitergeld sind die Folgen f\u00fcr Unternehmen und Privatpersonen noch l\u00e4ngst nicht absehbar. Restrukturierung und Sanierung konnte bisher vielfach den Ernstfall verhindern. Doch Krieg, Energiekrise und Klima sorgen f\u00fcr starke Turbulenzen und f\u00fchren zu Preissteigerungen und Inflation, die Verbraucher und Unternehmen in Notsituationen st\u00fcrzen.<\/p>\n<h5><span style=\"color: #ff0000;\">Restrukturierung &#8211; Regelinsolvenz &#8211; Verbraucherinsolvenz &#8211; Eigenverwaltung<\/span><\/h5>\n<p>Um eine wirtschaftliche Katastrophe abzuwenden, Geld f\u00fcr die Gl\u00e4ubiger zu retten und ein Ungl\u00fcck f\u00fcr die Betroffenen zu verhindern, gibt es den Rechtsbeistand &#8211; und im Insolvenzfall die von den Gerichten bestellten Insolvenzverwalter. Die wirtschaftsberatenden Kanzleien sind vorsorgend auf Restrukturierung und Sanierungsberatung ausgerichtet und die Fachanw\u00e4lte f\u00fcr Insolvenzrecht werfen die Rettungsringe aus. Die <a href=\"https:\/\/www.gesetze-im-internet.de\/inso\/\">Insolvenzordnung<\/a> (InsO) regelt seit 1999 in Deutschland das Insolvenzverfahren als Teil des Zivilrechts und als spezielles Verfahren der Zwangsvollstreckung. Es dient dazu, mehrere Gl\u00e4ubiger eines zahlungsunf\u00e4higen Schuldners gleichm\u00e4\u00dfig zu befriedigen. Dies gilt f\u00fcr Unternehmen, Banken, \u00f6ffentliche Einrichtungen und f\u00fcr Privatpersonen. Seit 2012 hat sich die Insolvenz in Eigenverwaltung als ein g\u00e4ngiges Verfahren etabliert, in dem das Unternehmen mit Hilfe von Sanierungsanw\u00e4lten die Krise vor Ort in Eigenregie bew\u00e4ltigt.<\/p>\n<h5><span style=\"color: #ff0000;\">Insolvenzsachbearbeiter f\u00fcr Tabelle, Sachbearbeitung und f\u00fcr die Prozessabteilung<\/span><\/h5>\n<p style=\"text-align: justify;\">Es gibt erfahrene Sachwalter, sturmerprobte Rechtsanw\u00e4lte &#8211; nur Insolvenzsachbearbeiter sind im Ansturm der Verfahren und Prozesse wohl verschollen. Jedenfalls sind auf dem Arbeitsmarkt kaum Fachkr\u00e4fte zu finden. Dies ist nicht verwunderlich, denn Insolvenzsachbearbeiter ist kein Ausbildungsberuf. Zertifizierte Weiterbildungsangebote richten sich an bereits Berufserfahrene. Den Beruf erlernen kann man am besten an der Seite eines Insolvenzverwalters. Wer Mut hat ins kalte Wasser zu springen, landet in einem verantwortungsvollen, abwechslungsreichen und krisenfesten Arbeitsfeld.<\/p>\n<h5 style=\"text-align: justify;\"><span style=\"color: #ff0000;\"><a href=\"https:\/\/www.legalprofession.de\/index.php\/juristische-berufe-legal-profession\/assistenzberufe\/rechtsanwaltsfachangestellte\">Rechtsanwaltsfachangestellte<\/a> in der Sachbearbeitung<\/span><\/h5>\n<p style=\"text-align: justify;\">Da neben Betriebswirten, Steuerberatern und Wirtschaftspr\u00fcfern zumeist Rechtsanw\u00e4lte vom zust\u00e4ndigen Gericht als Insolvenzverwalter bestellt werden, sind die Sachbearbeiter bevorzugt Rechtsanwaltsfachangestellte. Die ReFa beherrscht die Fristen, die Klageprozesse und Geb\u00fchrenabrechnung. Anders als bei den Berufstr\u00e4gern, die sich z.B. durch einen Fachanwaltstitel auf ihre Spezialisierung vorbereiten k\u00f6nnen, m\u00fcssen sich die Sachbearbeiter das Wissen selbst, im besten Fall in Seminaren und Webinaren, aneignen. Sachbearbeitung ist weit mehr als Sekretariatst\u00e4tigkeit, die man nat\u00fcrlich noch nebenher erledigt. Die Bearbeitung von Insolvenzen ist an eine pr\u00e4zise fach-, sach- und fristgerechte Aufgabenerledigung gebunden, denn Prozesse, Fristen, Listen, Tabellen und Formalit\u00e4ten bestimmen den Tagesablauf. Nicht zu vergessen die Korrespondenz mit den Schuldner und allen Betroffenen sowie den zust\u00e4ndigen Gerichten, \u00c4mtern und Beh\u00f6rden. An der Seite eines Insolvenzverwalters finden Rechtsanwaltsfachangestellte ein verantwortungsvolles und selbstst\u00e4ndiges Arbeitsfeld und die M\u00f6glichkeit, ihr Wissen wie in Mahn- und Klageverfahren und in der Zwangsvollstreckung anzuwenden und zu erweitern.<\/p>\n<h5 style=\"text-align: justify;\"><span style=\"color: #ff0000;\"><a href=\"https:\/\/www.legalprofession.de\/index.php\/juristische-berufe-legal-profession\/assistenzberufe\/rechtsfachwirt-und-notarfachwirt\">Rechtsfachwirte<\/a> sind gefragt<\/span><\/h5>\n<p style=\"text-align: justify;\">Die gepr\u00fcften Rechtsfachwirte sind hier im gefragt. Durch ihre intensive Auseinandersetzung mit dem BGB, der Zwangsvollstreckung und dem Rechnungswesen sind sie auf die Bearbeitung von Insolvenzverfahren vorbereitet. An der Seite eines Insolvenzverwalters finden sie ein Arbeitsfeld, das ihnen Selbstst\u00e4ndigkeit und Verantwortung abverlangt und die M\u00f6glichkeit bietet, ihr Wissen gut einzusetzen. In der praktischen T\u00e4tigkeit, insbesondere im Umgang mit Fristen und Formalit\u00e4ten sind sie sogar den Wirtschaftsjuristen einen Schritt voraus.<\/p>\n<h5 style=\"text-align: justify;\"><span style=\"color: #ff0000;\"><a href=\"https:\/\/www.legalprofession.de\/index.php\/juristische-berufe-legal-profession\/wirtschaftsjurist\">Wirtschaftsjuristen<\/a> in der Insolvenzsachbearbeitung<\/span><\/h5>\n<p style=\"text-align: justify;\">Aber auch die Bachelor- und Masterabsolventen im Wirtschaftsrecht und Diplomjuristen k\u00f6nnen sich im Bereich Insolvenzrecht ein interessantes Arbeitsfeld erschlie\u00dfen. Wer seinen Master auf das Insolvenzrecht ausrichtet, hat gute Chancen f\u00fcr einen Jobeinstieg. Wirtschaftsjuristen k\u00f6nnen am Schnittpunkt zwischen Wirtschaft und Recht sowohl ihr juristisches Wissen sowie ihre betriebswirtschaftlichen und kaufm\u00e4nnischen Kenntnisse einbringen. Allerdings sollten auch sie sehr gute MS-Office-Kenntnisse, Sorgfalt und administrative F\u00e4higkeiten mitbringen.<\/p>\n<h6 style=\"text-align: justify;\"><span style=\"color: #dd2150;\">Wenn Sie den Sprung ins kalte Wasser wagen m\u00f6chten und sich f\u00fcr die Insolvenzsachbearbeitung erw\u00e4rmen k\u00f6nnen, dann\u00a0freuen wir uns \u00fcber Ihre <a href=\"https:\/\/www.legalprofession.de\/index.php\/job\/1306-01-insolvenzsachbearbeiter-initiativ\">Initiativbewerbung. 1306-01<\/a><\/span><\/h6>\n","protected":false},"excerpt":{"rendered":"<p>Der Insolvenzsachbearbeiter ist kein Ausbildungsberuf, sondern ein spezielles Besch\u00e4ftigungsfeld f\u00fcr Rechtsanwaltsfachangestellte, Rechtsfachwirte, Wirtschaftsjuristen und Quereinsteiger mit kaufm\u00e4nnischer Ausbildung. Nach einem gelungenem Einstieg in einer auf Insolvenzverwaltung, Sanierung und Restrukturierung spezialisierten Kanzlei, kann man sich zertifizierten Insolvenzsachbearbeiter qualifizieren. Zertifizierung zum Insolvenzsachbearbeiter \u21d2VDI \u21d2RWS.\u00a0 St\u00fcrmische Zeiten in Sicht Nicht nur in der deutschen Wirtschaft stehen die Zeichen&hellip; <a href=\"https:\/\/www.legalprofession.de\/index.php\/juristische-berufe-legal-profession\/assistenzberufe\/insolvenzsachbearbeiter\">Continue reading&#8230;<\/a><\/p>\n","protected":false},"author":2,"featured_media":0,"parent":1697,"menu_order":7,"comment_status":"closed","ping_status":"open","template":"templates\/page-full-width-widgets.php","meta":{"jetpack_post_was_ever_published":false,"footnotes":""},"class_list":["post-1776","page","type-page","status-publish","hentry"],"yoast_head":"<!-- This site is optimized with the Yoast SEO plugin v27.3 - https:\/\/yoast.com\/product\/yoast-seo-wordpress\/ -->\n<title>Insolvenzsachbearbeiter - LegalProfession\u00ae<\/title>\n<meta name=\"description\" content=\"Insolvenzsachbearbeiter ist ein Besch\u00e4ftigungsfeld f\u00fcr Rechtsanwaltsfachangestellte, Rechtsfachwirte und Wirtschaftsjuristen.\" \/>\n<meta name=\"robots\" content=\"index, follow, max-snippet:-1, max-image-preview:large, max-video-preview:-1\" \/>\n<link rel=\"canonical\" href=\"https:\/\/www.legalprofession.de\/index.php\/juristische-berufe-legal-profession\/assistenzberufe\/insolvenzsachbearbeiter\" \/>\n<meta property=\"og:locale\" content=\"de_DE\" \/>\n<meta property=\"og:type\" content=\"article\" \/>\n<meta property=\"og:title\" content=\"Insolvenzsachbearbeiter - LegalProfession\u00ae\" \/>\n<meta property=\"og:description\" content=\"Insolvenzsachbearbeiter ist ein Besch\u00e4ftigungsfeld f\u00fcr Rechtsanwaltsfachangestellte, Rechtsfachwirte und Wirtschaftsjuristen.\" \/>\n<meta property=\"og:url\" content=\"https:\/\/www.legalprofession.de\/index.php\/juristische-berufe-legal-profession\/assistenzberufe\/insolvenzsachbearbeiter\" \/>\n<meta property=\"og:site_name\" content=\"LegalProfession\u00ae\" \/>\n<meta property=\"og:image\" content=\"https:\/\/www.legalprofession.de\/wp-content\/uploads\/2014\/04\/Fotolia_53591757_XS.jpg\" \/>\n<meta name=\"twitter:card\" content=\"summary_large_image\" \/>\n<meta name=\"twitter:label1\" content=\"Gesch\u00e4tzte Lesezeit\" \/>\n\t<meta name=\"twitter:data1\" content=\"4\u00a0Minuten\" \/>\n<script type=\"application\/ld+json\" class=\"yoast-schema-graph\">{\"@context\":\"https:\\\/\\\/schema.org\",\"@graph\":[{\"@type\":\"WebPage\",\"@id\":\"https:\\\/\\\/www.legalprofession.de\\\/index.php\\\/juristische-berufe-legal-profession\\\/assistenzberufe\\\/insolvenzsachbearbeiter\",\"url\":\"https:\\\/\\\/www.legalprofession.de\\\/index.php\\\/juristische-berufe-legal-profession\\\/assistenzberufe\\\/insolvenzsachbearbeiter\",\"name\":\"Insolvenzsachbearbeiter - LegalProfession\u00ae\",\"isPartOf\":{\"@id\":\"https:\\\/\\\/www.legalprofession.de\\\/#website\"},\"primaryImageOfPage\":{\"@id\":\"https:\\\/\\\/www.legalprofession.de\\\/index.php\\\/juristische-berufe-legal-profession\\\/assistenzberufe\\\/insolvenzsachbearbeiter#primaryimage\"},\"image\":{\"@id\":\"https:\\\/\\\/www.legalprofession.de\\\/index.php\\\/juristische-berufe-legal-profession\\\/assistenzberufe\\\/insolvenzsachbearbeiter#primaryimage\"},\"thumbnailUrl\":\"https:\\\/\\\/www.legalprofession.de\\\/wp-content\\\/uploads\\\/2014\\\/04\\\/Fotolia_53591757_XS.jpg\",\"datePublished\":\"2022-07-29T10:05:35+00:00\",\"description\":\"Insolvenzsachbearbeiter ist ein Besch\u00e4ftigungsfeld f\u00fcr Rechtsanwaltsfachangestellte, Rechtsfachwirte und Wirtschaftsjuristen.\",\"breadcrumb\":{\"@id\":\"https:\\\/\\\/www.legalprofession.de\\\/index.php\\\/juristische-berufe-legal-profession\\\/assistenzberufe\\\/insolvenzsachbearbeiter#breadcrumb\"},\"inLanguage\":\"de\",\"potentialAction\":[{\"@type\":\"ReadAction\",\"target\":[\"https:\\\/\\\/www.legalprofession.de\\\/index.php\\\/juristische-berufe-legal-profession\\\/assistenzberufe\\\/insolvenzsachbearbeiter\"]}]},{\"@type\":\"ImageObject\",\"inLanguage\":\"de\",\"@id\":\"https:\\\/\\\/www.legalprofession.de\\\/index.php\\\/juristische-berufe-legal-profession\\\/assistenzberufe\\\/insolvenzsachbearbeiter#primaryimage\",\"url\":\"https:\\\/\\\/i0.wp.com\\\/www.legalprofession.de\\\/wp-content\\\/uploads\\\/2014\\\/04\\\/Fotolia_53591757_XS.jpg?fit=382%2C315&ssl=1\",\"contentUrl\":\"https:\\\/\\\/i0.wp.com\\\/www.legalprofession.de\\\/wp-content\\\/uploads\\\/2014\\\/04\\\/Fotolia_53591757_XS.jpg?fit=382%2C315&ssl=1\",\"width\":382,\"height\":315,\"caption\":\"Beste Aussichten in st\u00fcrmischen Zeiten\"},{\"@type\":\"BreadcrumbList\",\"@id\":\"https:\\\/\\\/www.legalprofession.de\\\/index.php\\\/juristische-berufe-legal-profession\\\/assistenzberufe\\\/insolvenzsachbearbeiter#breadcrumb\",\"itemListElement\":[{\"@type\":\"ListItem\",\"position\":1,\"name\":\"Startseite\",\"item\":\"https:\\\/\\\/www.legalprofession.de\\\/\"},{\"@type\":\"ListItem\",\"position\":2,\"name\":\"Juristische Berufe &#8211; Legal Profession\",\"item\":\"https:\\\/\\\/www.legalprofession.de\\\/index.php\\\/juristische-berufe-legal-profession\"},{\"@type\":\"ListItem\",\"position\":3,\"name\":\"Assistenzberufe\",\"item\":\"https:\\\/\\\/www.legalprofession.de\\\/index.php\\\/juristische-berufe-legal-profession\\\/assistenzberufe\"},{\"@type\":\"ListItem\",\"position\":4,\"name\":\"Insolvenzsachbearbeiter\"}]},{\"@type\":\"WebSite\",\"@id\":\"https:\\\/\\\/www.legalprofession.de\\\/#website\",\"url\":\"https:\\\/\\\/www.legalprofession.de\\\/\",\"name\":\"LegalProfession\u00ae\",\"description\":\"Recruiting Coaching Consulting AZAV\",\"publisher\":{\"@id\":\"https:\\\/\\\/www.legalprofession.de\\\/#organization\"},\"potentialAction\":[{\"@type\":\"SearchAction\",\"target\":{\"@type\":\"EntryPoint\",\"urlTemplate\":\"https:\\\/\\\/www.legalprofession.de\\\/?s={search_term_string}\"},\"query-input\":{\"@type\":\"PropertyValueSpecification\",\"valueRequired\":true,\"valueName\":\"search_term_string\"}}],\"inLanguage\":\"de\"},{\"@type\":\"Organization\",\"@id\":\"https:\\\/\\\/www.legalprofession.de\\\/#organization\",\"name\":\"LegalProfession\u00ae Recruitment Coaching Consulting\",\"url\":\"https:\\\/\\\/www.legalprofession.de\\\/\",\"logo\":{\"@type\":\"ImageObject\",\"inLanguage\":\"de\",\"@id\":\"https:\\\/\\\/www.legalprofession.de\\\/#\\\/schema\\\/logo\\\/image\\\/\",\"url\":\"https:\\\/\\\/i0.wp.com\\\/www.legalprofession.de\\\/wp-content\\\/uploads\\\/Logo-LP-1.jpg?fit=354%2C141&ssl=1\",\"contentUrl\":\"https:\\\/\\\/i0.wp.com\\\/www.legalprofession.de\\\/wp-content\\\/uploads\\\/Logo-LP-1.jpg?fit=354%2C141&ssl=1\",\"width\":354,\"height\":141,\"caption\":\"LegalProfession\u00ae Recruitment Coaching Consulting\"},\"image\":{\"@id\":\"https:\\\/\\\/www.legalprofession.de\\\/#\\\/schema\\\/logo\\\/image\\\/\"},\"sameAs\":[\"https:\\\/\\\/www.linkedin.com\\\/in\\\/marion-proft-legalprofession\\\/\",\"https:\\\/\\\/www.xing.com\\\/profile\\\/Marion_Proft\\\/portfolio\"]}]}<\/script>\n<!-- \/ Yoast SEO plugin. -->","yoast_head_json":{"title":"Insolvenzsachbearbeiter - LegalProfession\u00ae","description":"Insolvenzsachbearbeiter ist ein Besch\u00e4ftigungsfeld f\u00fcr Rechtsanwaltsfachangestellte, Rechtsfachwirte und Wirtschaftsjuristen.","robots":{"index":"index","follow":"follow","max-snippet":"max-snippet:-1","max-image-preview":"max-image-preview:large","max-video-preview":"max-video-preview:-1"},"canonical":"https:\/\/www.legalprofession.de\/index.php\/juristische-berufe-legal-profession\/assistenzberufe\/insolvenzsachbearbeiter","og_locale":"de_DE","og_type":"article","og_title":"Insolvenzsachbearbeiter - LegalProfession\u00ae","og_description":"Insolvenzsachbearbeiter ist ein Besch\u00e4ftigungsfeld f\u00fcr Rechtsanwaltsfachangestellte, Rechtsfachwirte und Wirtschaftsjuristen.","og_url":"https:\/\/www.legalprofession.de\/index.php\/juristische-berufe-legal-profession\/assistenzberufe\/insolvenzsachbearbeiter","og_site_name":"LegalProfession\u00ae","og_image":[{"url":"https:\/\/www.legalprofession.de\/wp-content\/uploads\/2014\/04\/Fotolia_53591757_XS.jpg","type":"","width":"","height":""}],"twitter_card":"summary_large_image","twitter_misc":{"Gesch\u00e4tzte Lesezeit":"4\u00a0Minuten"},"schema":{"@context":"https:\/\/schema.org","@graph":[{"@type":"WebPage","@id":"https:\/\/www.legalprofession.de\/index.php\/juristische-berufe-legal-profession\/assistenzberufe\/insolvenzsachbearbeiter","url":"https:\/\/www.legalprofession.de\/index.php\/juristische-berufe-legal-profession\/assistenzberufe\/insolvenzsachbearbeiter","name":"Insolvenzsachbearbeiter - LegalProfession\u00ae","isPartOf":{"@id":"https:\/\/www.legalprofession.de\/#website"},"primaryImageOfPage":{"@id":"https:\/\/www.legalprofession.de\/index.php\/juristische-berufe-legal-profession\/assistenzberufe\/insolvenzsachbearbeiter#primaryimage"},"image":{"@id":"https:\/\/www.legalprofession.de\/index.php\/juristische-berufe-legal-profession\/assistenzberufe\/insolvenzsachbearbeiter#primaryimage"},"thumbnailUrl":"https:\/\/www.legalprofession.de\/wp-content\/uploads\/2014\/04\/Fotolia_53591757_XS.jpg","datePublished":"2022-07-29T10:05:35+00:00","description":"Insolvenzsachbearbeiter ist ein Besch\u00e4ftigungsfeld f\u00fcr Rechtsanwaltsfachangestellte, Rechtsfachwirte und Wirtschaftsjuristen.","breadcrumb":{"@id":"https:\/\/www.legalprofession.de\/index.php\/juristische-berufe-legal-profession\/assistenzberufe\/insolvenzsachbearbeiter#breadcrumb"},"inLanguage":"de","potentialAction":[{"@type":"ReadAction","target":["https:\/\/www.legalprofession.de\/index.php\/juristische-berufe-legal-profession\/assistenzberufe\/insolvenzsachbearbeiter"]}]},{"@type":"ImageObject","inLanguage":"de","@id":"https:\/\/www.legalprofession.de\/index.php\/juristische-berufe-legal-profession\/assistenzberufe\/insolvenzsachbearbeiter#primaryimage","url":"https:\/\/i0.wp.com\/www.legalprofession.de\/wp-content\/uploads\/2014\/04\/Fotolia_53591757_XS.jpg?fit=382%2C315&ssl=1","contentUrl":"https:\/\/i0.wp.com\/www.legalprofession.de\/wp-content\/uploads\/2014\/04\/Fotolia_53591757_XS.jpg?fit=382%2C315&ssl=1","width":382,"height":315,"caption":"Beste Aussichten in st\u00fcrmischen Zeiten"},{"@type":"BreadcrumbList","@id":"https:\/\/www.legalprofession.de\/index.php\/juristische-berufe-legal-profession\/assistenzberufe\/insolvenzsachbearbeiter#breadcrumb","itemListElement":[{"@type":"ListItem","position":1,"name":"Startseite","item":"https:\/\/www.legalprofession.de\/"},{"@type":"ListItem","position":2,"name":"Juristische Berufe &#8211; Legal Profession","item":"https:\/\/www.legalprofession.de\/index.php\/juristische-berufe-legal-profession"},{"@type":"ListItem","position":3,"name":"Assistenzberufe","item":"https:\/\/www.legalprofession.de\/index.php\/juristische-berufe-legal-profession\/assistenzberufe"},{"@type":"ListItem","position":4,"name":"Insolvenzsachbearbeiter"}]},{"@type":"WebSite","@id":"https:\/\/www.legalprofession.de\/#website","url":"https:\/\/www.legalprofession.de\/","name":"LegalProfession\u00ae","description":"Recruiting Coaching Consulting AZAV","publisher":{"@id":"https:\/\/www.legalprofession.de\/#organization"},"potentialAction":[{"@type":"SearchAction","target":{"@type":"EntryPoint","urlTemplate":"https:\/\/www.legalprofession.de\/?s={search_term_string}"},"query-input":{"@type":"PropertyValueSpecification","valueRequired":true,"valueName":"search_term_string"}}],"inLanguage":"de"},{"@type":"Organization","@id":"https:\/\/www.legalprofession.de\/#organization","name":"LegalProfession\u00ae Recruitment Coaching Consulting","url":"https:\/\/www.legalprofession.de\/","logo":{"@type":"ImageObject","inLanguage":"de","@id":"https:\/\/www.legalprofession.de\/#\/schema\/logo\/image\/","url":"https:\/\/i0.wp.com\/www.legalprofession.de\/wp-content\/uploads\/Logo-LP-1.jpg?fit=354%2C141&ssl=1","contentUrl":"https:\/\/i0.wp.com\/www.legalprofession.de\/wp-content\/uploads\/Logo-LP-1.jpg?fit=354%2C141&ssl=1","width":354,"height":141,"caption":"LegalProfession\u00ae Recruitment Coaching Consulting"},"image":{"@id":"https:\/\/www.legalprofession.de\/#\/schema\/logo\/image\/"},"sameAs":["https:\/\/www.linkedin.com\/in\/marion-proft-legalprofession\/","https:\/\/www.xing.com\/profile\/Marion_Proft\/portfolio"]}]}},"jetpack_shortlink":"https:\/\/wp.me\/P8oDIe-sE","jetpack_sharing_enabled":true,"_links":{"self":[{"href":"https:\/\/www.legalprofession.de\/index.php\/wp-json\/wp\/v2\/pages\/1776","targetHints":{"allow":["GET"]}}],"collection":[{"href":"https:\/\/www.legalprofession.de\/index.php\/wp-json\/wp\/v2\/pages"}],"about":[{"href":"https:\/\/www.legalprofession.de\/index.php\/wp-json\/wp\/v2\/types\/page"}],"author":[{"embeddable":true,"href":"https:\/\/www.legalprofession.de\/index.php\/wp-json\/wp\/v2\/users\/2"}],"replies":[{"embeddable":true,"href":"https:\/\/www.legalprofession.de\/index.php\/wp-json\/wp\/v2\/comments?post=1776"}],"version-history":[{"count":0,"href":"https:\/\/www.legalprofession.de\/index.php\/wp-json\/wp\/v2\/pages\/1776\/revisions"}],"up":[{"embeddable":true,"href":"https:\/\/www.legalprofession.de\/index.php\/wp-json\/wp\/v2\/pages\/1697"}],"wp:attachment":[{"href":"https:\/\/www.legalprofession.de\/index.php\/wp-json\/wp\/v2\/media?parent=1776"}],"curies":[{"name":"wp","href":"https:\/\/api.w.org\/{rel}","templated":true}]}}