{"id":1780,"date":"2020-07-27T14:09:24","date_gmt":"2020-07-27T12:09:24","guid":{"rendered":"http:\/\/www.legalprofession.de\/?page_id=1780"},"modified":"2020-08-09T19:06:12","modified_gmt":"2020-08-09T17:06:12","slug":"notar","status":"publish","type":"page","link":"https:\/\/www.legalprofession.de\/index.php\/juristische-berufe-legal-profession\/notar","title":{"rendered":"Notar"},"content":{"rendered":"<p><img data-recalc-dims=\"1\" fetchpriority=\"high\" decoding=\"async\" data-attachment-id=\"1841\" data-permalink=\"https:\/\/www.legalprofession.de\/index.php\/juristische-berufe-legal-profession\/notar\/romance\" data-orig-file=\"https:\/\/i0.wp.com\/www.legalprofession.de\/wp-content\/uploads\/2014\/04\/Fotolia_54081266_S-e1397425591973.jpg?fit=400%2C267&amp;ssl=1\" data-orig-size=\"400,267\" data-comments-opened=\"0\" data-image-meta=\"{&quot;aperture&quot;:&quot;0&quot;,&quot;credit&quot;:&quot;olly - Fotolia&quot;,&quot;camera&quot;:&quot;&quot;,&quot;caption&quot;:&quot;&quot;,&quot;created_timestamp&quot;:&quot;1373471311&quot;,&quot;copyright&quot;:&quot;olly - Fotolia&quot;,&quot;focal_length&quot;:&quot;0&quot;,&quot;iso&quot;:&quot;0&quot;,&quot;shutter_speed&quot;:&quot;0&quot;,&quot;title&quot;:&quot;romance&quot;}\" data-image-title=\"Trennung\" data-image-description=\"&lt;p&gt;Rechtsanwaltsfachangestellte Familienrecht&lt;\/p&gt;\n\" data-image-caption=\"\" data-large-file=\"https:\/\/i0.wp.com\/www.legalprofession.de\/wp-content\/uploads\/2014\/04\/Fotolia_54081266_S-e1397425591973.jpg?fit=400%2C267&amp;ssl=1\" class=\"alignnone wp-image-1841 size-full\" src=\"https:\/\/i0.wp.com\/www.legalprofession.de\/wp-content\/uploads\/2014\/04\/Fotolia_54081266_S-e1397425591973.jpg?resize=400%2C267&#038;ssl=1\" alt=\"Juristische Berufe Notar\" width=\"400\" height=\"267\" \/><\/p>\n<h5 style=\"text-align: justify;\"><span style=\"color: #ff0000;\">Der unparteiische Mittler<\/span><\/h5>\n<p style=\"text-align: justify;\">Als unabh\u00e4ngiger Tr\u00e4ger eines \u00f6ffentlichen Amtes ist der Notar f\u00fcr die Beurkundung von Willenserkl\u00e4rungen auf dem Gebiet der vorsorgenden Rechtspflege t\u00e4tig und sorgt nebenher f\u00fcr die Entlastung der Justiz. Im besten Fall wird ein Prozess aufgrund seiner Beratung und Vermittlung vermieden. Sollte es aber dennoch zum Streit kommen, sorgt eine Urkunde f\u00fcr Rechtssicherheit, denn das Gericht verl\u00e4sst sich auf die Pr\u00fcfung des Sachverhalts durch den Notar. Alles, was notariell beglaubigt, beurkundet und besiegelt wurde, ist rechtskr\u00e4ftig und in der Regel sofort vollstreckbar.<\/p>\n<p>Auch Bindungen unterliegen der Verg\u00e4nglichkeit, allerdings lassen sie sich auf zwischenmenschlicher Ebene nicht kleben wie ein Buchr\u00fccken. Deshalb sollte man rechtzeitig Vorsorge treffen. Unklarheiten im Vorfeld auszur\u00e4umen und Regelungen festzulegen, um zu verhindern, dass ein folgenreicher Streit bei einem Rechtsanwalt und in letzter Instanz vor Gericht landet, bedeutet in diesem Sinne \u201cvorsorgende Rechtspflege\u201d. Dabei geht es immer um Besitz oder Verlust, um Behalten oder Abgeben bzw. Teilen und es geht um die Zukunft. Gerade Entscheidungen, die mit pers\u00f6nlichen Lebensumst\u00e4nden verbunden sind, sind emotional und werden von den beteiligten Parteien oft subjektiv beurteilt. Wer will schon vor der Hochzeit an Scheidung denken. Mit einem unparteiischen Beistand ist man nicht nur in diesem Fall gut beraten.<\/p>\n<h5 style=\"text-align: justify;\"><span style=\"color: #ff0000;\">Der Urkundenschreiber<\/span><\/h5>\n<p style=\"text-align: justify;\">Traditionell obliegt dem Notar die Dokumentations- und Beweissicherungsfunktion. War er doch bereits zu kaiserlichen Zeiten bei Gericht f\u00fcr das nachweisliche Schreiben zust\u00e4ndig. Schreiben muss er immer noch viel, nur ist er uns nicht mehr als not\u0101rius (lateinisch: Vielschreiber) bekannt, sondern tritt uns zumeist als Anwaltsnotar gegen\u00fcber. Schreiben l\u00e4sst er heutzutage meist von seiner Notarfachangestellten oder Notarfachwirtin, so er eine hat. Ihm allerdings obliegt die Pr\u00fcfung der Sachverhalte, denn er zeichnet die Urkunden mit seinem Namen und seinem Amtssiegel als vom Staat bestellter Notar.<\/p>\n<h5 style=\"text-align: justify;\"><span style=\"color: #ff0000;\">Der Vertragsgestalter<\/span><\/h5>\n<p style=\"text-align: justify;\">Der Notar kann im Rahmen seiner gesetzlich bestimmten Pr\u00fcfungs- und Belehrungspflichten gestaltend auf die Einigung der Parteien einwirken. Das Aufnehmen der W\u00fcnsche und das Erl\u00e4utern der Rechtsfolgen sollen zu einem Gleichgewicht und einem Interessenausgleich f\u00fchren, das vom Notar vertraglich festgehalten wird. Das Ergebnis ist eine \u00f6ffentliche Urkunde. Anders als beim Gericht wird aber ein offener Sachverhalt f\u00fcr die Zukunft geregelt. Der Notar ist viel moderner als sein Image. Selbst, wenn seine Hauptfunktion die Urkundst\u00e4tigkeit ist, so haben sich die Inhalte l\u00e4ngst den Erfordernissen des modernen Lebens in einer globalisierten Wirtschaftswelt angepasst.<\/p>\n<h5 style=\"text-align: justify;\"><span style=\"color: #ff0000;\">Immobilienrecht, Gesellschaftsrecht, Handelsrecht und internationales Privatrecht<\/span><\/h5>\n<p style=\"text-align: justify;\">Selbst in dem klassischen T\u00e4tigkeitsfeld des Erb- und Familienrechts hat sich vieles ver\u00e4ndert. Der Notar wird mit komplexen Sachverhalten und internationalen Aspekten konfrontiert. Hochzeiten, Scheidungen, Nachlassregelungen verlaufen heute nicht mehr nur in deutschen Grenzen. Das internationale Privatrecht erfordert nicht nur die Kenntnis anderer Rechtssysteme, sondern auch Sprachkenntnisse.<\/p>\n<p style=\"text-align: justify;\">Die Immobilie geh\u00f6rt heute vielfach zum Erbgut, ebenso wie die dazugeh\u00f6rigen Kredite zu deren Finanzierung. Nachfolgeregelungen m\u00fcssen ebenso f\u00fcr die eigene Firma getroffen werden. Gesch\u00e4fts\u00fcbergabe, Verkauf oder Ankauf von Anteilen, Umwandlung der Gesellschaftsform, Ernennung von Gesch\u00e4ftsf\u00fchrern etc. Die Palette der Aufgaben im Gesellschaftsrecht ist gro\u00df und in st\u00e4ndiger Ver\u00e4nderung, aber auch das immobilienrechtliche Notariat hat sich in den gewerblich t\u00e4tigen Wirtschaftskanzleien und den internationalen Law Firms etabliert.<\/p>\n<h5 style=\"text-align: justify;\"><span style=\"color: #ff0000;\">Notare und Anwaltsnotare<\/span><\/h5>\n<p style=\"text-align: justify;\">Zentrale Register, elektronischer Rechtsverkehr und englischsprachige Vertr\u00e4ge stellen die \u00fcber 8000 deutschen Notare vor gro\u00dfe Aufgaben. Ca. 6.600 von ihnen sind als Anwaltsnotar zugelassen. Die in einigen Bundesl\u00e4ndern historisch bedingte Doppelfunktion ist f\u00fcr die Berufs-und Amtstr\u00e4ger eine gro\u00dfe Herausforderung. Sie agieren einerseits parteiisch f\u00fcr den Mandanten und in einem anderen Fall unparteiisch im Sinne des Staates.<\/p>\n<h5 style=\"text-align: justify;\"><span style=\"color: #ff0000;\">Bef\u00e4higung zum Richteramt<\/span><\/h5>\n<p style=\"text-align: justify;\">Im Sinne der Ausbildung zum deutschen Einheitsjuristen ist die Bef\u00e4higung zum Richteramt die Zugangsvoraussetzung f\u00fcr diesen Beruf, der im Haupt- oder Nebenamt ausge\u00fcbt werden kann. Ob man sich als Unparteiischer eignet, kann man schon w\u00e4hrend des juristischen Studiums oder in der Referendarzeit erproben.<\/p>\n","protected":false},"excerpt":{"rendered":"<p>Der unparteiische Mittler Als unabh\u00e4ngiger Tr\u00e4ger eines \u00f6ffentlichen Amtes ist der Notar f\u00fcr die Beurkundung von Willenserkl\u00e4rungen auf dem Gebiet der vorsorgenden Rechtspflege t\u00e4tig und sorgt nebenher f\u00fcr die Entlastung der Justiz. Im besten Fall wird ein Prozess aufgrund seiner Beratung und Vermittlung vermieden. Sollte es aber dennoch zum Streit kommen, sorgt eine Urkunde f\u00fcr&hellip; <a href=\"https:\/\/www.legalprofession.de\/index.php\/juristische-berufe-legal-profession\/notar\">Continue reading&#8230;<\/a><\/p>\n","protected":false},"author":2,"featured_media":0,"parent":1643,"menu_order":0,"comment_status":"closed","ping_status":"open","template":"templates\/page-full-width-widgets.php","meta":{"jetpack_post_was_ever_published":false,"footnotes":""},"class_list":["post-1780","page","type-page","status-publish","hentry"],"yoast_head":"<!-- This site is optimized with the Yoast SEO plugin v27.3 - https:\/\/yoast.com\/product\/yoast-seo-wordpress\/ -->\n<title>Notar - LegalProfession\u00ae<\/title>\n<meta name=\"description\" content=\"Als unabh\u00e4ngiger Tr\u00e4ger eines \u00f6ffentlichen Amtes ist der Notar f\u00fcr die Beurkundung von Willenserkl\u00e4rungen auf dem Gebiet der vorsorgenden Rechtspflege t\u00e4tig\" \/>\n<meta name=\"robots\" content=\"index, follow, max-snippet:-1, max-image-preview:large, max-video-preview:-1\" \/>\n<link rel=\"canonical\" href=\"https:\/\/www.legalprofession.de\/index.php\/juristische-berufe-legal-profession\/notar\" \/>\n<meta property=\"og:locale\" content=\"de_DE\" \/>\n<meta property=\"og:type\" content=\"article\" \/>\n<meta property=\"og:title\" content=\"Notar - LegalProfession\u00ae\" \/>\n<meta property=\"og:description\" content=\"Als unabh\u00e4ngiger Tr\u00e4ger eines \u00f6ffentlichen Amtes ist der Notar f\u00fcr die Beurkundung von Willenserkl\u00e4rungen auf dem Gebiet der vorsorgenden Rechtspflege t\u00e4tig\" \/>\n<meta property=\"og:url\" content=\"https:\/\/www.legalprofession.de\/index.php\/juristische-berufe-legal-profession\/notar\" \/>\n<meta property=\"og:site_name\" content=\"LegalProfession\u00ae\" \/>\n<meta property=\"article:modified_time\" content=\"2020-08-09T17:06:12+00:00\" \/>\n<meta property=\"og:image\" content=\"https:\/\/www.legalprofession.de\/wp-content\/uploads\/2014\/04\/Fotolia_54081266_S-e1397425591973.jpg\" \/>\n<meta name=\"twitter:card\" content=\"summary_large_image\" \/>\n<meta name=\"twitter:label1\" content=\"Gesch\u00e4tzte Lesezeit\" \/>\n\t<meta name=\"twitter:data1\" content=\"3\u00a0Minuten\" \/>\n<script type=\"application\/ld+json\" class=\"yoast-schema-graph\">{\"@context\":\"https:\\\/\\\/schema.org\",\"@graph\":[{\"@type\":\"WebPage\",\"@id\":\"https:\\\/\\\/www.legalprofession.de\\\/index.php\\\/juristische-berufe-legal-profession\\\/notar\",\"url\":\"https:\\\/\\\/www.legalprofession.de\\\/index.php\\\/juristische-berufe-legal-profession\\\/notar\",\"name\":\"Notar - LegalProfession\u00ae\",\"isPartOf\":{\"@id\":\"https:\\\/\\\/www.legalprofession.de\\\/#website\"},\"primaryImageOfPage\":{\"@id\":\"https:\\\/\\\/www.legalprofession.de\\\/index.php\\\/juristische-berufe-legal-profession\\\/notar#primaryimage\"},\"image\":{\"@id\":\"https:\\\/\\\/www.legalprofession.de\\\/index.php\\\/juristische-berufe-legal-profession\\\/notar#primaryimage\"},\"thumbnailUrl\":\"https:\\\/\\\/www.legalprofession.de\\\/wp-content\\\/uploads\\\/2014\\\/04\\\/Fotolia_54081266_S-e1397425591973.jpg\",\"datePublished\":\"2020-07-27T12:09:24+00:00\",\"dateModified\":\"2020-08-09T17:06:12+00:00\",\"description\":\"Als unabh\u00e4ngiger Tr\u00e4ger eines \u00f6ffentlichen Amtes ist der Notar f\u00fcr die Beurkundung von Willenserkl\u00e4rungen auf dem Gebiet der vorsorgenden Rechtspflege t\u00e4tig\",\"breadcrumb\":{\"@id\":\"https:\\\/\\\/www.legalprofession.de\\\/index.php\\\/juristische-berufe-legal-profession\\\/notar#breadcrumb\"},\"inLanguage\":\"de\",\"potentialAction\":[{\"@type\":\"ReadAction\",\"target\":[\"https:\\\/\\\/www.legalprofession.de\\\/index.php\\\/juristische-berufe-legal-profession\\\/notar\"]}]},{\"@type\":\"ImageObject\",\"inLanguage\":\"de\",\"@id\":\"https:\\\/\\\/www.legalprofession.de\\\/index.php\\\/juristische-berufe-legal-profession\\\/notar#primaryimage\",\"url\":\"https:\\\/\\\/i0.wp.com\\\/www.legalprofession.de\\\/wp-content\\\/uploads\\\/2014\\\/04\\\/Fotolia_54081266_S-e1397425591973.jpg?fit=400%2C267&ssl=1\",\"contentUrl\":\"https:\\\/\\\/i0.wp.com\\\/www.legalprofession.de\\\/wp-content\\\/uploads\\\/2014\\\/04\\\/Fotolia_54081266_S-e1397425591973.jpg?fit=400%2C267&ssl=1\",\"width\":400,\"height\":267,\"caption\":\"Rechtsanwaltsfachangestellte Familienrecht\"},{\"@type\":\"BreadcrumbList\",\"@id\":\"https:\\\/\\\/www.legalprofession.de\\\/index.php\\\/juristische-berufe-legal-profession\\\/notar#breadcrumb\",\"itemListElement\":[{\"@type\":\"ListItem\",\"position\":1,\"name\":\"Startseite\",\"item\":\"https:\\\/\\\/www.legalprofession.de\\\/\"},{\"@type\":\"ListItem\",\"position\":2,\"name\":\"Juristische Berufe &#8211; Legal Profession\",\"item\":\"https:\\\/\\\/www.legalprofession.de\\\/index.php\\\/juristische-berufe-legal-profession\"},{\"@type\":\"ListItem\",\"position\":3,\"name\":\"Notar\"}]},{\"@type\":\"WebSite\",\"@id\":\"https:\\\/\\\/www.legalprofession.de\\\/#website\",\"url\":\"https:\\\/\\\/www.legalprofession.de\\\/\",\"name\":\"LegalProfession\u00ae\",\"description\":\"Recruiting Coaching Consulting AZAV\",\"publisher\":{\"@id\":\"https:\\\/\\\/www.legalprofession.de\\\/#organization\"},\"potentialAction\":[{\"@type\":\"SearchAction\",\"target\":{\"@type\":\"EntryPoint\",\"urlTemplate\":\"https:\\\/\\\/www.legalprofession.de\\\/?s={search_term_string}\"},\"query-input\":{\"@type\":\"PropertyValueSpecification\",\"valueRequired\":true,\"valueName\":\"search_term_string\"}}],\"inLanguage\":\"de\"},{\"@type\":\"Organization\",\"@id\":\"https:\\\/\\\/www.legalprofession.de\\\/#organization\",\"name\":\"LegalProfession\u00ae Recruitment Coaching Consulting\",\"url\":\"https:\\\/\\\/www.legalprofession.de\\\/\",\"logo\":{\"@type\":\"ImageObject\",\"inLanguage\":\"de\",\"@id\":\"https:\\\/\\\/www.legalprofession.de\\\/#\\\/schema\\\/logo\\\/image\\\/\",\"url\":\"https:\\\/\\\/i0.wp.com\\\/www.legalprofession.de\\\/wp-content\\\/uploads\\\/Logo-LP-1.jpg?fit=354%2C141&ssl=1\",\"contentUrl\":\"https:\\\/\\\/i0.wp.com\\\/www.legalprofession.de\\\/wp-content\\\/uploads\\\/Logo-LP-1.jpg?fit=354%2C141&ssl=1\",\"width\":354,\"height\":141,\"caption\":\"LegalProfession\u00ae Recruitment Coaching Consulting\"},\"image\":{\"@id\":\"https:\\\/\\\/www.legalprofession.de\\\/#\\\/schema\\\/logo\\\/image\\\/\"},\"sameAs\":[\"https:\\\/\\\/www.linkedin.com\\\/in\\\/marion-proft-legalprofession\\\/\",\"https:\\\/\\\/www.xing.com\\\/profile\\\/Marion_Proft\\\/portfolio\"]}]}<\/script>\n<!-- \/ Yoast SEO plugin. -->","yoast_head_json":{"title":"Notar - LegalProfession\u00ae","description":"Als unabh\u00e4ngiger Tr\u00e4ger eines \u00f6ffentlichen Amtes ist der Notar f\u00fcr die Beurkundung von Willenserkl\u00e4rungen auf dem Gebiet der vorsorgenden Rechtspflege t\u00e4tig","robots":{"index":"index","follow":"follow","max-snippet":"max-snippet:-1","max-image-preview":"max-image-preview:large","max-video-preview":"max-video-preview:-1"},"canonical":"https:\/\/www.legalprofession.de\/index.php\/juristische-berufe-legal-profession\/notar","og_locale":"de_DE","og_type":"article","og_title":"Notar - LegalProfession\u00ae","og_description":"Als unabh\u00e4ngiger Tr\u00e4ger eines \u00f6ffentlichen Amtes ist der Notar f\u00fcr die Beurkundung von Willenserkl\u00e4rungen auf dem Gebiet der vorsorgenden Rechtspflege t\u00e4tig","og_url":"https:\/\/www.legalprofession.de\/index.php\/juristische-berufe-legal-profession\/notar","og_site_name":"LegalProfession\u00ae","article_modified_time":"2020-08-09T17:06:12+00:00","og_image":[{"url":"https:\/\/www.legalprofession.de\/wp-content\/uploads\/2014\/04\/Fotolia_54081266_S-e1397425591973.jpg","type":"","width":"","height":""}],"twitter_card":"summary_large_image","twitter_misc":{"Gesch\u00e4tzte Lesezeit":"3\u00a0Minuten"},"schema":{"@context":"https:\/\/schema.org","@graph":[{"@type":"WebPage","@id":"https:\/\/www.legalprofession.de\/index.php\/juristische-berufe-legal-profession\/notar","url":"https:\/\/www.legalprofession.de\/index.php\/juristische-berufe-legal-profession\/notar","name":"Notar - LegalProfession\u00ae","isPartOf":{"@id":"https:\/\/www.legalprofession.de\/#website"},"primaryImageOfPage":{"@id":"https:\/\/www.legalprofession.de\/index.php\/juristische-berufe-legal-profession\/notar#primaryimage"},"image":{"@id":"https:\/\/www.legalprofession.de\/index.php\/juristische-berufe-legal-profession\/notar#primaryimage"},"thumbnailUrl":"https:\/\/www.legalprofession.de\/wp-content\/uploads\/2014\/04\/Fotolia_54081266_S-e1397425591973.jpg","datePublished":"2020-07-27T12:09:24+00:00","dateModified":"2020-08-09T17:06:12+00:00","description":"Als unabh\u00e4ngiger Tr\u00e4ger eines \u00f6ffentlichen Amtes ist der Notar f\u00fcr die Beurkundung von Willenserkl\u00e4rungen auf dem Gebiet der vorsorgenden Rechtspflege t\u00e4tig","breadcrumb":{"@id":"https:\/\/www.legalprofession.de\/index.php\/juristische-berufe-legal-profession\/notar#breadcrumb"},"inLanguage":"de","potentialAction":[{"@type":"ReadAction","target":["https:\/\/www.legalprofession.de\/index.php\/juristische-berufe-legal-profession\/notar"]}]},{"@type":"ImageObject","inLanguage":"de","@id":"https:\/\/www.legalprofession.de\/index.php\/juristische-berufe-legal-profession\/notar#primaryimage","url":"https:\/\/i0.wp.com\/www.legalprofession.de\/wp-content\/uploads\/2014\/04\/Fotolia_54081266_S-e1397425591973.jpg?fit=400%2C267&ssl=1","contentUrl":"https:\/\/i0.wp.com\/www.legalprofession.de\/wp-content\/uploads\/2014\/04\/Fotolia_54081266_S-e1397425591973.jpg?fit=400%2C267&ssl=1","width":400,"height":267,"caption":"Rechtsanwaltsfachangestellte Familienrecht"},{"@type":"BreadcrumbList","@id":"https:\/\/www.legalprofession.de\/index.php\/juristische-berufe-legal-profession\/notar#breadcrumb","itemListElement":[{"@type":"ListItem","position":1,"name":"Startseite","item":"https:\/\/www.legalprofession.de\/"},{"@type":"ListItem","position":2,"name":"Juristische Berufe &#8211; Legal Profession","item":"https:\/\/www.legalprofession.de\/index.php\/juristische-berufe-legal-profession"},{"@type":"ListItem","position":3,"name":"Notar"}]},{"@type":"WebSite","@id":"https:\/\/www.legalprofession.de\/#website","url":"https:\/\/www.legalprofession.de\/","name":"LegalProfession\u00ae","description":"Recruiting Coaching Consulting AZAV","publisher":{"@id":"https:\/\/www.legalprofession.de\/#organization"},"potentialAction":[{"@type":"SearchAction","target":{"@type":"EntryPoint","urlTemplate":"https:\/\/www.legalprofession.de\/?s={search_term_string}"},"query-input":{"@type":"PropertyValueSpecification","valueRequired":true,"valueName":"search_term_string"}}],"inLanguage":"de"},{"@type":"Organization","@id":"https:\/\/www.legalprofession.de\/#organization","name":"LegalProfession\u00ae Recruitment Coaching Consulting","url":"https:\/\/www.legalprofession.de\/","logo":{"@type":"ImageObject","inLanguage":"de","@id":"https:\/\/www.legalprofession.de\/#\/schema\/logo\/image\/","url":"https:\/\/i0.wp.com\/www.legalprofession.de\/wp-content\/uploads\/Logo-LP-1.jpg?fit=354%2C141&ssl=1","contentUrl":"https:\/\/i0.wp.com\/www.legalprofession.de\/wp-content\/uploads\/Logo-LP-1.jpg?fit=354%2C141&ssl=1","width":354,"height":141,"caption":"LegalProfession\u00ae Recruitment Coaching Consulting"},"image":{"@id":"https:\/\/www.legalprofession.de\/#\/schema\/logo\/image\/"},"sameAs":["https:\/\/www.linkedin.com\/in\/marion-proft-legalprofession\/","https:\/\/www.xing.com\/profile\/Marion_Proft\/portfolio"]}]}},"jetpack_shortlink":"https:\/\/wp.me\/P8oDIe-sI","jetpack_sharing_enabled":true,"_links":{"self":[{"href":"https:\/\/www.legalprofession.de\/index.php\/wp-json\/wp\/v2\/pages\/1780","targetHints":{"allow":["GET"]}}],"collection":[{"href":"https:\/\/www.legalprofession.de\/index.php\/wp-json\/wp\/v2\/pages"}],"about":[{"href":"https:\/\/www.legalprofession.de\/index.php\/wp-json\/wp\/v2\/types\/page"}],"author":[{"embeddable":true,"href":"https:\/\/www.legalprofession.de\/index.php\/wp-json\/wp\/v2\/users\/2"}],"replies":[{"embeddable":true,"href":"https:\/\/www.legalprofession.de\/index.php\/wp-json\/wp\/v2\/comments?post=1780"}],"version-history":[{"count":0,"href":"https:\/\/www.legalprofession.de\/index.php\/wp-json\/wp\/v2\/pages\/1780\/revisions"}],"up":[{"embeddable":true,"href":"https:\/\/www.legalprofession.de\/index.php\/wp-json\/wp\/v2\/pages\/1643"}],"wp:attachment":[{"href":"https:\/\/www.legalprofession.de\/index.php\/wp-json\/wp\/v2\/media?parent=1780"}],"curies":[{"name":"wp","href":"https:\/\/api.w.org\/{rel}","templated":true}]}}