{"id":1788,"date":"2020-08-11T08:00:08","date_gmt":"2020-08-11T06:00:08","guid":{"rendered":"http:\/\/www.legalprofession.de\/?page_id=1788"},"modified":"2020-08-11T09:54:10","modified_gmt":"2020-08-11T07:54:10","slug":"volljurist","status":"publish","type":"page","link":"https:\/\/www.legalprofession.de\/index.php\/juristische-berufe-legal-profession\/volljurist","title":{"rendered":"Volljurist"},"content":{"rendered":"<p><img data-recalc-dims=\"1\" fetchpriority=\"high\" decoding=\"async\" data-attachment-id=\"1857\" data-permalink=\"https:\/\/www.legalprofession.de\/index.php\/juristische-berufe-legal-profession\/volljurist\/sex-symbol\" data-orig-file=\"https:\/\/i0.wp.com\/www.legalprofession.de\/wp-content\/uploads\/2014\/04\/Fotolia_53689273_S-e1397429067243.jpg?fit=400%2C267&amp;ssl=1\" data-orig-size=\"400,267\" data-comments-opened=\"0\" data-image-meta=\"{&quot;aperture&quot;:&quot;5.6&quot;,&quot;credit&quot;:&quot;olly - Fotolia&quot;,&quot;camera&quot;:&quot;Canon EOS 5D Mark II&quot;,&quot;caption&quot;:&quot;&quot;,&quot;created_timestamp&quot;:&quot;1363024419&quot;,&quot;copyright&quot;:&quot;olly - Fotolia&quot;,&quot;focal_length&quot;:&quot;50&quot;,&quot;iso&quot;:&quot;100&quot;,&quot;shutter_speed&quot;:&quot;0.008&quot;,&quot;title&quot;:&quot;sex symbol&quot;}\" data-image-title=\"Volljurist\" data-image-description=\"\" data-image-caption=\"&lt;p&gt;Volljurist mit VB und voll zufrieden&lt;\/p&gt;\n\" data-large-file=\"https:\/\/i0.wp.com\/www.legalprofession.de\/wp-content\/uploads\/2014\/04\/Fotolia_53689273_S-e1397429067243.jpg?fit=400%2C267&amp;ssl=1\" class=\"alignnone wp-image-1857 size-full\" src=\"https:\/\/i0.wp.com\/www.legalprofession.de\/wp-content\/uploads\/2014\/04\/Fotolia_53689273_S-e1397429067243.jpg?resize=400%2C267&#038;ssl=1\" alt=\"juristische Berufe Volljurist\" width=\"400\" height=\"267\" \/><\/p>\n<h5><span style=\"color: #ff0000;\">Volljurist mit zwei VB und voll zufrieden<\/span><\/h5>\n<p style=\"text-align: justify;\">Die in Deutschland umgangssprachliche Bezeichnung &#8222;Volljurist&#8220; basiert nicht auf einem Hipster mit Vollbart, nicht auf einem Vollrausch und leider viel zu selten auf einem &#8222;vollbefriedigend&#8220;. Allerdings w\u00e4ren zwei voll befriedigende Examen ein guter Grund um zu feiern. Mit einem Pr\u00e4dikatsexamen, was die deutlich \u00fcber dem Durchschnitt liegende Leistung bescheinigt, stehen dem Volljuristen alle T\u00fcren zum juristischen Markt weit offen.<\/p>\n<h5><span style=\"color: #ff0000;\">Karriere zwischen Staatsdienst, Wirtschaft und Anwaltszulassung<\/span><\/h5>\n<p style=\"text-align: justify;\">Ein Volljurist mit zwei VB kann voll zufrieden sein, denn er muss sich um seine Karriere nicht mehr sorgen. Vorausgesetzt er hat nach dem universit\u00e4ren Studium der Rechtswissenschaften, der ersten juristischen Pr\u00fcfung, dem Rechtsreferendariat an einem Oberlandesgericht und dem zweiten Staatsexamen seinen &#8222;Assessor juris&#8220; nicht nur geb\u00fchrlich gefeiert, sondern neben den begehrten Punktzahlen auch die komplette Kriegsbemalung mit Promotion und LL.M. angelegt.<\/p>\n<h5><span style=\"color: #ff0000;\">Liebling der Recruiter<\/span><\/h5>\n<p style=\"text-align: justify;\">Wenn er oder sie den LLM im englischsprachigen Ausland absolviert hat, sind auch die Legal Recruiter voll zufrieden. Er muss nur einen k\u00fchlen Kopf bewahren und seine Entscheidung treffen &#8211; zwischen Richteramt, Staatsdienst, Rechtsabteilung und Law Firm. Leider ist aber das Treffen von Entscheidungen auch f\u00fcr Juristen nicht so einfach, vor allem wenn es dabei um den zuk\u00fcnftigen Berufsweg und letztlich um das eigene Leben geht. Schlie\u00dflich ist ja Geld nicht alles, oder?<\/p>\n<h5><span style=\"color: #ff0000;\">vollbefriedigend ist nicht immer voll zufrieden<\/span><\/h5>\n<p style=\"text-align: justify;\">Die Gehaltsspirale f\u00fcr den juristischen Nachwuchs dreht sich, ungeachtet von Finanz- und Wirtschaftskrisen, stetig nach oben. Die 10 % mit den besten Abschl\u00fcssen werden von unz\u00e4hligen Wirtschaftskanzleien, WP-Gesellschaften, Headhuntern und Recruitern umworben. Man bringt ihnen die verlockenden und lukrativen Angebote direkt ins Haus, ob der Volljurist mit seinen mindestens 18 Punkten am Ende mit seinem Berufseinstieg voll zufrieden ist, steht auf einem anderen Blatt.<\/p>\n<pre><span style=\"color: #ff0000;\">Juristische Notenskala<\/span><\/pre>\n<ul>\n<li>\n<pre>ungen\u00fcgend 0 - 1,49<\/pre>\n<\/li>\n<li>\n<pre>mangelhaft 1,5 - 3,99<\/pre>\n<\/li>\n<li>\n<pre>ausreichend 4,00 - 6,49<\/pre>\n<\/li>\n<li>\n<pre>befriedigend 6,5 - 8,99<\/pre>\n<\/li>\n<li>\n<pre><span style=\"color: #ff0000;\">vollbefriedigend 9,00 - 11,49<\/span><\/pre>\n<\/li>\n<li>\n<pre>gut 11,5 - 13,99<\/pre>\n<\/li>\n<li>\n<pre>sehr gut 14 - 18<\/pre>\n<\/li>\n<\/ul>\n<p>&nbsp;<\/p>\n<h5 style=\"text-align: justify;\"><span style=\"color: #ff0000;\">Bef\u00e4higung zum Richteramt\u00a0<\/span><\/h5>\n<p style=\"text-align: justify;\">Der Volljurist sollte ja eigentlich Richter werden. Die juristische Ausbildung zielt in Deutschland immer noch auf den habilitierf\u00e4higen Oberlandesgerichtsrat, das Richteramt. Obwohl es ja das h\u00f6chste Ziel der juristischen Ausbildung ist, Recht zu sprechen, stehen am Ende zahlenm\u00e4\u00dfig die meisten Absolventen auf der Seite ihrer Mandanten. Wer Staatsanwalt werden will, hat sich meist schon w\u00e4hrend des Studiums f\u00fcr diesen Platz neben dem Angeklagten entscheiden.<\/p>\n<h5 style=\"text-align: justify;\"><span style=\"color: #ff0000;\">Zulassung zur Anwaltschaft<\/span><\/h5>\n<p style=\"text-align: justify;\">Viel wahrscheinlicher als eine Karriere im Staatsdienst ist f\u00fcr die Masse der Volljuristen der Weg in die Anwaltschaft. Diesen zulassungspflichtigen Beruf w\u00e4hlen, ca. 70 Prozent der daf\u00fcr berechtigten Volljuristen. Doch ein Volljurist ist (noch) kein Rechtsanwalt. Das Bestehen der Assessorenpr\u00fcfung ist nur die Voraussetzung, die Zulassung erfolgt erst auf Antrag bei der zust\u00e4ndigen Rechtsanwaltskammer. Sie beinhaltet anwaltliche Rechte und Pflichten, aber leider keine Ausbildung zum Rechtsanwalt. \u00dcbrigens ist die Entscheidung f\u00fcr den freien Anwaltsberuf nicht immer die erste Wahl, sondern den fehlenden zwei VB geschuldet.<\/p>\n<h5 style=\"text-align: justify;\"><span style=\"color: #ff0000;\">Vollanwalt<\/span><\/h5>\n<p style=\"text-align: justify;\">Obwohl der Begriff Volljurist heute als Erkl\u00e4rung f\u00fcr die einheitliche Ausbildung von Studium-Referendariat-Examen dient, ist er wohl eher auf den im 17. Jahrhundert in Deutschland erstmals erw\u00e4hnten Vollanwalt zur\u00fcckzuf\u00fchren. Denn nachdem sich die Teilung von Prokuratur und Advokatur langsam aufhob, war nun auch der Advokat befugt, beim Prozess anwesend zu sein. Er war damit befugt, sein selbst verfasstes Gutachten nicht mehr dem Prokurator, sondern dem Gericht einzureichen. Er vereinigte fortan beide Funktionen, das Schreiben und das Sprechen, in einer Person &#8211; dem Vollanwalt. Der Unterschied zwischen einem Vollanwalt und dem Volljuristen bleibt die Postulationsf\u00e4higkeit. Der Vollanwalt darf vor Gericht vertreten, der Volljurist muss zun\u00e4chst die Zulassung zur Anwaltschaft beantragen, bevor ihm dieses anwaltliche Berufsrecht zusteht.<\/p>\n","protected":false},"excerpt":{"rendered":"<p>Volljurist mit zwei VB und voll zufrieden Die in Deutschland umgangssprachliche Bezeichnung &#8222;Volljurist&#8220; basiert nicht auf einem Hipster mit Vollbart, nicht auf einem Vollrausch und leider viel zu selten auf einem &#8222;vollbefriedigend&#8220;. Allerdings w\u00e4ren zwei voll befriedigende Examen ein guter Grund um zu feiern. Mit einem Pr\u00e4dikatsexamen, was die deutlich \u00fcber dem Durchschnitt liegende Leistung&hellip; <a href=\"https:\/\/www.legalprofession.de\/index.php\/juristische-berufe-legal-profession\/volljurist\">Continue reading&#8230;<\/a><\/p>\n","protected":false},"author":2,"featured_media":0,"parent":1643,"menu_order":2,"comment_status":"closed","ping_status":"open","template":"templates\/page-full-width-widgets.php","meta":{"jetpack_post_was_ever_published":false,"footnotes":""},"class_list":["post-1788","page","type-page","status-publish","hentry"],"yoast_head":"<!-- This site is optimized with the Yoast SEO plugin v27.3 - https:\/\/yoast.com\/product\/yoast-seo-wordpress\/ -->\n<title>Volljurist - LegalProfession\u00ae<\/title>\n<meta name=\"description\" content=\"Die Bezeichnung &quot;Volljurist&quot; basiert nicht auf einem Hipster mit Vollbart, nicht auf einem Vollrausch und leider selten auf einem &quot;vollbefriedigend&quot;.\" \/>\n<meta name=\"robots\" content=\"index, follow, max-snippet:-1, max-image-preview:large, max-video-preview:-1\" \/>\n<link rel=\"canonical\" href=\"https:\/\/www.legalprofession.de\/index.php\/juristische-berufe-legal-profession\/volljurist\" \/>\n<meta property=\"og:locale\" content=\"de_DE\" \/>\n<meta property=\"og:type\" content=\"article\" \/>\n<meta property=\"og:title\" content=\"Volljurist - LegalProfession\u00ae\" \/>\n<meta property=\"og:description\" content=\"Die Bezeichnung &quot;Volljurist&quot; basiert nicht auf einem Hipster mit Vollbart, nicht auf einem Vollrausch und leider selten auf einem &quot;vollbefriedigend&quot;.\" \/>\n<meta property=\"og:url\" content=\"https:\/\/www.legalprofession.de\/index.php\/juristische-berufe-legal-profession\/volljurist\" \/>\n<meta property=\"og:site_name\" content=\"LegalProfession\u00ae\" \/>\n<meta property=\"article:modified_time\" content=\"2020-08-11T07:54:10+00:00\" \/>\n<meta property=\"og:image\" content=\"https:\/\/www.legalprofession.de\/wp-content\/uploads\/2014\/04\/Fotolia_53689273_S-e1397429067243.jpg\" \/>\n<meta name=\"twitter:card\" content=\"summary_large_image\" \/>\n<meta name=\"twitter:label1\" content=\"Gesch\u00e4tzte Lesezeit\" \/>\n\t<meta name=\"twitter:data1\" content=\"3\u00a0Minuten\" \/>\n<script type=\"application\/ld+json\" class=\"yoast-schema-graph\">{\"@context\":\"https:\\\/\\\/schema.org\",\"@graph\":[{\"@type\":\"WebPage\",\"@id\":\"https:\\\/\\\/www.legalprofession.de\\\/index.php\\\/juristische-berufe-legal-profession\\\/volljurist\",\"url\":\"https:\\\/\\\/www.legalprofession.de\\\/index.php\\\/juristische-berufe-legal-profession\\\/volljurist\",\"name\":\"Volljurist - LegalProfession\u00ae\",\"isPartOf\":{\"@id\":\"https:\\\/\\\/www.legalprofession.de\\\/#website\"},\"primaryImageOfPage\":{\"@id\":\"https:\\\/\\\/www.legalprofession.de\\\/index.php\\\/juristische-berufe-legal-profession\\\/volljurist#primaryimage\"},\"image\":{\"@id\":\"https:\\\/\\\/www.legalprofession.de\\\/index.php\\\/juristische-berufe-legal-profession\\\/volljurist#primaryimage\"},\"thumbnailUrl\":\"https:\\\/\\\/www.legalprofession.de\\\/wp-content\\\/uploads\\\/2014\\\/04\\\/Fotolia_53689273_S-e1397429067243.jpg\",\"datePublished\":\"2020-08-11T06:00:08+00:00\",\"dateModified\":\"2020-08-11T07:54:10+00:00\",\"description\":\"Die Bezeichnung \\\"Volljurist\\\" basiert nicht auf einem Hipster mit Vollbart, nicht auf einem Vollrausch und leider selten auf einem \\\"vollbefriedigend\\\".\",\"breadcrumb\":{\"@id\":\"https:\\\/\\\/www.legalprofession.de\\\/index.php\\\/juristische-berufe-legal-profession\\\/volljurist#breadcrumb\"},\"inLanguage\":\"de\",\"potentialAction\":[{\"@type\":\"ReadAction\",\"target\":[\"https:\\\/\\\/www.legalprofession.de\\\/index.php\\\/juristische-berufe-legal-profession\\\/volljurist\"]}]},{\"@type\":\"ImageObject\",\"inLanguage\":\"de\",\"@id\":\"https:\\\/\\\/www.legalprofession.de\\\/index.php\\\/juristische-berufe-legal-profession\\\/volljurist#primaryimage\",\"url\":\"https:\\\/\\\/i0.wp.com\\\/www.legalprofession.de\\\/wp-content\\\/uploads\\\/2014\\\/04\\\/Fotolia_53689273_S-e1397429067243.jpg?fit=400%2C267&ssl=1\",\"contentUrl\":\"https:\\\/\\\/i0.wp.com\\\/www.legalprofession.de\\\/wp-content\\\/uploads\\\/2014\\\/04\\\/Fotolia_53689273_S-e1397429067243.jpg?fit=400%2C267&ssl=1\",\"width\":400,\"height\":267,\"caption\":\"Volljurist mit VB und voll zufrieden\"},{\"@type\":\"BreadcrumbList\",\"@id\":\"https:\\\/\\\/www.legalprofession.de\\\/index.php\\\/juristische-berufe-legal-profession\\\/volljurist#breadcrumb\",\"itemListElement\":[{\"@type\":\"ListItem\",\"position\":1,\"name\":\"Startseite\",\"item\":\"https:\\\/\\\/www.legalprofession.de\\\/\"},{\"@type\":\"ListItem\",\"position\":2,\"name\":\"Juristische Berufe &#8211; Legal Profession\",\"item\":\"https:\\\/\\\/www.legalprofession.de\\\/index.php\\\/juristische-berufe-legal-profession\"},{\"@type\":\"ListItem\",\"position\":3,\"name\":\"Volljurist\"}]},{\"@type\":\"WebSite\",\"@id\":\"https:\\\/\\\/www.legalprofession.de\\\/#website\",\"url\":\"https:\\\/\\\/www.legalprofession.de\\\/\",\"name\":\"LegalProfession\u00ae\",\"description\":\"Recruiting Coaching Consulting AZAV\",\"publisher\":{\"@id\":\"https:\\\/\\\/www.legalprofession.de\\\/#organization\"},\"potentialAction\":[{\"@type\":\"SearchAction\",\"target\":{\"@type\":\"EntryPoint\",\"urlTemplate\":\"https:\\\/\\\/www.legalprofession.de\\\/?s={search_term_string}\"},\"query-input\":{\"@type\":\"PropertyValueSpecification\",\"valueRequired\":true,\"valueName\":\"search_term_string\"}}],\"inLanguage\":\"de\"},{\"@type\":\"Organization\",\"@id\":\"https:\\\/\\\/www.legalprofession.de\\\/#organization\",\"name\":\"LegalProfession\u00ae Recruitment Coaching Consulting\",\"url\":\"https:\\\/\\\/www.legalprofession.de\\\/\",\"logo\":{\"@type\":\"ImageObject\",\"inLanguage\":\"de\",\"@id\":\"https:\\\/\\\/www.legalprofession.de\\\/#\\\/schema\\\/logo\\\/image\\\/\",\"url\":\"https:\\\/\\\/i0.wp.com\\\/www.legalprofession.de\\\/wp-content\\\/uploads\\\/Logo-LP-1.jpg?fit=354%2C141&ssl=1\",\"contentUrl\":\"https:\\\/\\\/i0.wp.com\\\/www.legalprofession.de\\\/wp-content\\\/uploads\\\/Logo-LP-1.jpg?fit=354%2C141&ssl=1\",\"width\":354,\"height\":141,\"caption\":\"LegalProfession\u00ae Recruitment Coaching Consulting\"},\"image\":{\"@id\":\"https:\\\/\\\/www.legalprofession.de\\\/#\\\/schema\\\/logo\\\/image\\\/\"},\"sameAs\":[\"https:\\\/\\\/www.linkedin.com\\\/in\\\/marion-proft-legalprofession\\\/\",\"https:\\\/\\\/www.xing.com\\\/profile\\\/Marion_Proft\\\/portfolio\"]}]}<\/script>\n<!-- \/ Yoast SEO plugin. -->","yoast_head_json":{"title":"Volljurist - LegalProfession\u00ae","description":"Die Bezeichnung \"Volljurist\" basiert nicht auf einem Hipster mit Vollbart, nicht auf einem Vollrausch und leider selten auf einem \"vollbefriedigend\".","robots":{"index":"index","follow":"follow","max-snippet":"max-snippet:-1","max-image-preview":"max-image-preview:large","max-video-preview":"max-video-preview:-1"},"canonical":"https:\/\/www.legalprofession.de\/index.php\/juristische-berufe-legal-profession\/volljurist","og_locale":"de_DE","og_type":"article","og_title":"Volljurist - LegalProfession\u00ae","og_description":"Die Bezeichnung \"Volljurist\" basiert nicht auf einem Hipster mit Vollbart, nicht auf einem Vollrausch und leider selten auf einem \"vollbefriedigend\".","og_url":"https:\/\/www.legalprofession.de\/index.php\/juristische-berufe-legal-profession\/volljurist","og_site_name":"LegalProfession\u00ae","article_modified_time":"2020-08-11T07:54:10+00:00","og_image":[{"url":"https:\/\/www.legalprofession.de\/wp-content\/uploads\/2014\/04\/Fotolia_53689273_S-e1397429067243.jpg","type":"","width":"","height":""}],"twitter_card":"summary_large_image","twitter_misc":{"Gesch\u00e4tzte Lesezeit":"3\u00a0Minuten"},"schema":{"@context":"https:\/\/schema.org","@graph":[{"@type":"WebPage","@id":"https:\/\/www.legalprofession.de\/index.php\/juristische-berufe-legal-profession\/volljurist","url":"https:\/\/www.legalprofession.de\/index.php\/juristische-berufe-legal-profession\/volljurist","name":"Volljurist - LegalProfession\u00ae","isPartOf":{"@id":"https:\/\/www.legalprofession.de\/#website"},"primaryImageOfPage":{"@id":"https:\/\/www.legalprofession.de\/index.php\/juristische-berufe-legal-profession\/volljurist#primaryimage"},"image":{"@id":"https:\/\/www.legalprofession.de\/index.php\/juristische-berufe-legal-profession\/volljurist#primaryimage"},"thumbnailUrl":"https:\/\/www.legalprofession.de\/wp-content\/uploads\/2014\/04\/Fotolia_53689273_S-e1397429067243.jpg","datePublished":"2020-08-11T06:00:08+00:00","dateModified":"2020-08-11T07:54:10+00:00","description":"Die Bezeichnung \"Volljurist\" basiert nicht auf einem Hipster mit Vollbart, nicht auf einem Vollrausch und leider selten auf einem \"vollbefriedigend\".","breadcrumb":{"@id":"https:\/\/www.legalprofession.de\/index.php\/juristische-berufe-legal-profession\/volljurist#breadcrumb"},"inLanguage":"de","potentialAction":[{"@type":"ReadAction","target":["https:\/\/www.legalprofession.de\/index.php\/juristische-berufe-legal-profession\/volljurist"]}]},{"@type":"ImageObject","inLanguage":"de","@id":"https:\/\/www.legalprofession.de\/index.php\/juristische-berufe-legal-profession\/volljurist#primaryimage","url":"https:\/\/i0.wp.com\/www.legalprofession.de\/wp-content\/uploads\/2014\/04\/Fotolia_53689273_S-e1397429067243.jpg?fit=400%2C267&ssl=1","contentUrl":"https:\/\/i0.wp.com\/www.legalprofession.de\/wp-content\/uploads\/2014\/04\/Fotolia_53689273_S-e1397429067243.jpg?fit=400%2C267&ssl=1","width":400,"height":267,"caption":"Volljurist mit VB und voll zufrieden"},{"@type":"BreadcrumbList","@id":"https:\/\/www.legalprofession.de\/index.php\/juristische-berufe-legal-profession\/volljurist#breadcrumb","itemListElement":[{"@type":"ListItem","position":1,"name":"Startseite","item":"https:\/\/www.legalprofession.de\/"},{"@type":"ListItem","position":2,"name":"Juristische Berufe &#8211; Legal Profession","item":"https:\/\/www.legalprofession.de\/index.php\/juristische-berufe-legal-profession"},{"@type":"ListItem","position":3,"name":"Volljurist"}]},{"@type":"WebSite","@id":"https:\/\/www.legalprofession.de\/#website","url":"https:\/\/www.legalprofession.de\/","name":"LegalProfession\u00ae","description":"Recruiting Coaching Consulting AZAV","publisher":{"@id":"https:\/\/www.legalprofession.de\/#organization"},"potentialAction":[{"@type":"SearchAction","target":{"@type":"EntryPoint","urlTemplate":"https:\/\/www.legalprofession.de\/?s={search_term_string}"},"query-input":{"@type":"PropertyValueSpecification","valueRequired":true,"valueName":"search_term_string"}}],"inLanguage":"de"},{"@type":"Organization","@id":"https:\/\/www.legalprofession.de\/#organization","name":"LegalProfession\u00ae Recruitment Coaching Consulting","url":"https:\/\/www.legalprofession.de\/","logo":{"@type":"ImageObject","inLanguage":"de","@id":"https:\/\/www.legalprofession.de\/#\/schema\/logo\/image\/","url":"https:\/\/i0.wp.com\/www.legalprofession.de\/wp-content\/uploads\/Logo-LP-1.jpg?fit=354%2C141&ssl=1","contentUrl":"https:\/\/i0.wp.com\/www.legalprofession.de\/wp-content\/uploads\/Logo-LP-1.jpg?fit=354%2C141&ssl=1","width":354,"height":141,"caption":"LegalProfession\u00ae Recruitment Coaching Consulting"},"image":{"@id":"https:\/\/www.legalprofession.de\/#\/schema\/logo\/image\/"},"sameAs":["https:\/\/www.linkedin.com\/in\/marion-proft-legalprofession\/","https:\/\/www.xing.com\/profile\/Marion_Proft\/portfolio"]}]}},"jetpack_shortlink":"https:\/\/wp.me\/P8oDIe-sQ","jetpack_sharing_enabled":true,"_links":{"self":[{"href":"https:\/\/www.legalprofession.de\/index.php\/wp-json\/wp\/v2\/pages\/1788","targetHints":{"allow":["GET"]}}],"collection":[{"href":"https:\/\/www.legalprofession.de\/index.php\/wp-json\/wp\/v2\/pages"}],"about":[{"href":"https:\/\/www.legalprofession.de\/index.php\/wp-json\/wp\/v2\/types\/page"}],"author":[{"embeddable":true,"href":"https:\/\/www.legalprofession.de\/index.php\/wp-json\/wp\/v2\/users\/2"}],"replies":[{"embeddable":true,"href":"https:\/\/www.legalprofession.de\/index.php\/wp-json\/wp\/v2\/comments?post=1788"}],"version-history":[{"count":0,"href":"https:\/\/www.legalprofession.de\/index.php\/wp-json\/wp\/v2\/pages\/1788\/revisions"}],"up":[{"embeddable":true,"href":"https:\/\/www.legalprofession.de\/index.php\/wp-json\/wp\/v2\/pages\/1643"}],"wp:attachment":[{"href":"https:\/\/www.legalprofession.de\/index.php\/wp-json\/wp\/v2\/media?parent=1788"}],"curies":[{"name":"wp","href":"https:\/\/api.w.org\/{rel}","templated":true}]}}