{"id":1813,"date":"2020-07-28T14:36:35","date_gmt":"2020-07-28T12:36:35","guid":{"rendered":"http:\/\/www.legalprofession.de\/?page_id=1813"},"modified":"2020-08-11T19:06:09","modified_gmt":"2020-08-11T17:06:09","slug":"anwaltsassistenz-wirtschaftskanzlei","status":"publish","type":"page","link":"https:\/\/www.legalprofession.de\/index.php\/juristische-berufe-legal-profession\/assistenzberufe\/anwaltsassistenz-wirtschaftskanzlei","title":{"rendered":"Anwaltsassistenz Wirtschaftskanzlei"},"content":{"rendered":"<p style=\"text-align: justify;\">Die Anwaltsassistenz ist eine beliebte Position in der Wirtschaftskanzlei. Die Anwaltsassistenz ist kaufm\u00e4nnisch und fremdsprachlich gebildet, absolut flexibel, mit sichtbarer Hands-on-Mentalit\u00e4t und stets on time, punctually, promt. Und jetzt bitte noch l\u00e4cheln! Super, mit dieser Performance entsprechen Sie den Wunschvorstellungen der Partner und Rechtsanw\u00e4lte einer internationalen Wirtschaftskanzlei.<\/p>\n<p><img data-recalc-dims=\"1\" fetchpriority=\"high\" decoding=\"async\" data-attachment-id=\"1834\" data-permalink=\"https:\/\/www.legalprofession.de\/index.php\/juristische-berufe-legal-profession\/assistenzberufe\/anwaltsassistenz-wirtschaftskanzlei\/multi-tasking-businesswoman\" data-orig-file=\"https:\/\/i0.wp.com\/www.legalprofession.de\/wp-content\/uploads\/2014\/04\/Fotolia_43135335_S-e1397424633878.jpg?fit=400%2C341&amp;ssl=1\" data-orig-size=\"400,341\" data-comments-opened=\"0\" data-image-meta=\"{&quot;aperture&quot;:&quot;0&quot;,&quot;credit&quot;:&quot;olly - Fotolia&quot;,&quot;camera&quot;:&quot;&quot;,&quot;caption&quot;:&quot;&quot;,&quot;created_timestamp&quot;:&quot;1342023591&quot;,&quot;copyright&quot;:&quot;olly - Fotolia&quot;,&quot;focal_length&quot;:&quot;0&quot;,&quot;iso&quot;:&quot;0&quot;,&quot;shutter_speed&quot;:&quot;0&quot;,&quot;title&quot;:&quot;Multi-tasking businesswoman&quot;}\" data-image-title=\"AnwaltsAss\" data-image-description=\"\" data-image-caption=\"&lt;p&gt;Die internationale Anwaltsassistentin&lt;\/p&gt;\n\" data-large-file=\"https:\/\/i0.wp.com\/www.legalprofession.de\/wp-content\/uploads\/2014\/04\/Fotolia_43135335_S-e1397424633878.jpg?fit=400%2C341&amp;ssl=1\" class=\"alignnone wp-image-1834 size-full\" src=\"https:\/\/i0.wp.com\/www.legalprofession.de\/wp-content\/uploads\/2014\/04\/Fotolia_43135335_S-e1397424633878.jpg?resize=400%2C341&#038;ssl=1\" alt=\"Anwaltsassistenz Wirtschaftskanzlei\" width=\"400\" height=\"341\" \/><\/p>\n<p style=\"text-align: justify;\">Aber dieses vierh\u00e4ndige Gesch\u00f6pf gibt es ebenso selten, wie eine dementsprechende Ausbildung. Die kaufm\u00e4nnische und fremdsprachliche Anwaltsassistenz ist kein Lehrberuf und es gibt auch keine Weiterbildung, die zu einem anerkannten Berufsabschluss f\u00fchren k\u00f6nnte. Das AnwaltsAss ist eher eine wunschgem\u00e4\u00dfe Sch\u00f6pfung aus einer fristensicheren <a href=\"https:\/\/www.legalprofession.de\/index.php\/juristische-berufe-legal-profession\/assistenzberufe\/rechtsanwaltsfachangestellte\">Rechtsanwaltsfachangestellten<\/a>, einer Fremdsprachenkorrespondentin und einer erfahrenen Sekret\u00e4rin. Sie ist der klassische Quereinsteiger. Die Anwaltsassistenz w\u00e4chst durch Selbstentwicklung, mit Durchhalteverm\u00f6gen, Flei\u00df, inhouse Schulungen, Sprachkursen und learning-by-doing innerhalb von drei Jahren in einer <a href=\"https:\/\/www.legalprofession.de\/index.php\/arbeitgeber-juristische-berufe\/internationale-wirtschaftskanzlei\">Wirtschaftskanzlei<\/a> heran.<\/p>\n<h5><span style=\"color: #ff0000;\">Das AnwaltsAss \u2665 &#8211; Wunschkandidat der Wirtschaftsanw\u00e4lte<\/span><\/h5>\n<p style=\"text-align: justify;\">Das AnwaltsAss ist selbstorganisiert, sprachgewandt, parkettsicher und ebenso multitasking- wie anpassungsf\u00e4hig. Kein Wunder, dass die Anwaltsassistenz in der Gunst der Wirtschaftskanzleien und Rechtsabteilungen, aber auch auf der Liste der Recruiter und Headhunter ganz oben steht. Schlie\u00dflich ist das AnwaltsAss\u2665 stress- und leidgepr\u00fcft &#8211; und das auf Deutsch und Englisch. Und so gibt es hunderte Stellenanzeigen mit fantasievollen Bezeichnungen f\u00fcr diesen Beruf, der keiner ist. Anwaltssekret\u00e4rin, Partnersekret\u00e4rin, Teamassistentin, Personal Assistant oder auch Legal-PA werden gesucht.<\/p>\n<h5 style=\"text-align: justify;\"><span style=\"color: #ff0000;\">Diktate, Termine, E-Mails, Pr\u00e4sentationen<\/span><\/h5>\n<p>Da der Anwalt trotz digitaler Spracherkennung immer noch diktiert, l\u00e4sst er auch schreiben. Seit der Erfindung von Microsoft-Office l\u00e4sst er seine Dokumente auch formatieren. Seit der Einrichtung seines E-Mail-Accounts l\u00e4sst er sehr viel drucken und speichern. Aber auch kopieren, klammern und heften l\u00e4sst er gern. Seitdem er um seine Mandate pitchen muss, l\u00e4sst er auch Power Point Pr\u00e4sentationen erstellen. Der internationale Wirtschaftsanwalt ist auf f\u00fcnf Kontinenten unterwegs. Seine Reisen l\u00e4sst er buchen, ebenso wie die Treffen mit seinen Mandanten und Gesch\u00e4ftspartnern. Alles fristgem\u00e4\u00df, termingerecht und unter Beachtung von Zeitverschiebung und Flugversp\u00e4tung. Die weltweite Corona-Pandemie trifft ihn schwer, nun l\u00e4sst er auch Videokonferenzen, Telcos organisieren.<\/p>\n<h5 style=\"text-align: justify;\"><span style=\"color: #ff0000;\">Phonodiktat, 10-Finger-Schreiben, Legal English<\/span><\/h5>\n<p>Daf\u00fcr braucht seine Assistenz flinke Finger, ein gutes H\u00f6r- und Sprachverst\u00e4ndnis und gute Englischkenntnisse. Das AnwaltsAss \u2665 beherrscht das englische Phonodiktat und im besten Fall auch Legal English. Die versierte zweisprachige Anwaltsassistentin findet man vorwiegend in den Bereichen Corporate und M&amp;A, also im Gesellschaftsrecht, bei Transaktionsanw\u00e4lten und bei den jungen Associates. Die kommen meist nach ihrem LL.M. im englischsprachigen Ausland in die Law Firm und w\u00fcnschen sich einen Legal Assistant mit erprobten Englischkenntnissen.<\/p>\n<h5><span style=\"color: #ff0000;\">Organisationstalent\u00a0<\/span><\/h5>\n<p>Die Hauptaufgabe der Anwaltsassistenz ist die Organisation des Daily Business im Anwaltssekretariat. Sie organisieren alles und jeden. Dazu z\u00e4hlen neben dem Partner, seine Associates, die wissenschaftlichen Mitarbeiter und Referendare vielleicht sogar ein Auszubildender. Es gibt alle H\u00e4nde voll zu tun.<\/p>\n<p style=\"text-align: justify;\">Wenn Sie die notwendige Hands-on-Mentalit\u00e4t haben, dann schauen Sie in den <a href=\"https:\/\/www.legalprofession.de\/index.php\/stellenmarkt-juristische-assistenz\">Stellenmarkt<\/a> der juristischen Assistenz. Wir freuen uns auf Ihre <a href=\"https:\/\/www.legalprofession.de\/index.php\/job\/1304-001-anwaltsassistenz-in-wirtschaftskanzleien\">Initiativbewerbung: 1304-01<\/a><\/p>\n<p>&nbsp;<\/p>\n","protected":false},"excerpt":{"rendered":"<p>Die Anwaltsassistenz ist eine beliebte Position in der Wirtschaftskanzlei. Die Anwaltsassistenz ist kaufm\u00e4nnisch und fremdsprachlich gebildet, absolut flexibel, mit sichtbarer Hands-on-Mentalit\u00e4t und stets on time, punctually, promt. Und jetzt bitte noch l\u00e4cheln! Super, mit dieser Performance entsprechen Sie den Wunschvorstellungen der Partner und Rechtsanw\u00e4lte einer internationalen Wirtschaftskanzlei. Aber dieses vierh\u00e4ndige Gesch\u00f6pf gibt es ebenso selten,&hellip; <a href=\"https:\/\/www.legalprofession.de\/index.php\/juristische-berufe-legal-profession\/assistenzberufe\/anwaltsassistenz-wirtschaftskanzlei\">Continue reading&#8230;<\/a><\/p>\n","protected":false},"author":2,"featured_media":0,"parent":1697,"menu_order":0,"comment_status":"closed","ping_status":"open","template":"templates\/page-full-width-widgets.php","meta":{"jetpack_post_was_ever_published":false,"footnotes":""},"class_list":["post-1813","page","type-page","status-publish","hentry"],"yoast_head":"<!-- This site is optimized with the Yoast SEO plugin v27.3 - https:\/\/yoast.com\/product\/yoast-seo-wordpress\/ -->\n<title>Anwaltsassistenz Wirtschaftskanzlei - LegalProfession\u00ae<\/title>\n<meta name=\"description\" content=\"Die Anwaltsassistenz ist eine Funktion der Wirtschaftskanzlei. Sie ist fremdsprachlich gebildet, flexibel und immer on time.\" \/>\n<meta name=\"robots\" content=\"index, follow, max-snippet:-1, max-image-preview:large, max-video-preview:-1\" \/>\n<link rel=\"canonical\" href=\"https:\/\/www.legalprofession.de\/index.php\/juristische-berufe-legal-profession\/assistenzberufe\/anwaltsassistenz-wirtschaftskanzlei\" \/>\n<meta property=\"og:locale\" content=\"de_DE\" \/>\n<meta property=\"og:type\" content=\"article\" \/>\n<meta property=\"og:title\" content=\"Anwaltsassistenz Wirtschaftskanzlei - LegalProfession\u00ae\" \/>\n<meta property=\"og:description\" content=\"Die Anwaltsassistenz ist eine Funktion der Wirtschaftskanzlei. Sie ist fremdsprachlich gebildet, flexibel und immer on time.\" \/>\n<meta property=\"og:url\" content=\"https:\/\/www.legalprofession.de\/index.php\/juristische-berufe-legal-profession\/assistenzberufe\/anwaltsassistenz-wirtschaftskanzlei\" \/>\n<meta property=\"og:site_name\" content=\"LegalProfession\u00ae\" \/>\n<meta property=\"article:modified_time\" content=\"2020-08-11T17:06:09+00:00\" \/>\n<meta property=\"og:image\" content=\"https:\/\/www.legalprofession.de\/wp-content\/uploads\/2014\/04\/Fotolia_43135335_S-e1397424633878.jpg\" \/>\n<meta name=\"twitter:card\" content=\"summary_large_image\" \/>\n<meta name=\"twitter:label1\" content=\"Gesch\u00e4tzte Lesezeit\" \/>\n\t<meta name=\"twitter:data1\" content=\"2\u00a0Minuten\" \/>\n<script type=\"application\/ld+json\" class=\"yoast-schema-graph\">{\"@context\":\"https:\\\/\\\/schema.org\",\"@graph\":[{\"@type\":\"WebPage\",\"@id\":\"https:\\\/\\\/www.legalprofession.de\\\/index.php\\\/juristische-berufe-legal-profession\\\/assistenzberufe\\\/anwaltsassistenz-wirtschaftskanzlei\",\"url\":\"https:\\\/\\\/www.legalprofession.de\\\/index.php\\\/juristische-berufe-legal-profession\\\/assistenzberufe\\\/anwaltsassistenz-wirtschaftskanzlei\",\"name\":\"Anwaltsassistenz Wirtschaftskanzlei - LegalProfession\u00ae\",\"isPartOf\":{\"@id\":\"https:\\\/\\\/www.legalprofession.de\\\/#website\"},\"primaryImageOfPage\":{\"@id\":\"https:\\\/\\\/www.legalprofession.de\\\/index.php\\\/juristische-berufe-legal-profession\\\/assistenzberufe\\\/anwaltsassistenz-wirtschaftskanzlei#primaryimage\"},\"image\":{\"@id\":\"https:\\\/\\\/www.legalprofession.de\\\/index.php\\\/juristische-berufe-legal-profession\\\/assistenzberufe\\\/anwaltsassistenz-wirtschaftskanzlei#primaryimage\"},\"thumbnailUrl\":\"https:\\\/\\\/www.legalprofession.de\\\/wp-content\\\/uploads\\\/2014\\\/04\\\/Fotolia_43135335_S-e1397424633878.jpg\",\"datePublished\":\"2020-07-28T12:36:35+00:00\",\"dateModified\":\"2020-08-11T17:06:09+00:00\",\"description\":\"Die Anwaltsassistenz ist eine Funktion der Wirtschaftskanzlei. Sie ist fremdsprachlich gebildet, flexibel und immer on time.\",\"breadcrumb\":{\"@id\":\"https:\\\/\\\/www.legalprofession.de\\\/index.php\\\/juristische-berufe-legal-profession\\\/assistenzberufe\\\/anwaltsassistenz-wirtschaftskanzlei#breadcrumb\"},\"inLanguage\":\"de\",\"potentialAction\":[{\"@type\":\"ReadAction\",\"target\":[\"https:\\\/\\\/www.legalprofession.de\\\/index.php\\\/juristische-berufe-legal-profession\\\/assistenzberufe\\\/anwaltsassistenz-wirtschaftskanzlei\"]}]},{\"@type\":\"ImageObject\",\"inLanguage\":\"de\",\"@id\":\"https:\\\/\\\/www.legalprofession.de\\\/index.php\\\/juristische-berufe-legal-profession\\\/assistenzberufe\\\/anwaltsassistenz-wirtschaftskanzlei#primaryimage\",\"url\":\"https:\\\/\\\/i0.wp.com\\\/www.legalprofession.de\\\/wp-content\\\/uploads\\\/2014\\\/04\\\/Fotolia_43135335_S-e1397424633878.jpg?fit=400%2C341&ssl=1\",\"contentUrl\":\"https:\\\/\\\/i0.wp.com\\\/www.legalprofession.de\\\/wp-content\\\/uploads\\\/2014\\\/04\\\/Fotolia_43135335_S-e1397424633878.jpg?fit=400%2C341&ssl=1\",\"width\":400,\"height\":341,\"caption\":\"Die internationale Anwaltsassistentin\"},{\"@type\":\"BreadcrumbList\",\"@id\":\"https:\\\/\\\/www.legalprofession.de\\\/index.php\\\/juristische-berufe-legal-profession\\\/assistenzberufe\\\/anwaltsassistenz-wirtschaftskanzlei#breadcrumb\",\"itemListElement\":[{\"@type\":\"ListItem\",\"position\":1,\"name\":\"Startseite\",\"item\":\"https:\\\/\\\/www.legalprofession.de\\\/\"},{\"@type\":\"ListItem\",\"position\":2,\"name\":\"Juristische Berufe &#8211; Legal Profession\",\"item\":\"https:\\\/\\\/www.legalprofession.de\\\/index.php\\\/juristische-berufe-legal-profession\"},{\"@type\":\"ListItem\",\"position\":3,\"name\":\"Assistenzberufe\",\"item\":\"https:\\\/\\\/www.legalprofession.de\\\/index.php\\\/juristische-berufe-legal-profession\\\/assistenzberufe\"},{\"@type\":\"ListItem\",\"position\":4,\"name\":\"Anwaltsassistenz Wirtschaftskanzlei\"}]},{\"@type\":\"WebSite\",\"@id\":\"https:\\\/\\\/www.legalprofession.de\\\/#website\",\"url\":\"https:\\\/\\\/www.legalprofession.de\\\/\",\"name\":\"LegalProfession\u00ae\",\"description\":\"Recruiting Coaching Consulting AZAV\",\"publisher\":{\"@id\":\"https:\\\/\\\/www.legalprofession.de\\\/#organization\"},\"potentialAction\":[{\"@type\":\"SearchAction\",\"target\":{\"@type\":\"EntryPoint\",\"urlTemplate\":\"https:\\\/\\\/www.legalprofession.de\\\/?s={search_term_string}\"},\"query-input\":{\"@type\":\"PropertyValueSpecification\",\"valueRequired\":true,\"valueName\":\"search_term_string\"}}],\"inLanguage\":\"de\"},{\"@type\":\"Organization\",\"@id\":\"https:\\\/\\\/www.legalprofession.de\\\/#organization\",\"name\":\"LegalProfession\u00ae Recruitment Coaching Consulting\",\"url\":\"https:\\\/\\\/www.legalprofession.de\\\/\",\"logo\":{\"@type\":\"ImageObject\",\"inLanguage\":\"de\",\"@id\":\"https:\\\/\\\/www.legalprofession.de\\\/#\\\/schema\\\/logo\\\/image\\\/\",\"url\":\"https:\\\/\\\/i0.wp.com\\\/www.legalprofession.de\\\/wp-content\\\/uploads\\\/Logo-LP-1.jpg?fit=354%2C141&ssl=1\",\"contentUrl\":\"https:\\\/\\\/i0.wp.com\\\/www.legalprofession.de\\\/wp-content\\\/uploads\\\/Logo-LP-1.jpg?fit=354%2C141&ssl=1\",\"width\":354,\"height\":141,\"caption\":\"LegalProfession\u00ae Recruitment Coaching Consulting\"},\"image\":{\"@id\":\"https:\\\/\\\/www.legalprofession.de\\\/#\\\/schema\\\/logo\\\/image\\\/\"},\"sameAs\":[\"https:\\\/\\\/www.linkedin.com\\\/in\\\/marion-proft-legalprofession\\\/\",\"https:\\\/\\\/www.xing.com\\\/profile\\\/Marion_Proft\\\/portfolio\"]}]}<\/script>\n<!-- \/ Yoast SEO plugin. -->","yoast_head_json":{"title":"Anwaltsassistenz Wirtschaftskanzlei - LegalProfession\u00ae","description":"Die Anwaltsassistenz ist eine Funktion der Wirtschaftskanzlei. Sie ist fremdsprachlich gebildet, flexibel und immer on time.","robots":{"index":"index","follow":"follow","max-snippet":"max-snippet:-1","max-image-preview":"max-image-preview:large","max-video-preview":"max-video-preview:-1"},"canonical":"https:\/\/www.legalprofession.de\/index.php\/juristische-berufe-legal-profession\/assistenzberufe\/anwaltsassistenz-wirtschaftskanzlei","og_locale":"de_DE","og_type":"article","og_title":"Anwaltsassistenz Wirtschaftskanzlei - LegalProfession\u00ae","og_description":"Die Anwaltsassistenz ist eine Funktion der Wirtschaftskanzlei. Sie ist fremdsprachlich gebildet, flexibel und immer on time.","og_url":"https:\/\/www.legalprofession.de\/index.php\/juristische-berufe-legal-profession\/assistenzberufe\/anwaltsassistenz-wirtschaftskanzlei","og_site_name":"LegalProfession\u00ae","article_modified_time":"2020-08-11T17:06:09+00:00","og_image":[{"url":"https:\/\/www.legalprofession.de\/wp-content\/uploads\/2014\/04\/Fotolia_43135335_S-e1397424633878.jpg","type":"","width":"","height":""}],"twitter_card":"summary_large_image","twitter_misc":{"Gesch\u00e4tzte Lesezeit":"2\u00a0Minuten"},"schema":{"@context":"https:\/\/schema.org","@graph":[{"@type":"WebPage","@id":"https:\/\/www.legalprofession.de\/index.php\/juristische-berufe-legal-profession\/assistenzberufe\/anwaltsassistenz-wirtschaftskanzlei","url":"https:\/\/www.legalprofession.de\/index.php\/juristische-berufe-legal-profession\/assistenzberufe\/anwaltsassistenz-wirtschaftskanzlei","name":"Anwaltsassistenz Wirtschaftskanzlei - LegalProfession\u00ae","isPartOf":{"@id":"https:\/\/www.legalprofession.de\/#website"},"primaryImageOfPage":{"@id":"https:\/\/www.legalprofession.de\/index.php\/juristische-berufe-legal-profession\/assistenzberufe\/anwaltsassistenz-wirtschaftskanzlei#primaryimage"},"image":{"@id":"https:\/\/www.legalprofession.de\/index.php\/juristische-berufe-legal-profession\/assistenzberufe\/anwaltsassistenz-wirtschaftskanzlei#primaryimage"},"thumbnailUrl":"https:\/\/www.legalprofession.de\/wp-content\/uploads\/2014\/04\/Fotolia_43135335_S-e1397424633878.jpg","datePublished":"2020-07-28T12:36:35+00:00","dateModified":"2020-08-11T17:06:09+00:00","description":"Die Anwaltsassistenz ist eine Funktion der Wirtschaftskanzlei. Sie ist fremdsprachlich gebildet, flexibel und immer on time.","breadcrumb":{"@id":"https:\/\/www.legalprofession.de\/index.php\/juristische-berufe-legal-profession\/assistenzberufe\/anwaltsassistenz-wirtschaftskanzlei#breadcrumb"},"inLanguage":"de","potentialAction":[{"@type":"ReadAction","target":["https:\/\/www.legalprofession.de\/index.php\/juristische-berufe-legal-profession\/assistenzberufe\/anwaltsassistenz-wirtschaftskanzlei"]}]},{"@type":"ImageObject","inLanguage":"de","@id":"https:\/\/www.legalprofession.de\/index.php\/juristische-berufe-legal-profession\/assistenzberufe\/anwaltsassistenz-wirtschaftskanzlei#primaryimage","url":"https:\/\/i0.wp.com\/www.legalprofession.de\/wp-content\/uploads\/2014\/04\/Fotolia_43135335_S-e1397424633878.jpg?fit=400%2C341&ssl=1","contentUrl":"https:\/\/i0.wp.com\/www.legalprofession.de\/wp-content\/uploads\/2014\/04\/Fotolia_43135335_S-e1397424633878.jpg?fit=400%2C341&ssl=1","width":400,"height":341,"caption":"Die internationale Anwaltsassistentin"},{"@type":"BreadcrumbList","@id":"https:\/\/www.legalprofession.de\/index.php\/juristische-berufe-legal-profession\/assistenzberufe\/anwaltsassistenz-wirtschaftskanzlei#breadcrumb","itemListElement":[{"@type":"ListItem","position":1,"name":"Startseite","item":"https:\/\/www.legalprofession.de\/"},{"@type":"ListItem","position":2,"name":"Juristische Berufe &#8211; Legal Profession","item":"https:\/\/www.legalprofession.de\/index.php\/juristische-berufe-legal-profession"},{"@type":"ListItem","position":3,"name":"Assistenzberufe","item":"https:\/\/www.legalprofession.de\/index.php\/juristische-berufe-legal-profession\/assistenzberufe"},{"@type":"ListItem","position":4,"name":"Anwaltsassistenz Wirtschaftskanzlei"}]},{"@type":"WebSite","@id":"https:\/\/www.legalprofession.de\/#website","url":"https:\/\/www.legalprofession.de\/","name":"LegalProfession\u00ae","description":"Recruiting Coaching Consulting AZAV","publisher":{"@id":"https:\/\/www.legalprofession.de\/#organization"},"potentialAction":[{"@type":"SearchAction","target":{"@type":"EntryPoint","urlTemplate":"https:\/\/www.legalprofession.de\/?s={search_term_string}"},"query-input":{"@type":"PropertyValueSpecification","valueRequired":true,"valueName":"search_term_string"}}],"inLanguage":"de"},{"@type":"Organization","@id":"https:\/\/www.legalprofession.de\/#organization","name":"LegalProfession\u00ae Recruitment Coaching Consulting","url":"https:\/\/www.legalprofession.de\/","logo":{"@type":"ImageObject","inLanguage":"de","@id":"https:\/\/www.legalprofession.de\/#\/schema\/logo\/image\/","url":"https:\/\/i0.wp.com\/www.legalprofession.de\/wp-content\/uploads\/Logo-LP-1.jpg?fit=354%2C141&ssl=1","contentUrl":"https:\/\/i0.wp.com\/www.legalprofession.de\/wp-content\/uploads\/Logo-LP-1.jpg?fit=354%2C141&ssl=1","width":354,"height":141,"caption":"LegalProfession\u00ae Recruitment Coaching Consulting"},"image":{"@id":"https:\/\/www.legalprofession.de\/#\/schema\/logo\/image\/"},"sameAs":["https:\/\/www.linkedin.com\/in\/marion-proft-legalprofession\/","https:\/\/www.xing.com\/profile\/Marion_Proft\/portfolio"]}]}},"jetpack_shortlink":"https:\/\/wp.me\/P8oDIe-tf","jetpack_sharing_enabled":false,"_links":{"self":[{"href":"https:\/\/www.legalprofession.de\/index.php\/wp-json\/wp\/v2\/pages\/1813","targetHints":{"allow":["GET"]}}],"collection":[{"href":"https:\/\/www.legalprofession.de\/index.php\/wp-json\/wp\/v2\/pages"}],"about":[{"href":"https:\/\/www.legalprofession.de\/index.php\/wp-json\/wp\/v2\/types\/page"}],"author":[{"embeddable":true,"href":"https:\/\/www.legalprofession.de\/index.php\/wp-json\/wp\/v2\/users\/2"}],"replies":[{"embeddable":true,"href":"https:\/\/www.legalprofession.de\/index.php\/wp-json\/wp\/v2\/comments?post=1813"}],"version-history":[{"count":0,"href":"https:\/\/www.legalprofession.de\/index.php\/wp-json\/wp\/v2\/pages\/1813\/revisions"}],"up":[{"embeddable":true,"href":"https:\/\/www.legalprofession.de\/index.php\/wp-json\/wp\/v2\/pages\/1697"}],"wp:attachment":[{"href":"https:\/\/www.legalprofession.de\/index.php\/wp-json\/wp\/v2\/media?parent=1813"}],"curies":[{"name":"wp","href":"https:\/\/api.w.org\/{rel}","templated":true}]}}