{"id":3409,"date":"2024-08-28T10:00:48","date_gmt":"2024-08-28T08:00:48","guid":{"rendered":"http:\/\/www.legalprofession.de\/?page_id=3409"},"modified":"2025-11-04T19:48:53","modified_gmt":"2025-11-04T18:48:53","slug":"arbeitsvermittlung","status":"publish","type":"page","link":"https:\/\/www.legalprofession.de\/index.php\/arbeitsvermittlung","title":{"rendered":"Arbeitsvermittlung"},"content":{"rendered":"\t\t<div data-elementor-type=\"wp-page\" data-elementor-id=\"3409\" class=\"elementor elementor-3409\" data-elementor-post-type=\"page\">\n\t\t\t\t<div class=\"elementor-element elementor-element-6cf16aa e-flex e-con-boxed e-con e-parent\" data-id=\"6cf16aa\" data-element_type=\"container\" data-e-type=\"container\">\n\t\t\t\t\t<div class=\"e-con-inner\">\n\t\t\t\t<div class=\"elementor-element elementor-element-68f112c elementor-widget elementor-widget-heading\" data-id=\"68f112c\" data-element_type=\"widget\" data-e-type=\"widget\" data-widget_type=\"heading.default\">\n\t\t\t\t<div class=\"elementor-widget-container\">\n\t\t\t\t\t<h2 class=\"elementor-heading-title elementor-size-default\">Private Arbeitsvermittlung mit AZAV Zulassung<\/h2>\t\t\t\t<\/div>\n\t\t\t\t<\/div>\n\t\t\t\t\t<\/div>\n\t\t\t\t<\/div>\n\t\t<div class=\"elementor-element elementor-element-ce898b9 e-flex e-con-boxed e-con e-parent\" data-id=\"ce898b9\" data-element_type=\"container\" data-e-type=\"container\">\n\t\t\t\t\t<div class=\"e-con-inner\">\n\t\t\t\t<div class=\"elementor-element elementor-element-3907055 elementor-widget__width-initial elementor-widget elementor-widget-text-editor\" data-id=\"3907055\" data-element_type=\"widget\" data-e-type=\"widget\" data-widget_type=\"text-editor.default\">\n\t\t\t\t<div class=\"elementor-widget-container\">\n\t\t\t\t\t\t\t\t\t<p>K\u00fcndigung, Stellenabbau, drohender Jobverlust. Arbeitslosigkeit kann jeden treffen. Der erste Weg f\u00fchrt Arbeitssuchende in die Agentur f\u00fcr Arbeit. Je nach Berufsgruppe wird man einer Serviceeinheit zugeteilt. Der zust\u00e4ndige Arbeitsvermittler nimmt Daten und Qualifikationen auf und versucht den Beruf des Betroffenen einer Kategorie zuzuordnen. Doch auch bei gr\u00f6\u00dftem Bem\u00fchen der Integrationsfachkraft wird offensichtlich, dass man sich nicht in allen Berufen gleich gut auskennen kann. Vielleicht haben Sie schon einmal die Erfahrung gemacht, dass Sie gefragt wurden, was denn wohl eine Rechtsanwalts- und Notarfachangestellte sei. Je spezieller der Beruf und je umfassender die Berufserfahrung, umso schwieriger ist ein Lebenslauf in eine Kategorie einzuordnen. Hier ist oft das Ende der individuellen\u00a0 Arbeitsvermittlung erreicht. An der Stelle kann eine private Arbeitsvermittlung bedarfsgerechter und berufsorientierter unterst\u00fctzen. LegalProfession\u00ae ist auf juristische Berufe und den juristischen Arbeitsmarkt spezialisiert.<\/p>\t\t\t\t\t\t\t\t<\/div>\n\t\t\t\t<\/div>\n\t\t\t\t\t<\/div>\n\t\t\t\t<\/div>\n\t\t<div class=\"elementor-element elementor-element-96cdabe e-flex e-con-boxed e-con e-parent\" data-id=\"96cdabe\" data-element_type=\"container\" data-e-type=\"container\">\n\t\t\t\t\t<div class=\"e-con-inner\">\n\t\t\t\t<div class=\"elementor-element elementor-element-dd3faa0 elementor-widget elementor-widget-heading\" data-id=\"dd3faa0\" data-element_type=\"widget\" data-e-type=\"widget\" data-widget_type=\"heading.default\">\n\t\t\t\t<div class=\"elementor-widget-container\">\n\t\t\t\t\t<h2 class=\"elementor-heading-title elementor-size-default\">Anspruch auf einen Aktivierungs- und Vermittlungsgutschein AVGS<\/h2>\t\t\t\t<\/div>\n\t\t\t\t<\/div>\n\t\t\t\t\t<\/div>\n\t\t\t\t<\/div>\n\t\t<div class=\"elementor-element elementor-element-8b4bd98 e-con-full e-flex e-con e-parent\" data-id=\"8b4bd98\" data-element_type=\"container\" data-e-type=\"container\" data-settings=\"{&quot;background_background&quot;:&quot;classic&quot;}\">\n\t\t<div class=\"elementor-element elementor-element-02e83db e-con-full e-flex e-con e-child\" data-id=\"02e83db\" data-element_type=\"container\" data-e-type=\"container\">\n\t\t\t\t<div class=\"elementor-element elementor-element-0803d9b elementor-widget elementor-widget-text-editor\" data-id=\"0803d9b\" data-element_type=\"widget\" data-e-type=\"widget\" data-widget_type=\"text-editor.default\">\n\t\t\t\t<div class=\"elementor-widget-container\">\n\t\t\t\t\t\t\t\t\t<p>Als Kunde der Agentur f\u00fcr Arbeit steht Ihnen ein AVGS f\u00fcr die private Arbeitsvermittlung zu, wenn Sie l\u00e4nger als 6 Wochen arbeitssuchend gemeldet sind und Anspruch auf Arbeitslosengeld haben. Sie k\u00f6nnen den AVGS MPAV online beantragen.\u00a0<\/p><p>Als Kunde des Jobcenters haben Sie keinen Rechtsanspruch auf einen AVGS, k\u00f6nnen aber einen begr\u00fcndeten Antrag stellen und um eine Bewilligung bitten. Bei der Antragstellung sind wir gern behilflich.<\/p>\t\t\t\t\t\t\t\t<\/div>\n\t\t\t\t<\/div>\n\t\t\t\t<\/div>\n\t\t<div class=\"elementor-element elementor-element-bda1dc6 e-con-full e-flex e-con e-child\" data-id=\"bda1dc6\" data-element_type=\"container\" data-e-type=\"container\">\n\t\t\t\t<div class=\"elementor-element elementor-element-086676e elementor-widget__width-initial elementor-widget elementor-widget-counter\" data-id=\"086676e\" data-element_type=\"widget\" data-e-type=\"widget\" data-widget_type=\"counter.default\">\n\t\t\t\t<div class=\"elementor-widget-container\">\n\t\t\t\t\t\t\t<div class=\"elementor-counter\">\n\t\t\t<h6 class=\"elementor-counter-title\">Wochen<\/h6>\t\t\t<div class=\"elementor-counter-number-wrapper\">\n\t\t\t\t<span class=\"elementor-counter-number-prefix\">nach<\/span>\n\t\t\t\t<span class=\"elementor-counter-number\" data-duration=\"3000\" data-to-value=\"6\" data-from-value=\"1\">1<\/span>\n\t\t\t\t<span class=\"elementor-counter-number-suffix\"><\/span>\n\t\t\t<\/div>\n\t\t<\/div>\n\t\t\t\t\t\t<\/div>\n\t\t\t\t<\/div>\n\t\t\t\t<\/div>\n\t\t<div class=\"elementor-element elementor-element-ba73d40 e-con-full e-flex e-con e-child\" data-id=\"ba73d40\" data-element_type=\"container\" data-e-type=\"container\">\n\t\t\t\t<div class=\"elementor-element elementor-element-a1006c0 elementor-align-justify elementor-widget elementor-widget-button\" data-id=\"a1006c0\" data-element_type=\"widget\" data-e-type=\"widget\" data-widget_type=\"button.default\">\n\t\t\t\t<div class=\"elementor-widget-container\">\n\t\t\t\t\t\t\t\t\t<div class=\"elementor-button-wrapper\">\n\t\t\t\t\t<a class=\"elementor-button elementor-button-link elementor-size-sm\" href=\"https:\/\/www.arbeitsagentur.de\/arbeitslos-arbeit-finden\/aktivierungs-vermittlungsgutschein-avgs-private-arbeitsvermittlung\">\n\t\t\t\t\t\t<span class=\"elementor-button-content-wrapper\">\n\t\t\t\t\t\t\t\t\t<span class=\"elementor-button-text\">AVGS online beantragen<\/span>\n\t\t\t\t\t<\/span>\n\t\t\t\t\t<\/a>\n\t\t\t\t<\/div>\n\t\t\t\t\t\t\t\t<\/div>\n\t\t\t\t<\/div>\n\t\t\t\t<\/div>\n\t\t\t\t<\/div>\n\t\t<div class=\"elementor-element elementor-element-779a277 e-flex e-con-boxed e-con e-parent\" data-id=\"779a277\" data-element_type=\"container\" data-e-type=\"container\">\n\t\t\t\t\t<div class=\"e-con-inner\">\n\t\t\t\t<div class=\"elementor-element elementor-element-180674c elementor-widget__width-inherit elementor-widget elementor-widget-heading\" data-id=\"180674c\" data-element_type=\"widget\" data-e-type=\"widget\" data-widget_type=\"heading.default\">\n\t\t\t\t<div class=\"elementor-widget-container\">\n\t\t\t\t\t<h2 class=\"elementor-heading-title elementor-size-default\">Private Arbeitsvermittlung mit (und ohne) AVGS <\/h2>\t\t\t\t<\/div>\n\t\t\t\t<\/div>\n\t\t\t\t\t<\/div>\n\t\t\t\t<\/div>\n\t\t<div class=\"elementor-element elementor-element-9831bf7 e-flex e-con-boxed e-con e-parent\" data-id=\"9831bf7\" data-element_type=\"container\" data-e-type=\"container\">\n\t\t\t\t\t<div class=\"e-con-inner\">\n\t\t\t\t<div class=\"elementor-element elementor-element-60c6b71 elementor-widget elementor-widget-text-editor\" data-id=\"60c6b71\" data-element_type=\"widget\" data-e-type=\"widget\" data-widget_type=\"text-editor.default\">\n\t\t\t\t<div class=\"elementor-widget-container\">\n\t\t\t\t\t\t\t\t\t<p>Sie sind auf Jobsuche? Als zugelassene private Arbeitsvermittlung unterst\u00fctzen wir Sie gern bei der Ihrer Suche nach einem neuen Anstellungsverh\u00e4ltnis Wir pr\u00fcfen f\u00fcr Sie, ob Sie Anspruch auf einen AVGS haben. In dem Fall wird Ihre Agentur f\u00fcr Arbeit oder Ihr Jobcenter die Vermittlungsleistung mit dem Aktivierungs- und Vermittlungsgutschein AVGS verg\u00fcten.\u00a0<\/p><p>Sollten Sie keinen Anspruch auf einen AVGS haben, werden wir trotzdem f\u00fcr Sie t\u00e4tig werden. Unsere Vermittlungsleistung ist nicht an die Einreichung einen Vermittlungsgutscheins gebunden. Melden Sie sich rechtzeig bei uns, insbesondere bei drohendem Jobverlust oder dem Wunsch nach berufliches Ver\u00e4nderung.<\/p>\t\t\t\t\t\t\t\t<\/div>\n\t\t\t\t<\/div>\n\t\t\t\t\t<\/div>\n\t\t\t\t<\/div>\n\t\t<div class=\"elementor-element elementor-element-d9971cf e-flex e-con-boxed e-con e-parent\" data-id=\"d9971cf\" data-element_type=\"container\" data-e-type=\"container\">\n\t\t\t\t\t<div class=\"e-con-inner\">\n\t\t\t\t<div class=\"elementor-element elementor-element-854e5c0 elementor-widget elementor-widget-heading\" data-id=\"854e5c0\" data-element_type=\"widget\" data-e-type=\"widget\" data-widget_type=\"heading.default\">\n\t\t\t\t<div class=\"elementor-widget-container\">\n\t\t\t\t\t<h2 class=\"elementor-heading-title elementor-size-default\">Spezialisierte Arbeitsvermittlung (nicht nur) f\u00fcr juristische Berufe <\/h2>\t\t\t\t<\/div>\n\t\t\t\t<\/div>\n\t\t\t\t\t<\/div>\n\t\t\t\t<\/div>\n\t\t<div class=\"elementor-element elementor-element-7cc628e e-con-full e-flex e-con e-parent\" data-id=\"7cc628e\" data-element_type=\"container\" data-e-type=\"container\">\n\t\t<div class=\"elementor-element elementor-element-3c06c76 e-con-full e-flex e-con e-child\" data-id=\"3c06c76\" data-element_type=\"container\" data-e-type=\"container\">\n\t\t\t\t<div class=\"elementor-element elementor-element-71ab9a6 elementor-widget__width-inherit elementor-widget elementor-widget-text-editor\" data-id=\"71ab9a6\" data-element_type=\"widget\" data-e-type=\"widget\" data-widget_type=\"text-editor.default\">\n\t\t\t\t<div class=\"elementor-widget-container\">\n\t\t\t\t\t\t\t\t\t<p>Wie der Name verr\u00e4t, ist LegalProfession\u00ae auf juristische Berufe spezialisiert. Wir verf\u00fcgen \u00fcber 20 Jahre Erfahrung im Recruitment, Coaching und Consulting. Sie profitieren von unserer Expertise, der Kenntnis der juristischen Berufsabschl\u00fcsse, unserer Marktkenntnis und langj\u00e4hrigen Kundenbeziehungen. Sie m\u00fcssen uns nicht erkl\u00e4ren, was eine Rechtsanwalts- und Notarfachangestellte oder ein Wirtschaftsjurist kann, wir wissen es.<\/p><p>Sie wollen sich beruflich ver\u00e4ndern, haben aber keinen juristischen Berufsabschluss? Kein Problem. Wir vermitteln auch Quereinsteiger in den juristischen Markt. Sie m\u00f6chten gern au\u00dferhalb des juristischen Umfelds und in einer anderen Branche arbeiten? Dann rufen Sie an, wir sprechen dar\u00fcber, wie wir weiterhelfen k\u00f6nnen. Mit Interesse und Neugier erschlie\u00dfen wir gern andere Berufswelten.<\/p>\t\t\t\t\t\t\t\t<\/div>\n\t\t\t\t<\/div>\n\t\t\t\t<\/div>\n\t\t\t\t<\/div>\n\t\t<div class=\"elementor-element elementor-element-05439fb e-con-full e-flex e-con e-parent\" data-id=\"05439fb\" data-element_type=\"container\" data-e-type=\"container\">\n\t\t\t\t<div class=\"elementor-element elementor-element-b212ad6 elementor-position-left elementor-vertical-align-top elementor-widget elementor-widget-image-box\" data-id=\"b212ad6\" data-element_type=\"widget\" data-e-type=\"widget\" data-widget_type=\"image-box.default\">\n\t\t\t\t<div class=\"elementor-widget-container\">\n\t\t\t\t\t<div class=\"elementor-image-box-wrapper\"><figure class=\"elementor-image-box-img\"><img fetchpriority=\"high\" decoding=\"async\" data-attachment-id=\"9492\" data-permalink=\"https:\/\/www.legalprofession.de\/siegel-tr-azav-jpg\" data-orig-file=\"https:\/\/i0.wp.com\/www.legalprofession.de\/wp-content\/uploads\/siegel-tr-azav-3-e1724836479135.jpg?fit=300%2C255&amp;ssl=1\" data-orig-size=\"300,255\" data-comments-opened=\"0\" data-image-meta=\"{&quot;aperture&quot;:&quot;0&quot;,&quot;credit&quot;:&quot;&quot;,&quot;camera&quot;:&quot;&quot;,&quot;caption&quot;:&quot;&quot;,&quot;created_timestamp&quot;:&quot;0&quot;,&quot;copyright&quot;:&quot;&quot;,&quot;focal_length&quot;:&quot;0&quot;,&quot;iso&quot;:&quot;0&quot;,&quot;shutter_speed&quot;:&quot;0&quot;,&quot;title&quot;:&quot;&quot;,&quot;orientation&quot;:&quot;0&quot;}\" data-image-title=\"Arbeitsvermittlung\" data-image-description=\"&lt;p&gt;Arbeitsvermittlung&lt;\/p&gt;\n\" data-image-caption=\"\" data-large-file=\"https:\/\/i0.wp.com\/www.legalprofession.de\/wp-content\/uploads\/siegel-tr-azav-3-e1724836479135.jpg?fit=300%2C255&amp;ssl=1\" width=\"300\" height=\"255\" src=\"https:\/\/i0.wp.com\/www.legalprofession.de\/wp-content\/uploads\/siegel-tr-azav-3-e1724836479135.jpg?fit=300%2C255&amp;ssl=1\" class=\"attachment-full size-full wp-image-9492\" alt=\"Private Arbeitsvermittlung AZAV\" data-attachment-id=\"9492\" data-permalink=\"https:\/\/www.legalprofession.de\/siegel-tr-azav-jpg\" data-orig-file=\"https:\/\/i0.wp.com\/www.legalprofession.de\/wp-content\/uploads\/siegel-tr-azav-3-e1724836479135.jpg?fit=300%2C255&amp;ssl=1\" data-orig-size=\"300,255\" data-comments-opened=\"0\" data-image-meta=\"{&quot;aperture&quot;:&quot;0&quot;,&quot;credit&quot;:&quot;&quot;,&quot;camera&quot;:&quot;&quot;,&quot;caption&quot;:&quot;&quot;,&quot;created_timestamp&quot;:&quot;0&quot;,&quot;copyright&quot;:&quot;&quot;,&quot;focal_length&quot;:&quot;0&quot;,&quot;iso&quot;:&quot;0&quot;,&quot;shutter_speed&quot;:&quot;0&quot;,&quot;title&quot;:&quot;&quot;,&quot;orientation&quot;:&quot;0&quot;}\" data-image-title=\"Arbeitsvermittlung\" data-image-description=\"&lt;p&gt;Arbeitsvermittlung&lt;\/p&gt;\n\" data-image-caption=\"\" data-large-file=\"https:\/\/i0.wp.com\/www.legalprofession.de\/wp-content\/uploads\/siegel-tr-azav-3-e1724836479135.jpg?fit=300%2C255&amp;ssl=1\" \/><\/figure><div class=\"elementor-image-box-content\"><p class=\"elementor-image-box-description\">LegalProfession\u00ae ist seit 2013 zugelassener Tr\u00e4ger nach dem Recht der Arbeitsf\u00f6rderung \u00a7178 SGB III i.V. m. der AZAV. <br>Aktueller Zulassungszeitraum: 13.10.2024 - 12.10.2029\n\n<\/p><\/div><\/div>\t\t\t\t<\/div>\n\t\t\t\t<\/div>\n\t\t\t\t<\/div>\n\t\t\t\t<\/div>\n\t\t","protected":false},"excerpt":{"rendered":"<p>Private Arbeitsvermittlung mit AZAV Zulassung K\u00fcndigung, Stellenabbau, drohender Jobverlust. Arbeitslosigkeit kann jeden treffen. Der erste Weg f\u00fchrt Arbeitssuchende in die Agentur f\u00fcr Arbeit. Je nach Berufsgruppe wird man einer Serviceeinheit zugeteilt. Der zust\u00e4ndige Arbeitsvermittler nimmt Daten und Qualifikationen auf und versucht den Beruf des Betroffenen einer Kategorie zuzuordnen. Doch auch bei gr\u00f6\u00dftem Bem\u00fchen der Integrationsfachkraft&hellip; <a href=\"https:\/\/www.legalprofession.de\/index.php\/arbeitsvermittlung\">Continue reading&#8230;<\/a><\/p>\n","protected":false},"author":2,"featured_media":0,"parent":0,"menu_order":0,"comment_status":"closed","ping_status":"open","template":"","meta":{"jetpack_post_was_ever_published":false,"footnotes":""},"class_list":["post-3409","page","type-page","status-publish","hentry"],"yoast_head":"<!-- This site is optimized with the Yoast SEO plugin v27.4 - https:\/\/yoast.com\/product\/yoast-seo-wordpress\/ -->\n<title>Arbeitsvermittlung - LegalProfession\u00ae<\/title>\n<meta name=\"description\" content=\"Arbeitsvermittlung mit AVGS. Zugelassener Tr\u00e4ger der Arbeitsf\u00f6rderung AZAV. Spezialisierung juristische Berufe.\" \/>\n<meta name=\"robots\" content=\"index, follow, max-snippet:-1, max-image-preview:large, max-video-preview:-1\" \/>\n<link rel=\"canonical\" href=\"https:\/\/www.legalprofession.de\/index.php\/arbeitsvermittlung\" \/>\n<meta property=\"og:locale\" content=\"de_DE\" \/>\n<meta property=\"og:type\" content=\"article\" \/>\n<meta property=\"og:title\" content=\"Arbeitsvermittlung - LegalProfession\u00ae\" \/>\n<meta property=\"og:description\" content=\"Arbeitsvermittlung mit AVGS. Zugelassener Tr\u00e4ger der Arbeitsf\u00f6rderung AZAV. Spezialisierung juristische Berufe.\" \/>\n<meta property=\"og:url\" content=\"https:\/\/www.legalprofession.de\/index.php\/arbeitsvermittlung\" \/>\n<meta property=\"og:site_name\" content=\"LegalProfession\u00ae\" \/>\n<meta property=\"article:modified_time\" content=\"2025-11-04T18:48:53+00:00\" \/>\n<meta property=\"og:image\" content=\"https:\/\/www.legalprofession.de\/wp-content\/uploads\/siegel-tr-azav-3-e1724836479135.jpg\" \/>\n<meta name=\"twitter:card\" content=\"summary_large_image\" \/>\n<meta name=\"twitter:label1\" content=\"Gesch\u00e4tzte Lesezeit\" \/>\n\t<meta name=\"twitter:data1\" content=\"3\u00a0Minuten\" \/>\n<script type=\"application\/ld+json\" class=\"yoast-schema-graph\">{\"@context\":\"https:\\\/\\\/schema.org\",\"@graph\":[{\"@type\":\"WebPage\",\"@id\":\"https:\\\/\\\/www.legalprofession.de\\\/index.php\\\/arbeitsvermittlung\",\"url\":\"https:\\\/\\\/www.legalprofession.de\\\/index.php\\\/arbeitsvermittlung\",\"name\":\"Arbeitsvermittlung - LegalProfession\u00ae\",\"isPartOf\":{\"@id\":\"https:\\\/\\\/www.legalprofession.de\\\/#website\"},\"primaryImageOfPage\":{\"@id\":\"https:\\\/\\\/www.legalprofession.de\\\/index.php\\\/arbeitsvermittlung#primaryimage\"},\"image\":{\"@id\":\"https:\\\/\\\/www.legalprofession.de\\\/index.php\\\/arbeitsvermittlung#primaryimage\"},\"thumbnailUrl\":\"https:\\\/\\\/www.legalprofession.de\\\/wp-content\\\/uploads\\\/siegel-tr-azav-3-e1724836479135.jpg\",\"datePublished\":\"2024-08-28T08:00:48+00:00\",\"dateModified\":\"2025-11-04T18:48:53+00:00\",\"description\":\"Arbeitsvermittlung mit AVGS. Zugelassener Tr\u00e4ger der Arbeitsf\u00f6rderung AZAV. Spezialisierung juristische Berufe.\",\"breadcrumb\":{\"@id\":\"https:\\\/\\\/www.legalprofession.de\\\/index.php\\\/arbeitsvermittlung#breadcrumb\"},\"inLanguage\":\"de\",\"potentialAction\":[{\"@type\":\"ReadAction\",\"target\":[\"https:\\\/\\\/www.legalprofession.de\\\/index.php\\\/arbeitsvermittlung\"]}]},{\"@type\":\"ImageObject\",\"inLanguage\":\"de\",\"@id\":\"https:\\\/\\\/www.legalprofession.de\\\/index.php\\\/arbeitsvermittlung#primaryimage\",\"url\":\"https:\\\/\\\/www.legalprofession.de\\\/wp-content\\\/uploads\\\/siegel-tr-azav-3-e1724836479135.jpg\",\"contentUrl\":\"https:\\\/\\\/www.legalprofession.de\\\/wp-content\\\/uploads\\\/siegel-tr-azav-3-e1724836479135.jpg\"},{\"@type\":\"BreadcrumbList\",\"@id\":\"https:\\\/\\\/www.legalprofession.de\\\/index.php\\\/arbeitsvermittlung#breadcrumb\",\"itemListElement\":[{\"@type\":\"ListItem\",\"position\":1,\"name\":\"Startseite\",\"item\":\"https:\\\/\\\/www.legalprofession.de\\\/\"},{\"@type\":\"ListItem\",\"position\":2,\"name\":\"Arbeitsvermittlung\"}]},{\"@type\":\"WebSite\",\"@id\":\"https:\\\/\\\/www.legalprofession.de\\\/#website\",\"url\":\"https:\\\/\\\/www.legalprofession.de\\\/\",\"name\":\"LegalProfession\u00ae\",\"description\":\"Recruiting Coaching Consulting AZAV\",\"publisher\":{\"@id\":\"https:\\\/\\\/www.legalprofession.de\\\/#organization\"},\"potentialAction\":[{\"@type\":\"SearchAction\",\"target\":{\"@type\":\"EntryPoint\",\"urlTemplate\":\"https:\\\/\\\/www.legalprofession.de\\\/?s={search_term_string}\"},\"query-input\":{\"@type\":\"PropertyValueSpecification\",\"valueRequired\":true,\"valueName\":\"search_term_string\"}}],\"inLanguage\":\"de\"},{\"@type\":\"Organization\",\"@id\":\"https:\\\/\\\/www.legalprofession.de\\\/#organization\",\"name\":\"LegalProfession\u00ae Recruitment Coaching Consulting\",\"url\":\"https:\\\/\\\/www.legalprofession.de\\\/\",\"logo\":{\"@type\":\"ImageObject\",\"inLanguage\":\"de\",\"@id\":\"https:\\\/\\\/www.legalprofession.de\\\/#\\\/schema\\\/logo\\\/image\\\/\",\"url\":\"https:\\\/\\\/i0.wp.com\\\/www.legalprofession.de\\\/wp-content\\\/uploads\\\/Logo-LP-1.jpg?fit=354%2C141&ssl=1\",\"contentUrl\":\"https:\\\/\\\/i0.wp.com\\\/www.legalprofession.de\\\/wp-content\\\/uploads\\\/Logo-LP-1.jpg?fit=354%2C141&ssl=1\",\"width\":354,\"height\":141,\"caption\":\"LegalProfession\u00ae Recruitment Coaching Consulting\"},\"image\":{\"@id\":\"https:\\\/\\\/www.legalprofession.de\\\/#\\\/schema\\\/logo\\\/image\\\/\"},\"sameAs\":[\"https:\\\/\\\/www.linkedin.com\\\/in\\\/marion-proft-legalprofession\\\/\",\"https:\\\/\\\/www.xing.com\\\/profile\\\/Marion_Proft\\\/portfolio\"]}]}<\/script>\n<!-- \/ Yoast SEO plugin. -->","yoast_head_json":{"title":"Arbeitsvermittlung - LegalProfession\u00ae","description":"Arbeitsvermittlung mit AVGS. Zugelassener Tr\u00e4ger der Arbeitsf\u00f6rderung AZAV. Spezialisierung juristische Berufe.","robots":{"index":"index","follow":"follow","max-snippet":"max-snippet:-1","max-image-preview":"max-image-preview:large","max-video-preview":"max-video-preview:-1"},"canonical":"https:\/\/www.legalprofession.de\/index.php\/arbeitsvermittlung","og_locale":"de_DE","og_type":"article","og_title":"Arbeitsvermittlung - LegalProfession\u00ae","og_description":"Arbeitsvermittlung mit AVGS. Zugelassener Tr\u00e4ger der Arbeitsf\u00f6rderung AZAV. Spezialisierung juristische Berufe.","og_url":"https:\/\/www.legalprofession.de\/index.php\/arbeitsvermittlung","og_site_name":"LegalProfession\u00ae","article_modified_time":"2025-11-04T18:48:53+00:00","og_image":[{"url":"https:\/\/www.legalprofession.de\/wp-content\/uploads\/siegel-tr-azav-3-e1724836479135.jpg","type":"","width":"","height":""}],"twitter_card":"summary_large_image","twitter_misc":{"Gesch\u00e4tzte Lesezeit":"3\u00a0Minuten"},"schema":{"@context":"https:\/\/schema.org","@graph":[{"@type":"WebPage","@id":"https:\/\/www.legalprofession.de\/index.php\/arbeitsvermittlung","url":"https:\/\/www.legalprofession.de\/index.php\/arbeitsvermittlung","name":"Arbeitsvermittlung - LegalProfession\u00ae","isPartOf":{"@id":"https:\/\/www.legalprofession.de\/#website"},"primaryImageOfPage":{"@id":"https:\/\/www.legalprofession.de\/index.php\/arbeitsvermittlung#primaryimage"},"image":{"@id":"https:\/\/www.legalprofession.de\/index.php\/arbeitsvermittlung#primaryimage"},"thumbnailUrl":"https:\/\/www.legalprofession.de\/wp-content\/uploads\/siegel-tr-azav-3-e1724836479135.jpg","datePublished":"2024-08-28T08:00:48+00:00","dateModified":"2025-11-04T18:48:53+00:00","description":"Arbeitsvermittlung mit AVGS. Zugelassener Tr\u00e4ger der Arbeitsf\u00f6rderung AZAV. Spezialisierung juristische Berufe.","breadcrumb":{"@id":"https:\/\/www.legalprofession.de\/index.php\/arbeitsvermittlung#breadcrumb"},"inLanguage":"de","potentialAction":[{"@type":"ReadAction","target":["https:\/\/www.legalprofession.de\/index.php\/arbeitsvermittlung"]}]},{"@type":"ImageObject","inLanguage":"de","@id":"https:\/\/www.legalprofession.de\/index.php\/arbeitsvermittlung#primaryimage","url":"https:\/\/www.legalprofession.de\/wp-content\/uploads\/siegel-tr-azav-3-e1724836479135.jpg","contentUrl":"https:\/\/www.legalprofession.de\/wp-content\/uploads\/siegel-tr-azav-3-e1724836479135.jpg"},{"@type":"BreadcrumbList","@id":"https:\/\/www.legalprofession.de\/index.php\/arbeitsvermittlung#breadcrumb","itemListElement":[{"@type":"ListItem","position":1,"name":"Startseite","item":"https:\/\/www.legalprofession.de\/"},{"@type":"ListItem","position":2,"name":"Arbeitsvermittlung"}]},{"@type":"WebSite","@id":"https:\/\/www.legalprofession.de\/#website","url":"https:\/\/www.legalprofession.de\/","name":"LegalProfession\u00ae","description":"Recruiting Coaching Consulting AZAV","publisher":{"@id":"https:\/\/www.legalprofession.de\/#organization"},"potentialAction":[{"@type":"SearchAction","target":{"@type":"EntryPoint","urlTemplate":"https:\/\/www.legalprofession.de\/?s={search_term_string}"},"query-input":{"@type":"PropertyValueSpecification","valueRequired":true,"valueName":"search_term_string"}}],"inLanguage":"de"},{"@type":"Organization","@id":"https:\/\/www.legalprofession.de\/#organization","name":"LegalProfession\u00ae Recruitment Coaching Consulting","url":"https:\/\/www.legalprofession.de\/","logo":{"@type":"ImageObject","inLanguage":"de","@id":"https:\/\/www.legalprofession.de\/#\/schema\/logo\/image\/","url":"https:\/\/i0.wp.com\/www.legalprofession.de\/wp-content\/uploads\/Logo-LP-1.jpg?fit=354%2C141&ssl=1","contentUrl":"https:\/\/i0.wp.com\/www.legalprofession.de\/wp-content\/uploads\/Logo-LP-1.jpg?fit=354%2C141&ssl=1","width":354,"height":141,"caption":"LegalProfession\u00ae Recruitment Coaching Consulting"},"image":{"@id":"https:\/\/www.legalprofession.de\/#\/schema\/logo\/image\/"},"sameAs":["https:\/\/www.linkedin.com\/in\/marion-proft-legalprofession\/","https:\/\/www.xing.com\/profile\/Marion_Proft\/portfolio"]}]}},"jetpack_shortlink":"https:\/\/wp.me\/P8oDIe-SZ","jetpack_sharing_enabled":true,"_links":{"self":[{"href":"https:\/\/www.legalprofession.de\/index.php\/wp-json\/wp\/v2\/pages\/3409","targetHints":{"allow":["GET"]}}],"collection":[{"href":"https:\/\/www.legalprofession.de\/index.php\/wp-json\/wp\/v2\/pages"}],"about":[{"href":"https:\/\/www.legalprofession.de\/index.php\/wp-json\/wp\/v2\/types\/page"}],"author":[{"embeddable":true,"href":"https:\/\/www.legalprofession.de\/index.php\/wp-json\/wp\/v2\/users\/2"}],"replies":[{"embeddable":true,"href":"https:\/\/www.legalprofession.de\/index.php\/wp-json\/wp\/v2\/comments?post=3409"}],"version-history":[{"count":0,"href":"https:\/\/www.legalprofession.de\/index.php\/wp-json\/wp\/v2\/pages\/3409\/revisions"}],"wp:attachment":[{"href":"https:\/\/www.legalprofession.de\/index.php\/wp-json\/wp\/v2\/media?parent=3409"}],"curies":[{"name":"wp","href":"https:\/\/api.w.org\/{rel}","templated":true}]}}