{"id":5652,"date":"2025-12-02T16:00:27","date_gmt":"2025-12-02T15:00:27","guid":{"rendered":"http:\/\/www.legalprofession.de\/?page_id=5652"},"modified":"2025-12-09T09:15:07","modified_gmt":"2025-12-09T08:15:07","slug":"stellenmarkt-juristische-assistenz","status":"publish","type":"page","link":"https:\/\/www.legalprofession.de\/index.php\/stellenmarkt-juristische-assistenz","title":{"rendered":"Stellenmarkt juristische Assistenz"},"content":{"rendered":"\t\t<div data-elementor-type=\"wp-page\" data-elementor-id=\"5652\" class=\"elementor elementor-5652\" data-elementor-post-type=\"page\">\n\t\t\t\t<div class=\"elementor-element elementor-element-c8f4ea0 e-flex e-con-boxed e-con e-parent\" data-id=\"c8f4ea0\" data-element_type=\"container\" data-e-type=\"container\">\n\t\t\t\t\t<div class=\"e-con-inner\">\n\t\t\t\t<div class=\"elementor-element elementor-element-0bc9731 elementor-hidden-mobile elementor-widget elementor-widget-heading\" data-id=\"0bc9731\" data-element_type=\"widget\" data-e-type=\"widget\" data-widget_type=\"heading.default\">\n\t\t\t\t<div class=\"elementor-widget-container\">\n\t\t\t\t\t<h1 class=\"elementor-heading-title elementor-size-default\">Stellenmarkt juristische Assistenz - ReNoPat Berufe <\/h1>\t\t\t\t<\/div>\n\t\t\t\t<\/div>\n\t\t\t\t\t<\/div>\n\t\t\t\t<\/div>\n\t\t<div class=\"elementor-element elementor-element-c097c6b e-flex e-con-boxed e-con e-parent\" data-id=\"c097c6b\" data-element_type=\"container\" data-e-type=\"container\" data-settings=\"{&quot;background_background&quot;:&quot;gradient&quot;}\">\n\t\t\t\t\t<div class=\"e-con-inner\">\n\t\t\t\t<div class=\"elementor-element elementor-element-9028041 elementor-widget-tablet__width-initial elementor-widget elementor-widget-text-editor\" data-id=\"9028041\" data-element_type=\"widget\" data-e-type=\"widget\" data-widget_type=\"text-editor.default\">\n\t\t\t\t<div class=\"elementor-widget-container\">\n\t\t\t\t\t\t\t\t\t<div class=\"job_listings\" data-location=\"\" data-keywords=\"\" data-show_filters=\"true\" data-show_pagination=\"false\" data-per_page=\"25\" data-orderby=\"featured\" data-order=\"DESC\" data-categories=\"\" data-disable-form-state-storage=\"\" data-featured_first=\"false\" data-post_id=\"5652\" >\n<form class=\"job_filters\">\n\t\n\t<div class=\"search_jobs\">\n\t\t\n\t\t<div class=\"search_keywords\">\n\t\t\t<label for=\"search_keywords\">Stichw\u00f6rter<\/label>\n\t\t\t<input type=\"text\" name=\"search_keywords\" id=\"search_keywords\" placeholder=\"Stichw\u00f6rter\" value=\"\" \/>\n\t\t<\/div>\n\n\t\t<div class=\"search_location\">\n\t\t\t<label for=\"search_location\">Arbeitsort<\/label>\n\t\t\t<input type=\"text\" name=\"search_location\" id=\"search_location\" placeholder=\"Arbeitsort\" value=\"\" \/>\n\t\t<\/div>\n\n\t\t\n\t\t<div style=\"clear: both\"><\/div>\n\n\t\t\t\t\t<div class=\"search_categories\">\n\t\t\t\t<label for=\"search_categories\">Kategorie<\/label>\n\t\t\t\t\t\t\t\t\t<select name='search_categories[]' id='search_categories' class='job-manager-category-dropdown '  data-placeholder='W\u00e4hle eine Kategorie&hellip;' data-no_results_text='Keine passenden Ergebnisse' data-multiple_text='Optionen ausw\u00e4hlen'>\n<option value=\"\">Alle Kategorien<\/option>\t<option class=\"level-0\" value=\"419\">Anwaltsassistenz\/Legal Assistant<\/option>\n\t<option class=\"level-0\" value=\"1081\">Executive Assistant<\/option>\n\t<option class=\"level-0\" value=\"1007\">Fremdsprachenkorrespondent\/in<\/option>\n\t<option class=\"level-0\" value=\"1066\">Office Management<\/option>\n\t<option class=\"level-0\" value=\"931\">ReNoPat<\/option>\n\t<option class=\"level-1\" value=\"577\">&nbsp;&nbsp;&nbsp;Notarfachangestellte\/r<\/option>\n\t<option class=\"level-1\" value=\"417\">&nbsp;&nbsp;&nbsp;Rechtsanwaltsfachangestellte\/r<\/option>\n\t<option class=\"level-0\" value=\"861\">Volljurist\/in<\/option>\n\t<option class=\"level-0\" value=\"1034\">Wirtschaftsjurist\/in<\/option>\n<\/select>\n\t\t\t\t\t\t\t<\/div>\n\t\t\n\t\t\t\t\t<div class=\"search_submit\">\n\t\t\t\t<input type=\"submit\" value=\"Jobs finden\">\n\t\t\t<\/div>\n\t\t\n\t\t<div class=\"filter_wide filter_by_tag\">Filter by tag: <span class=\"filter_by_tag_cloud\"><\/span><\/div>\t<\/div>\n\n\t\t<ul class=\"job_types\">\n\t\t\t<\/ul>\n\t<input type=\"hidden\" name=\"filter_job_type[]\" value=\"\" \/>\n<div class=\"showing_jobs\"><\/div><\/form>\n\n\n<noscript>Dein Browser unterst\u00fctzt kein JavaScript oder es ist deaktiviert. JavaScript muss aktiviert sein, um Eintr\u00e4ge zu sehen.<\/noscript>\n<ul class=\"job_listings\">\n<\/ul>\n<a class=\"load_more_jobs\" href=\"#\" style=\"display:none;\"><strong>Weitere Jobangebote laden<\/strong><\/a><\/div>\t\t\t\t\t\t\t\t<\/div>\n\t\t\t\t<\/div>\n\t\t\t\t\t<\/div>\n\t\t\t\t<\/div>\n\t\t<div class=\"elementor-element elementor-element-69a26ea e-flex e-con-boxed e-con e-parent\" data-id=\"69a26ea\" data-element_type=\"container\" data-e-type=\"container\">\n\t\t\t\t\t<div class=\"e-con-inner\">\n\t\t\t\t<div class=\"elementor-element elementor-element-75ac690 elementor-widget elementor-widget-text-editor\" data-id=\"75ac690\" data-element_type=\"widget\" data-e-type=\"widget\" data-widget_type=\"text-editor.default\">\n\t\t\t\t<div class=\"elementor-widget-container\">\n\t\t\t\t\t\t\t\t\t<p><em>(*) Jede Person, unabh\u00e4ngig von Geschlecht, Nationalit\u00e4t, ethnischer Herkunft, Religion oder Weltanschauung, Behinderung, Alter, sexueller Orientierung und Identit\u00e4t ist bei uns willkommen.<\/em><\/p>\t\t\t\t\t\t\t\t<\/div>\n\t\t\t\t<\/div>\n\t\t\t\t\t<\/div>\n\t\t\t\t<\/div>\n\t\t<div class=\"elementor-element elementor-element-09b92f4 e-con-full e-flex e-con e-parent\" data-id=\"09b92f4\" data-element_type=\"container\" data-e-type=\"container\">\n\t\t<div class=\"elementor-element elementor-element-431b501 e-con-full e-flex e-con e-child\" data-id=\"431b501\" data-element_type=\"container\" data-e-type=\"container\">\n\t\t\t\t<div class=\"elementor-element elementor-element-43c1b39 elementor-position-left elementor-vertical-align-middle elementor-widget elementor-widget-image-box\" data-id=\"43c1b39\" data-element_type=\"widget\" data-e-type=\"widget\" data-widget_type=\"image-box.default\">\n\t\t\t\t<div class=\"elementor-widget-container\">\n\t\t\t\t\t<div class=\"elementor-image-box-wrapper\"><figure class=\"elementor-image-box-img\"><a href=\"https:\/\/www.legalprofession.de\/index.php\/arbeitsvermittlung\" tabindex=\"-1\"><img fetchpriority=\"high\" decoding=\"async\" data-attachment-id=\"9492\" data-permalink=\"https:\/\/www.legalprofession.de\/siegel-tr-azav-jpg\" data-orig-file=\"https:\/\/i0.wp.com\/www.legalprofession.de\/wp-content\/uploads\/siegel-tr-azav-3-e1724836479135.jpg?fit=300%2C255&amp;ssl=1\" data-orig-size=\"300,255\" data-comments-opened=\"0\" data-image-meta=\"{&quot;aperture&quot;:&quot;0&quot;,&quot;credit&quot;:&quot;&quot;,&quot;camera&quot;:&quot;&quot;,&quot;caption&quot;:&quot;&quot;,&quot;created_timestamp&quot;:&quot;0&quot;,&quot;copyright&quot;:&quot;&quot;,&quot;focal_length&quot;:&quot;0&quot;,&quot;iso&quot;:&quot;0&quot;,&quot;shutter_speed&quot;:&quot;0&quot;,&quot;title&quot;:&quot;&quot;,&quot;orientation&quot;:&quot;0&quot;}\" data-image-title=\"Arbeitsvermittlung\" data-image-description=\"&lt;p&gt;Arbeitsvermittlung&lt;\/p&gt;\n\" data-image-caption=\"\" data-medium-file=\"https:\/\/i0.wp.com\/www.legalprofession.de\/wp-content\/uploads\/siegel-tr-azav-3-e1724836479135.jpg?fit=300%2C255&amp;ssl=1\" data-large-file=\"https:\/\/i0.wp.com\/www.legalprofession.de\/wp-content\/uploads\/siegel-tr-azav-3-e1724836479135.jpg?fit=300%2C255&amp;ssl=1\" width=\"300\" height=\"255\" src=\"https:\/\/i0.wp.com\/www.legalprofession.de\/wp-content\/uploads\/siegel-tr-azav-3-e1724836479135.jpg?fit=300%2C255&amp;ssl=1\" class=\"attachment-full size-full wp-image-9492\" alt=\"Private Arbeitsvermittlung AZAV\" data-attachment-id=\"9492\" data-permalink=\"https:\/\/www.legalprofession.de\/siegel-tr-azav-jpg\" data-orig-file=\"https:\/\/i0.wp.com\/www.legalprofession.de\/wp-content\/uploads\/siegel-tr-azav-3-e1724836479135.jpg?fit=300%2C255&amp;ssl=1\" data-orig-size=\"300,255\" data-comments-opened=\"0\" data-image-meta=\"{&quot;aperture&quot;:&quot;0&quot;,&quot;credit&quot;:&quot;&quot;,&quot;camera&quot;:&quot;&quot;,&quot;caption&quot;:&quot;&quot;,&quot;created_timestamp&quot;:&quot;0&quot;,&quot;copyright&quot;:&quot;&quot;,&quot;focal_length&quot;:&quot;0&quot;,&quot;iso&quot;:&quot;0&quot;,&quot;shutter_speed&quot;:&quot;0&quot;,&quot;title&quot;:&quot;&quot;,&quot;orientation&quot;:&quot;0&quot;}\" data-image-title=\"Arbeitsvermittlung\" data-image-description=\"&lt;p&gt;Arbeitsvermittlung&lt;\/p&gt;\n\" data-image-caption=\"\" data-medium-file=\"https:\/\/i0.wp.com\/www.legalprofession.de\/wp-content\/uploads\/siegel-tr-azav-3-e1724836479135.jpg?fit=300%2C255&amp;ssl=1\" data-large-file=\"https:\/\/i0.wp.com\/www.legalprofession.de\/wp-content\/uploads\/siegel-tr-azav-3-e1724836479135.jpg?fit=300%2C255&amp;ssl=1\" \/><\/a><\/figure><div class=\"elementor-image-box-content\"><h3 class=\"elementor-image-box-title\"><a href=\"https:\/\/www.legalprofession.de\/index.php\/arbeitsvermittlung\">Private Arbeitsvermittlung AZAV<\/a><\/h3><p class=\"elementor-image-box-description\">Als zugelassener Tr\u00e4ger nach dem Recht der Arbeitsf\u00f6rderung vermitteln wir auch mit dem Aktivierungs- und Vermittlungsgutschein 100 % kostenfrei. Antragstellung bei der Agentur f\u00fcr Arbeit und dem Jobcenter. Wir helfen gern.<\/p><\/div><\/div>\t\t\t\t<\/div>\n\t\t\t\t<\/div>\n\t\t\t\t<\/div>\n\t\t<div class=\"elementor-element elementor-element-96b077b e-con-full e-flex e-con e-child\" data-id=\"96b077b\" data-element_type=\"container\" data-e-type=\"container\">\n\t\t\t\t<div class=\"elementor-element elementor-element-315d609 elementor-position-right elementor-vertical-align-middle elementor-widget elementor-widget-image-box\" data-id=\"315d609\" data-element_type=\"widget\" data-e-type=\"widget\" data-widget_type=\"image-box.default\">\n\t\t\t\t<div class=\"elementor-widget-container\">\n\t\t\t\t\t<div class=\"elementor-image-box-wrapper\"><figure class=\"elementor-image-box-img\"><a href=\"https:\/\/www.legalprofession.de\/index.php\/berufliches-einzelcoaching-avgs\" tabindex=\"-1\"><img decoding=\"async\" data-attachment-id=\"9493\" data-permalink=\"https:\/\/www.legalprofession.de\/download-jpg\" data-orig-file=\"https:\/\/i0.wp.com\/www.legalprofession.de\/wp-content\/uploads\/Download-1.jpg?fit=144%2C144&amp;ssl=1\" data-orig-size=\"144,144\" data-comments-opened=\"0\" data-image-meta=\"{&quot;aperture&quot;:&quot;0&quot;,&quot;credit&quot;:&quot;&quot;,&quot;camera&quot;:&quot;&quot;,&quot;caption&quot;:&quot;&quot;,&quot;created_timestamp&quot;:&quot;0&quot;,&quot;copyright&quot;:&quot;&quot;,&quot;focal_length&quot;:&quot;0&quot;,&quot;iso&quot;:&quot;0&quot;,&quot;shutter_speed&quot;:&quot;0&quot;,&quot;title&quot;:&quot;&quot;,&quot;orientation&quot;:&quot;0&quot;}\" data-image-title=\"berufliches Coaching\" data-image-description=\"&lt;p&gt;berufliches Coaching&lt;\/p&gt;\n\" data-image-caption=\"\" data-medium-file=\"https:\/\/i0.wp.com\/www.legalprofession.de\/wp-content\/uploads\/Download-1.jpg?fit=144%2C144&amp;ssl=1\" data-large-file=\"https:\/\/i0.wp.com\/www.legalprofession.de\/wp-content\/uploads\/Download-1.jpg?fit=144%2C144&amp;ssl=1\" width=\"144\" height=\"144\" src=\"https:\/\/i0.wp.com\/www.legalprofession.de\/wp-content\/uploads\/Download-1.jpg?fit=144%2C144&amp;ssl=1\" class=\"attachment-full size-full wp-image-9493\" alt=\"berufliches Coaching\" data-attachment-id=\"9493\" data-permalink=\"https:\/\/www.legalprofession.de\/download-jpg\" data-orig-file=\"https:\/\/i0.wp.com\/www.legalprofession.de\/wp-content\/uploads\/Download-1.jpg?fit=144%2C144&amp;ssl=1\" data-orig-size=\"144,144\" data-comments-opened=\"0\" data-image-meta=\"{&quot;aperture&quot;:&quot;0&quot;,&quot;credit&quot;:&quot;&quot;,&quot;camera&quot;:&quot;&quot;,&quot;caption&quot;:&quot;&quot;,&quot;created_timestamp&quot;:&quot;0&quot;,&quot;copyright&quot;:&quot;&quot;,&quot;focal_length&quot;:&quot;0&quot;,&quot;iso&quot;:&quot;0&quot;,&quot;shutter_speed&quot;:&quot;0&quot;,&quot;title&quot;:&quot;&quot;,&quot;orientation&quot;:&quot;0&quot;}\" data-image-title=\"berufliches Coaching\" data-image-description=\"&lt;p&gt;berufliches Coaching&lt;\/p&gt;\n\" data-image-caption=\"\" data-medium-file=\"https:\/\/i0.wp.com\/www.legalprofession.de\/wp-content\/uploads\/Download-1.jpg?fit=144%2C144&amp;ssl=1\" data-large-file=\"https:\/\/i0.wp.com\/www.legalprofession.de\/wp-content\/uploads\/Download-1.jpg?fit=144%2C144&amp;ssl=1\" \/><\/a><\/figure><div class=\"elementor-image-box-content\"><h3 class=\"elementor-image-box-title\"><a href=\"https:\/\/www.legalprofession.de\/index.php\/berufliches-einzelcoaching-avgs\">Berufliches Coaching <\/a><\/h3><p class=\"elementor-image-box-description\">Nutzen Sie die M\u00f6glichkeit, sich mit uns bei potentiellen Arbeitgebern anonym und professionell zu pr\u00e4sentieren. Wir begleiten Sie mit Beratung, Bewerbungstraining und Coaching durch den Bewerbungsprozess. F\u00fcr Vermittlungskandidaten 100% kostenfrei.<\/p><\/div><\/div>\t\t\t\t<\/div>\n\t\t\t\t<\/div>\n\t\t\t\t<\/div>\n\t\t\t\t<\/div>\n\t\t\t\t<\/div>\n\t\t","protected":false},"excerpt":{"rendered":"<p>Stellenmarkt juristische Assistenz &#8211; ReNoPat Berufe (*) Jede Person, unabh\u00e4ngig von Geschlecht, Nationalit\u00e4t, ethnischer Herkunft, Religion oder Weltanschauung, Behinderung, Alter, sexueller Orientierung und Identit\u00e4t ist bei uns willkommen. Private Arbeitsvermittlung AZAV Als zugelassener Tr\u00e4ger nach dem Recht der Arbeitsf\u00f6rderung vermitteln wir auch mit dem Aktivierungs- und Vermittlungsgutschein 100 % kostenfrei. Antragstellung bei der Agentur f\u00fcr&hellip; <a href=\"https:\/\/www.legalprofession.de\/index.php\/stellenmarkt-juristische-assistenz\">Continue reading&#8230;<\/a><\/p>\n","protected":false},"author":2,"featured_media":0,"parent":0,"menu_order":0,"comment_status":"closed","ping_status":"closed","template":"","meta":{"jetpack_post_was_ever_published":false,"footnotes":""},"class_list":["post-5652","page","type-page","status-publish","hentry"],"yoast_head":"<!-- This site is optimized with the Yoast SEO plugin v27.3 - https:\/\/yoast.com\/product\/yoast-seo-wordpress\/ -->\n<title>Stellenmarkt juristische Assistenz - LegalProfession\u00ae<\/title>\n<meta name=\"description\" content=\"Stellenmarkt juristische Assistenz und Legal Business Support in Kanzlei, Notariat. Jobb\u00f6rse f\u00fcr ReNoPat Berufe &amp; LegalTech\" \/>\n<meta name=\"robots\" content=\"index, follow, max-snippet:-1, max-image-preview:large, max-video-preview:-1\" \/>\n<link rel=\"canonical\" href=\"https:\/\/www.legalprofession.de\/index.php\/stellenmarkt-juristische-assistenz\" \/>\n<meta property=\"og:locale\" content=\"de_DE\" \/>\n<meta property=\"og:type\" content=\"article\" \/>\n<meta property=\"og:title\" content=\"Stellenmarkt juristische Assistenz - LegalProfession\u00ae\" \/>\n<meta property=\"og:description\" content=\"Stellenmarkt juristische Assistenz und Legal Business Support in Kanzlei, Notariat. Jobb\u00f6rse f\u00fcr ReNoPat Berufe &amp; LegalTech\" \/>\n<meta property=\"og:url\" content=\"https:\/\/www.legalprofession.de\/index.php\/stellenmarkt-juristische-assistenz\" \/>\n<meta property=\"og:site_name\" content=\"LegalProfession\u00ae\" \/>\n<meta property=\"article:modified_time\" content=\"2025-12-09T08:15:07+00:00\" \/>\n<meta property=\"og:image\" content=\"https:\/\/www.legalprofession.de\/wp-content\/uploads\/siegel-tr-azav-3-e1724836479135.jpg\" \/>\n<meta name=\"twitter:card\" content=\"summary_large_image\" \/>\n<meta name=\"twitter:label1\" content=\"Gesch\u00e4tzte Lesezeit\" \/>\n\t<meta name=\"twitter:data1\" content=\"2\u00a0Minuten\" \/>\n<script type=\"application\/ld+json\" class=\"yoast-schema-graph\">{\"@context\":\"https:\\\/\\\/schema.org\",\"@graph\":[{\"@type\":\"WebPage\",\"@id\":\"https:\\\/\\\/www.legalprofession.de\\\/index.php\\\/stellenmarkt-juristische-assistenz\",\"url\":\"https:\\\/\\\/www.legalprofession.de\\\/index.php\\\/stellenmarkt-juristische-assistenz\",\"name\":\"Stellenmarkt juristische Assistenz - LegalProfession\u00ae\",\"isPartOf\":{\"@id\":\"https:\\\/\\\/www.legalprofession.de\\\/#website\"},\"primaryImageOfPage\":{\"@id\":\"https:\\\/\\\/www.legalprofession.de\\\/index.php\\\/stellenmarkt-juristische-assistenz#primaryimage\"},\"image\":{\"@id\":\"https:\\\/\\\/www.legalprofession.de\\\/index.php\\\/stellenmarkt-juristische-assistenz#primaryimage\"},\"thumbnailUrl\":\"https:\\\/\\\/www.legalprofession.de\\\/wp-content\\\/uploads\\\/siegel-tr-azav-3-e1724836479135.jpg\",\"datePublished\":\"2025-12-02T15:00:27+00:00\",\"dateModified\":\"2025-12-09T08:15:07+00:00\",\"description\":\"Stellenmarkt juristische Assistenz und Legal Business Support in Kanzlei, Notariat. Jobb\u00f6rse f\u00fcr ReNoPat Berufe & LegalTech\",\"breadcrumb\":{\"@id\":\"https:\\\/\\\/www.legalprofession.de\\\/index.php\\\/stellenmarkt-juristische-assistenz#breadcrumb\"},\"inLanguage\":\"de\",\"potentialAction\":[{\"@type\":\"ReadAction\",\"target\":[\"https:\\\/\\\/www.legalprofession.de\\\/index.php\\\/stellenmarkt-juristische-assistenz\"]}]},{\"@type\":\"ImageObject\",\"inLanguage\":\"de\",\"@id\":\"https:\\\/\\\/www.legalprofession.de\\\/index.php\\\/stellenmarkt-juristische-assistenz#primaryimage\",\"url\":\"https:\\\/\\\/www.legalprofession.de\\\/wp-content\\\/uploads\\\/siegel-tr-azav-3-e1724836479135.jpg\",\"contentUrl\":\"https:\\\/\\\/www.legalprofession.de\\\/wp-content\\\/uploads\\\/siegel-tr-azav-3-e1724836479135.jpg\"},{\"@type\":\"BreadcrumbList\",\"@id\":\"https:\\\/\\\/www.legalprofession.de\\\/index.php\\\/stellenmarkt-juristische-assistenz#breadcrumb\",\"itemListElement\":[{\"@type\":\"ListItem\",\"position\":1,\"name\":\"Startseite\",\"item\":\"https:\\\/\\\/www.legalprofession.de\\\/\"},{\"@type\":\"ListItem\",\"position\":2,\"name\":\"Stellenmarkt juristische Assistenz\"}]},{\"@type\":\"WebSite\",\"@id\":\"https:\\\/\\\/www.legalprofession.de\\\/#website\",\"url\":\"https:\\\/\\\/www.legalprofession.de\\\/\",\"name\":\"LegalProfession\u00ae\",\"description\":\"Recruiting Coaching Consulting AZAV\",\"publisher\":{\"@id\":\"https:\\\/\\\/www.legalprofession.de\\\/#organization\"},\"potentialAction\":[{\"@type\":\"SearchAction\",\"target\":{\"@type\":\"EntryPoint\",\"urlTemplate\":\"https:\\\/\\\/www.legalprofession.de\\\/?s={search_term_string}\"},\"query-input\":{\"@type\":\"PropertyValueSpecification\",\"valueRequired\":true,\"valueName\":\"search_term_string\"}}],\"inLanguage\":\"de\"},{\"@type\":\"Organization\",\"@id\":\"https:\\\/\\\/www.legalprofession.de\\\/#organization\",\"name\":\"LegalProfession\u00ae Recruitment Coaching Consulting\",\"url\":\"https:\\\/\\\/www.legalprofession.de\\\/\",\"logo\":{\"@type\":\"ImageObject\",\"inLanguage\":\"de\",\"@id\":\"https:\\\/\\\/www.legalprofession.de\\\/#\\\/schema\\\/logo\\\/image\\\/\",\"url\":\"https:\\\/\\\/i0.wp.com\\\/www.legalprofession.de\\\/wp-content\\\/uploads\\\/Logo-LP-1.jpg?fit=354%2C141&ssl=1\",\"contentUrl\":\"https:\\\/\\\/i0.wp.com\\\/www.legalprofession.de\\\/wp-content\\\/uploads\\\/Logo-LP-1.jpg?fit=354%2C141&ssl=1\",\"width\":354,\"height\":141,\"caption\":\"LegalProfession\u00ae Recruitment Coaching Consulting\"},\"image\":{\"@id\":\"https:\\\/\\\/www.legalprofession.de\\\/#\\\/schema\\\/logo\\\/image\\\/\"},\"sameAs\":[\"https:\\\/\\\/www.linkedin.com\\\/in\\\/marion-proft-legalprofession\\\/\",\"https:\\\/\\\/www.xing.com\\\/profile\\\/Marion_Proft\\\/portfolio\"]}]}<\/script>\n<!-- \/ Yoast SEO plugin. -->","yoast_head_json":{"title":"Stellenmarkt juristische Assistenz - LegalProfession\u00ae","description":"Stellenmarkt juristische Assistenz und Legal Business Support in Kanzlei, Notariat. Jobb\u00f6rse f\u00fcr ReNoPat Berufe & LegalTech","robots":{"index":"index","follow":"follow","max-snippet":"max-snippet:-1","max-image-preview":"max-image-preview:large","max-video-preview":"max-video-preview:-1"},"canonical":"https:\/\/www.legalprofession.de\/index.php\/stellenmarkt-juristische-assistenz","og_locale":"de_DE","og_type":"article","og_title":"Stellenmarkt juristische Assistenz - LegalProfession\u00ae","og_description":"Stellenmarkt juristische Assistenz und Legal Business Support in Kanzlei, Notariat. Jobb\u00f6rse f\u00fcr ReNoPat Berufe & LegalTech","og_url":"https:\/\/www.legalprofession.de\/index.php\/stellenmarkt-juristische-assistenz","og_site_name":"LegalProfession\u00ae","article_modified_time":"2025-12-09T08:15:07+00:00","og_image":[{"url":"https:\/\/www.legalprofession.de\/wp-content\/uploads\/siegel-tr-azav-3-e1724836479135.jpg","type":"","width":"","height":""}],"twitter_card":"summary_large_image","twitter_misc":{"Gesch\u00e4tzte Lesezeit":"2\u00a0Minuten"},"schema":{"@context":"https:\/\/schema.org","@graph":[{"@type":"WebPage","@id":"https:\/\/www.legalprofession.de\/index.php\/stellenmarkt-juristische-assistenz","url":"https:\/\/www.legalprofession.de\/index.php\/stellenmarkt-juristische-assistenz","name":"Stellenmarkt juristische Assistenz - LegalProfession\u00ae","isPartOf":{"@id":"https:\/\/www.legalprofession.de\/#website"},"primaryImageOfPage":{"@id":"https:\/\/www.legalprofession.de\/index.php\/stellenmarkt-juristische-assistenz#primaryimage"},"image":{"@id":"https:\/\/www.legalprofession.de\/index.php\/stellenmarkt-juristische-assistenz#primaryimage"},"thumbnailUrl":"https:\/\/www.legalprofession.de\/wp-content\/uploads\/siegel-tr-azav-3-e1724836479135.jpg","datePublished":"2025-12-02T15:00:27+00:00","dateModified":"2025-12-09T08:15:07+00:00","description":"Stellenmarkt juristische Assistenz und Legal Business Support in Kanzlei, Notariat. Jobb\u00f6rse f\u00fcr ReNoPat Berufe & LegalTech","breadcrumb":{"@id":"https:\/\/www.legalprofession.de\/index.php\/stellenmarkt-juristische-assistenz#breadcrumb"},"inLanguage":"de","potentialAction":[{"@type":"ReadAction","target":["https:\/\/www.legalprofession.de\/index.php\/stellenmarkt-juristische-assistenz"]}]},{"@type":"ImageObject","inLanguage":"de","@id":"https:\/\/www.legalprofession.de\/index.php\/stellenmarkt-juristische-assistenz#primaryimage","url":"https:\/\/www.legalprofession.de\/wp-content\/uploads\/siegel-tr-azav-3-e1724836479135.jpg","contentUrl":"https:\/\/www.legalprofession.de\/wp-content\/uploads\/siegel-tr-azav-3-e1724836479135.jpg"},{"@type":"BreadcrumbList","@id":"https:\/\/www.legalprofession.de\/index.php\/stellenmarkt-juristische-assistenz#breadcrumb","itemListElement":[{"@type":"ListItem","position":1,"name":"Startseite","item":"https:\/\/www.legalprofession.de\/"},{"@type":"ListItem","position":2,"name":"Stellenmarkt juristische Assistenz"}]},{"@type":"WebSite","@id":"https:\/\/www.legalprofession.de\/#website","url":"https:\/\/www.legalprofession.de\/","name":"LegalProfession\u00ae","description":"Recruiting Coaching Consulting AZAV","publisher":{"@id":"https:\/\/www.legalprofession.de\/#organization"},"potentialAction":[{"@type":"SearchAction","target":{"@type":"EntryPoint","urlTemplate":"https:\/\/www.legalprofession.de\/?s={search_term_string}"},"query-input":{"@type":"PropertyValueSpecification","valueRequired":true,"valueName":"search_term_string"}}],"inLanguage":"de"},{"@type":"Organization","@id":"https:\/\/www.legalprofession.de\/#organization","name":"LegalProfession\u00ae Recruitment Coaching Consulting","url":"https:\/\/www.legalprofession.de\/","logo":{"@type":"ImageObject","inLanguage":"de","@id":"https:\/\/www.legalprofession.de\/#\/schema\/logo\/image\/","url":"https:\/\/i0.wp.com\/www.legalprofession.de\/wp-content\/uploads\/Logo-LP-1.jpg?fit=354%2C141&ssl=1","contentUrl":"https:\/\/i0.wp.com\/www.legalprofession.de\/wp-content\/uploads\/Logo-LP-1.jpg?fit=354%2C141&ssl=1","width":354,"height":141,"caption":"LegalProfession\u00ae Recruitment Coaching Consulting"},"image":{"@id":"https:\/\/www.legalprofession.de\/#\/schema\/logo\/image\/"},"sameAs":["https:\/\/www.linkedin.com\/in\/marion-proft-legalprofession\/","https:\/\/www.xing.com\/profile\/Marion_Proft\/portfolio"]}]}},"jetpack_shortlink":"https:\/\/wp.me\/P8oDIe-1ta","jetpack_sharing_enabled":false,"_links":{"self":[{"href":"https:\/\/www.legalprofession.de\/index.php\/wp-json\/wp\/v2\/pages\/5652","targetHints":{"allow":["GET"]}}],"collection":[{"href":"https:\/\/www.legalprofession.de\/index.php\/wp-json\/wp\/v2\/pages"}],"about":[{"href":"https:\/\/www.legalprofession.de\/index.php\/wp-json\/wp\/v2\/types\/page"}],"author":[{"embeddable":true,"href":"https:\/\/www.legalprofession.de\/index.php\/wp-json\/wp\/v2\/users\/2"}],"replies":[{"embeddable":true,"href":"https:\/\/www.legalprofession.de\/index.php\/wp-json\/wp\/v2\/comments?post=5652"}],"version-history":[{"count":55,"href":"https:\/\/www.legalprofession.de\/index.php\/wp-json\/wp\/v2\/pages\/5652\/revisions"}],"predecessor-version":[{"id":12840,"href":"https:\/\/www.legalprofession.de\/index.php\/wp-json\/wp\/v2\/pages\/5652\/revisions\/12840"}],"wp:attachment":[{"href":"https:\/\/www.legalprofession.de\/index.php\/wp-json\/wp\/v2\/media?parent=5652"}],"curies":[{"name":"wp","href":"https:\/\/api.w.org\/{rel}","templated":true}]}}