{"id":5816,"date":"2026-04-02T18:00:41","date_gmt":"2026-04-02T16:00:41","guid":{"rendered":"http:\/\/www.legalprofession.de\/?page_id=5816"},"modified":"2026-04-22T19:38:09","modified_gmt":"2026-04-22T17:38:09","slug":"agb-recruitment","status":"publish","type":"page","link":"https:\/\/www.legalprofession.de\/index.php\/recruitment\/agb-recruitment","title":{"rendered":"AGB Recruitment"},"content":{"rendered":"<h5>Allgemeine Gesch\u00e4ftsbedingungen Stand: April 2026<\/h5>\r\n<img data-recalc-dims=\"1\" fetchpriority=\"high\" decoding=\"async\" data-attachment-id=\"2796\" data-permalink=\"https:\/\/www.legalprofession.de\/index.php\/recruitment\/agb-2\" data-orig-file=\"https:\/\/i0.wp.com\/www.legalprofession.de\/wp-content\/uploads\/2014\/05\/Fotolia_8775625_XS.jpg?fit=400%2C300&amp;ssl=1\" data-orig-size=\"400,300\" data-comments-opened=\"0\" data-image-meta=\"{&quot;aperture&quot;:&quot;0&quot;,&quot;credit&quot;:&quot;Dustin Lyson - Fotolia&quot;,&quot;camera&quot;:&quot;&quot;,&quot;caption&quot;:&quot;&quot;,&quot;created_timestamp&quot;:&quot;0&quot;,&quot;copyright&quot;:&quot;Dustin Lyson - Fotolia&quot;,&quot;focal_length&quot;:&quot;0&quot;,&quot;iso&quot;:&quot;0&quot;,&quot;shutter_speed&quot;:&quot;0&quot;,&quot;title&quot;:&quot;AGB&quot;}\" data-image-title=\"AGB\" data-image-description=\"&lt;p&gt;Recruitment AGB&lt;\/p&gt;\n\" data-image-caption=\"\" data-large-file=\"https:\/\/i0.wp.com\/www.legalprofession.de\/wp-content\/uploads\/2014\/05\/Fotolia_8775625_XS.jpg?fit=400%2C300&amp;ssl=1\" class=\"alignnone wp-image-2796 size-full\" title=\"Recruitment AGB\" src=\"https:\/\/i0.wp.com\/www.legalprofession.de\/wp-content\/uploads\/2014\/05\/Fotolia_8775625_XS.jpg?resize=400%2C300&#038;ssl=1\" alt=\"Recruitment AGB\" width=\"400\" height=\"300\" srcset=\"https:\/\/i0.wp.com\/www.legalprofession.de\/wp-content\/uploads\/2014\/05\/Fotolia_8775625_XS.jpg?w=400&amp;ssl=1 400w, https:\/\/i0.wp.com\/www.legalprofession.de\/wp-content\/uploads\/2014\/05\/Fotolia_8775625_XS.jpg?resize=300%2C225&amp;ssl=1 300w\" sizes=\"(max-width: 400px) 100vw, 400px\" \/>\r\n<h5><strong>I. Geltungsbereich<\/strong><\/h5>\r\nLegalProfession\u00ae Recruitment, Coaching, Consulting ist als Personalberatung und private Arbeitsvermittlung auf den Bereich der juristischen Berufe und den deutschen Rechtsdienstleistungsmarkt spezialisiert. Die vorliegenden AGB gelten f\u00fcr die Leistungen von LegalProfession\u00ae im Bereich Recruitment und werden vom Kunden in vollem Umfang anerkannt, sie gelten soweit keine anderen schriftlichen Vereinbarungen getroffen sind.\r\n<h5><strong>II. Leistungsumfang<\/strong><\/h5>\r\nLegalProfession\u00ae stellt im Sinn der Personalvermittlung dem Kunden initiativ oder auf Anfrage passende Kandidaten vor. Ein Kandidat gilt als vorgestellt, sobald LegalProfession\u00ae dem Kunden mit oder ohne vorherige Auftragserteilung den Namen und\/oder andere pers\u00f6nliche Daten zum Zweck der Einstellung des Kandidaten durch den Kunden zur Verf\u00fcgung gestellt hat. Die Erstvorstellung des Kandidaten erfolgt in der Regel schriftlich in Form eines qualifizierten Kandidatenprofils, kann aber auch m\u00fcndlich erfolgen. Der Name und die Zeugnisse des Kandidaten werden nur aufgrund eines berechtigten Interesses auf Anfrage des Kunden in Abstimmung mit dem Kandidaten \u00fcbermittelt.\r\n\r\nDer Erstkontakt, sowie daraus folgende Terminvereinbarungen mit dem Kandidaten, erfolgen ausschlie\u00dflich durch LegalProfession\u00ae. Kontaktdaten (Telefonnummer, E-Mail-Adresse und Anschrift) werden vom Kandidaten beim Kundengespr\u00e4ch oder nach erfolgter Einwilligung des Kandidaten weitergegeben. Referenzen werden nur auf Anfrage und nach Einwilligung des Kandidaten durch LegalProfession\u00ae eingeholt. Im Rahmen der \u00f6rtlichen und zeitlichen M\u00f6glichkeiten begleitet der Personalvermittler den Kandidaten zum Vorstellungsgespr\u00e4ch beim Kunden. Die Dienstleistung von LegalProfession\u00ae ersetzt nicht die sorgf\u00e4ltige Pr\u00fcfung des Kandidaten und der eingereichten Dokumente und Zeugnisse seitens des Kunden. Der Kunde \u00fcbernimmt f\u00fcr seine Wahl die volle Verantwortung.\r\n<h5><strong>III. Vermittlung durch Suchauftrag <\/strong><\/h5>\r\nErteilt der Kunde LegalProfession\u00ae m\u00fcndlich oder schriftlich einen Suchauftrag zur Besetzung einer bestimmten Position wird eine Rekrutierungspauschale in H\u00f6he von 550.- \u20ac zzgl. MwSt. nach Auftragserteilung f\u00e4llig. Die Pauschale beinhaltet die Schaltung einer Stellenanzeige im LegalProfession\u00ae Stellenmarkt und weiterer von LegalProfession genutzter Portale. Der Kunde stellt die daf\u00fcr notwendigen Informationen (Aufgaben, Anforderungen, Rahmenbedingungen) in schriftlicher oder m\u00fcndlicher Form zur Verf\u00fcgung. Nach Festlegung des Suchprofils recherchiert LegalProfession\u00ae nach passenden Kandidaten und startet eine Social Media unterst\u00fctzte Recruiting-Kampagne. Geeignete Kandidaten werden dem Kunden mit einem aussagef\u00e4higen Profil vorgeschlagen.\r\n<h5><strong>IV. Erfolgsabh\u00e4ngige Verg\u00fctung <\/strong><\/h5>\r\nDie Vermittlung gilt als erfolgreich, wenn es innerhalb von 12 Monaten nach Vorstellung des Kandidaten zu einer Vereinbarung oder einem Vertrag zwischen dem Kunden und dem Kandidaten kommt, durch die der Kandidat Eink\u00fcnfte im Sinne des \u00a72 I Satz 1 Nr. 2, 3 oder 4 EStG erzielt oder eine Vereinbarung zur Durchf\u00fchrung einer Berufsausbildung oder der Anwalts- und\/oder Wahlstation im Rahmen des juristischen Vorbereitungsdienstes getroffen wird. Selbiges gilt f\u00fcr einen Vertragsschluss zwischen dem Kandidaten und einem mit dem Kunden im Sinne der \u00a7\u00a7 15 ff. AktG. verbundenen Unternehmen oder eines Nachfolgeunternehmens.\r\n\r\nDie Vermittlung gilt ebenfalls als erfolgreich, wenn ein Dritter einen Vertrag im Sinne dieses Abschnitts mit dem Kandidaten aufgrund von Informationen und Unterlagen, die LegalProfession\u00ae dem Kunden zur Verf\u00fcgung gestellt hat, schlie\u00dft. In diesem Fall schuldet der Kunde LegalProfession\u00ae ebenfalls die Vermittlungsprovision. Ein Anspruch auf die Vermittlungsprovision besteht ab Vertragsschluss im Sinne dieses Abschnitts.\r\n\r\nDem Kunden werden nur Kandidaten vorgeschlagen, deren Einverst\u00e4ndnis zur Weitergabe der Daten an Dritte im Zuge der Personalvermittlung vorliegt. Ist der Kandidat dem Kunden im Einzelfall dennoch bereits bekannt (z.B. Vorstellung durch Dritte), kann LegalProfession\u00ae das Vermittlungshonorar f\u00fcr diesen Kandidaten nur dann nicht verlangen, wenn der Kunde LegalProfession\u00ae unverz\u00fcglich und schriftlich hier\u00fcber informiert und seine Kenntnis nachweist.\r\n<h5><strong>V. Vermittlungsprovision<\/strong><\/h5>\r\nDie H\u00f6he der Vermittlungsprovision richtet sich prozentual nach dem im Arbeitsvertrag vereinbarten Bruttojahreseinkommen (inkl. s\u00e4mtlicher Zusch\u00fcsse, Sonderleistungen, Boni, Gewinnbeteiligungen, Aufwandserstattungen, Gehaltsumwandlungen) des Kandidaten, welches dieser aufgrund der Vereinbarung im Sinne dieses Abschnitts erzielt.\r\n\r\n<strong>Honorarsatz<\/strong>\r\n<ul>\r\n \t<li>23% vom Bruttojahreseinkommen<\/li>\r\n \t<li>Mindesthonorar f\u00fcr eine Vermittlung = 3.500 \u20ac<\/li>\r\n \t<li>Auszubildende = 1.750 \u20ac<\/li>\r\n<\/ul>\r\nDie Vermittlungsprovision wird anteilig (50%) nach Unterzeichnung des Arbeitsvertrages und nach erfolgreich beendeter Probezeit (50%) f\u00e4llig. Die Dienstleistungen von LegalProfession\u00ae sind umsatzsteuerpflichtig; die angegebenen Honorare verstehen sich zuz\u00fcglich der gesetzlichen Umsatzsteuer. Die Rechnung ist 14 Tage nach Rechnungserhalt ohne Abzug zu begleichen.\r\n<h5><strong>VI. Vermittlung von Praktikanten<\/strong><\/h5>\r\nDie Vermittlung von Praktikanten im Sinne der Arbeitsf\u00f6rderung erfolgt zun\u00e4chst unentgeltlich. Bei \u00dcbernahme in ein sozialversicherungspflichtiges Arbeitsverh\u00e4ltnis nach Praktikumsende wird das Honorar f\u00fcr eine Vermittlung entsprechend Punkt V. der AGB f\u00e4llig. F\u00f6rderleistungen durch die Bundesagentur f\u00fcr Arbeit k\u00f6nnen angerechnet werden.\r\n<h5><strong>VII. Qualit\u00e4tsmanagement und AZAV-Zertifizierung<\/strong><\/h5>\r\nLegalProfession\u00ae arbeitet nach einem gepr\u00fcften Qualit\u00e4tsmanagementsystem und ist als zugelassener Tr\u00e4ger nach dem Recht der Arbeitsf\u00f6rderung nach \u00a7 178 SGB III i. V. m. AZAV zertifiziert. In Abh\u00e4ngigkeit der Anspruchsberechtigung des Kandidaten wird der Kunde \u00fcber m\u00f6gliche Eingliederungsf\u00f6rderungen der Bundesagentur f\u00fcr Arbeit informiert.\r\n<h5><strong>VIII. Datenschutz<\/strong><\/h5>\r\nLegalProfession\u00ae handelt nach den g\u00fcltigen Vorgaben der EU-DSGVO. Die Kunde ist im Sinne der g\u00fcltigen Regeln der EU-DSGVO verpflichtet, \u00fcber die personenbezogenen Daten Stillschweigen zu bewahren, sie sicher zu speichern und zu verarbeiten und diese nicht ohne Einwilligung von LegalProfession\u00ae an Dritte weiterzugeben. Alle personenbezogenen Daten, Unterlagen und Informationen sind nach Beendigung des Auswahlprozesses innerhalb der gesetzlichen Regeln oder nach Aufforderung zu l\u00f6schen bzw. zu vernichten, dies gilt auch f\u00fcr eingereichte Profile und s\u00e4mtliche Unterlagen, die im Einstellungsprozess nicht ber\u00fccksichtigt wurden.\r\n<h5><strong>IX. Gleichstellung<\/strong><\/h5>\r\nLegalProfession\u00ae ber\u00fccksichtigt im Recruiting jede Person, unabh\u00e4ngig von Geschlecht, Nationalit\u00e4t, ethnischer Herkunft, Religion oder Weltanschauung, Behinderung, Alter, sexueller Orientierung und Identit\u00e4t.\r\n<h5><strong>X. Informationspflichten<\/strong><\/h5>\r\nDer Kunde ist aufgefordert, LegalProfession\u00ae unverz\u00fcglich \u00fcber das Zustandekommen einer Vereinbarung im Sinne des Abschnitt V dieser AGB mit einem Kandidaten zu unterrichten und entsprechende Nachweise \u00fcber das Zustandekommen und das Bruttojahreseinkommen zu erbringen.\r\n<h5><strong>XI. Nebenabreden<\/strong><\/h5>\r\nNebenabreden und Vereinbarungen, die von dieser AGB abweichen, bed\u00fcrfen der Schriftform und beiderseitiger Best\u00e4tigung.\r\n<h5><strong>XII. G\u00fcltigkeit der AGB<\/strong><\/h5>\r\nDie vorliegende AGB ist ab April 2026 g\u00fcltig. Die AGB gelten jeweils f\u00fcr eine Vermittlung. Bei Folgeauftr\u00e4gen werden die zu diesem Zeitpunkt gelten AGB zugrunde gelegt.\r\n<h5><strong>XIII. Anwendbares Recht\/Gerichtsstand<\/strong><\/h5>\r\nEs gilt das Recht der Bundesrepublik Deutschland. Der ausschlie\u00dfliche Gerichtsstand ist Berlin.\r\n<h5><strong>XIV. Salvatorische Klausel<\/strong><\/h5>\r\nSollte eine Bestimmung dieser Vereinbarung ganz oder teilweise unwirksam sein oder ihre Rechtswirksamkeit sp\u00e4ter verlieren, so soll hierdurch die G\u00fcltigkeit der \u00fcbrigen Bestimmungen nicht ber\u00fchrt werden. Anstelle der unwirksamen Bestimmung gelten die gesetzlichen Vorschriften.\r\n<pre><a href=\"https:\/\/www.legalprofession.de\/\">LEGALPROFESSION<\/a>\u00ae\r\nRecruitment. Coaching. Consulting.\r\nBerufsorientierung &amp; Ausbildungsmarketing\r\nUSt.-IdNr.: DE 185079076\r\n\r\nMarion Proft\r\nPlatanenstra\u00dfe 28a\r\n13156 Berlin\r\nMobil: + 49 163 62 20 521\r\nmarion.proft@legalprofession.de<\/pre>\r\n&nbsp;\r\n\r\n<!-- \/wp:post-content -->","protected":false},"excerpt":{"rendered":"<p>Allgemeine Gesch\u00e4ftsbedingungen Stand: April 2026 I. Geltungsbereich LegalProfession\u00ae Recruitment, Coaching, Consulting ist als Personalberatung und private Arbeitsvermittlung auf den Bereich der juristischen Berufe und den deutschen Rechtsdienstleistungsmarkt spezialisiert. Die vorliegenden AGB gelten f\u00fcr die Leistungen von LegalProfession\u00ae im Bereich Recruitment und werden vom Kunden in vollem Umfang anerkannt, sie gelten soweit keine anderen schriftlichen Vereinbarungen&hellip; <a href=\"https:\/\/www.legalprofession.de\/index.php\/recruitment\/agb-recruitment\">Continue reading&#8230;<\/a><\/p>\n","protected":false},"author":2,"featured_media":0,"parent":1751,"menu_order":2,"comment_status":"closed","ping_status":"closed","template":"","meta":{"jetpack_post_was_ever_published":false,"footnotes":""},"class_list":["post-5816","page","type-page","status-publish","hentry"],"yoast_head":"<!-- This site is optimized with the Yoast SEO plugin v27.4 - https:\/\/yoast.com\/product\/yoast-seo-wordpress\/ -->\n<title>AGB Recruitment - LegalProfession\u00ae<\/title>\n<meta name=\"description\" content=\"AGB Recruitment. LegalProfession. Allgemeine Gesch\u00e4ftsbedingungen Personalvermittlung f\u00fcr juristische und ReNoPat Berufe\" \/>\n<meta name=\"robots\" content=\"index, follow, max-snippet:-1, max-image-preview:large, max-video-preview:-1\" \/>\n<link rel=\"canonical\" href=\"https:\/\/www.legalprofession.de\/index.php\/recruitment\/agb-recruitment\" \/>\n<meta property=\"og:locale\" content=\"de_DE\" \/>\n<meta property=\"og:type\" content=\"article\" \/>\n<meta property=\"og:title\" content=\"AGB Recruitment - LegalProfession\u00ae\" \/>\n<meta property=\"og:description\" content=\"AGB Recruitment. LegalProfession. Allgemeine Gesch\u00e4ftsbedingungen Personalvermittlung f\u00fcr juristische und ReNoPat Berufe\" \/>\n<meta property=\"og:url\" content=\"https:\/\/www.legalprofession.de\/index.php\/recruitment\/agb-recruitment\" \/>\n<meta property=\"og:site_name\" content=\"LegalProfession\u00ae\" \/>\n<meta property=\"article:modified_time\" content=\"2026-04-22T17:38:09+00:00\" \/>\n<meta property=\"og:image\" content=\"https:\/\/www.legalprofession.de\/wp-content\/uploads\/2014\/05\/Fotolia_8775625_XS.jpg\" \/>\n<meta name=\"twitter:card\" content=\"summary_large_image\" \/>\n<meta name=\"twitter:label1\" content=\"Gesch\u00e4tzte Lesezeit\" \/>\n\t<meta name=\"twitter:data1\" content=\"6\u00a0Minuten\" \/>\n<script type=\"application\/ld+json\" class=\"yoast-schema-graph\">{\"@context\":\"https:\\\/\\\/schema.org\",\"@graph\":[{\"@type\":\"WebPage\",\"@id\":\"https:\\\/\\\/www.legalprofession.de\\\/index.php\\\/recruitment\\\/agb-recruitment\",\"url\":\"https:\\\/\\\/www.legalprofession.de\\\/index.php\\\/recruitment\\\/agb-recruitment\",\"name\":\"AGB Recruitment - LegalProfession\u00ae\",\"isPartOf\":{\"@id\":\"https:\\\/\\\/www.legalprofession.de\\\/#website\"},\"primaryImageOfPage\":{\"@id\":\"https:\\\/\\\/www.legalprofession.de\\\/index.php\\\/recruitment\\\/agb-recruitment#primaryimage\"},\"image\":{\"@id\":\"https:\\\/\\\/www.legalprofession.de\\\/index.php\\\/recruitment\\\/agb-recruitment#primaryimage\"},\"thumbnailUrl\":\"https:\\\/\\\/www.legalprofession.de\\\/wp-content\\\/uploads\\\/2014\\\/05\\\/Fotolia_8775625_XS.jpg\",\"datePublished\":\"2026-04-02T16:00:41+00:00\",\"dateModified\":\"2026-04-22T17:38:09+00:00\",\"description\":\"AGB Recruitment. LegalProfession. Allgemeine Gesch\u00e4ftsbedingungen Personalvermittlung f\u00fcr juristische und ReNoPat Berufe\",\"breadcrumb\":{\"@id\":\"https:\\\/\\\/www.legalprofession.de\\\/index.php\\\/recruitment\\\/agb-recruitment#breadcrumb\"},\"inLanguage\":\"de\",\"potentialAction\":[{\"@type\":\"ReadAction\",\"target\":[\"https:\\\/\\\/www.legalprofession.de\\\/index.php\\\/recruitment\\\/agb-recruitment\"]}]},{\"@type\":\"ImageObject\",\"inLanguage\":\"de\",\"@id\":\"https:\\\/\\\/www.legalprofession.de\\\/index.php\\\/recruitment\\\/agb-recruitment#primaryimage\",\"url\":\"https:\\\/\\\/i0.wp.com\\\/www.legalprofession.de\\\/wp-content\\\/uploads\\\/2014\\\/05\\\/Fotolia_8775625_XS.jpg?fit=400%2C300&ssl=1\",\"contentUrl\":\"https:\\\/\\\/i0.wp.com\\\/www.legalprofession.de\\\/wp-content\\\/uploads\\\/2014\\\/05\\\/Fotolia_8775625_XS.jpg?fit=400%2C300&ssl=1\",\"width\":400,\"height\":300,\"caption\":\"Recruitment AGB\"},{\"@type\":\"BreadcrumbList\",\"@id\":\"https:\\\/\\\/www.legalprofession.de\\\/index.php\\\/recruitment\\\/agb-recruitment#breadcrumb\",\"itemListElement\":[{\"@type\":\"ListItem\",\"position\":1,\"name\":\"Startseite\",\"item\":\"https:\\\/\\\/www.legalprofession.de\\\/\"},{\"@type\":\"ListItem\",\"position\":2,\"name\":\"Recruitment\",\"item\":\"https:\\\/\\\/www.legalprofession.de\\\/index.php\\\/recruitment\"},{\"@type\":\"ListItem\",\"position\":3,\"name\":\"AGB Recruitment\"}]},{\"@type\":\"WebSite\",\"@id\":\"https:\\\/\\\/www.legalprofession.de\\\/#website\",\"url\":\"https:\\\/\\\/www.legalprofession.de\\\/\",\"name\":\"LegalProfession\u00ae\",\"description\":\"Recruiting Coaching Consulting AZAV\",\"publisher\":{\"@id\":\"https:\\\/\\\/www.legalprofession.de\\\/#organization\"},\"potentialAction\":[{\"@type\":\"SearchAction\",\"target\":{\"@type\":\"EntryPoint\",\"urlTemplate\":\"https:\\\/\\\/www.legalprofession.de\\\/?s={search_term_string}\"},\"query-input\":{\"@type\":\"PropertyValueSpecification\",\"valueRequired\":true,\"valueName\":\"search_term_string\"}}],\"inLanguage\":\"de\"},{\"@type\":\"Organization\",\"@id\":\"https:\\\/\\\/www.legalprofession.de\\\/#organization\",\"name\":\"LegalProfession\u00ae Recruitment Coaching Consulting\",\"url\":\"https:\\\/\\\/www.legalprofession.de\\\/\",\"logo\":{\"@type\":\"ImageObject\",\"inLanguage\":\"de\",\"@id\":\"https:\\\/\\\/www.legalprofession.de\\\/#\\\/schema\\\/logo\\\/image\\\/\",\"url\":\"https:\\\/\\\/i0.wp.com\\\/www.legalprofession.de\\\/wp-content\\\/uploads\\\/Logo-LP-1.jpg?fit=354%2C141&ssl=1\",\"contentUrl\":\"https:\\\/\\\/i0.wp.com\\\/www.legalprofession.de\\\/wp-content\\\/uploads\\\/Logo-LP-1.jpg?fit=354%2C141&ssl=1\",\"width\":354,\"height\":141,\"caption\":\"LegalProfession\u00ae Recruitment Coaching Consulting\"},\"image\":{\"@id\":\"https:\\\/\\\/www.legalprofession.de\\\/#\\\/schema\\\/logo\\\/image\\\/\"},\"sameAs\":[\"https:\\\/\\\/www.linkedin.com\\\/in\\\/marion-proft-legalprofession\\\/\",\"https:\\\/\\\/www.xing.com\\\/profile\\\/Marion_Proft\\\/portfolio\"]}]}<\/script>\n<!-- \/ Yoast SEO plugin. -->","yoast_head_json":{"title":"AGB Recruitment - LegalProfession\u00ae","description":"AGB Recruitment. LegalProfession. Allgemeine Gesch\u00e4ftsbedingungen Personalvermittlung f\u00fcr juristische und ReNoPat Berufe","robots":{"index":"index","follow":"follow","max-snippet":"max-snippet:-1","max-image-preview":"max-image-preview:large","max-video-preview":"max-video-preview:-1"},"canonical":"https:\/\/www.legalprofession.de\/index.php\/recruitment\/agb-recruitment","og_locale":"de_DE","og_type":"article","og_title":"AGB Recruitment - LegalProfession\u00ae","og_description":"AGB Recruitment. LegalProfession. Allgemeine Gesch\u00e4ftsbedingungen Personalvermittlung f\u00fcr juristische und ReNoPat Berufe","og_url":"https:\/\/www.legalprofession.de\/index.php\/recruitment\/agb-recruitment","og_site_name":"LegalProfession\u00ae","article_modified_time":"2026-04-22T17:38:09+00:00","og_image":[{"url":"https:\/\/www.legalprofession.de\/wp-content\/uploads\/2014\/05\/Fotolia_8775625_XS.jpg","type":"","width":"","height":""}],"twitter_card":"summary_large_image","twitter_misc":{"Gesch\u00e4tzte Lesezeit":"6\u00a0Minuten"},"schema":{"@context":"https:\/\/schema.org","@graph":[{"@type":"WebPage","@id":"https:\/\/www.legalprofession.de\/index.php\/recruitment\/agb-recruitment","url":"https:\/\/www.legalprofession.de\/index.php\/recruitment\/agb-recruitment","name":"AGB Recruitment - LegalProfession\u00ae","isPartOf":{"@id":"https:\/\/www.legalprofession.de\/#website"},"primaryImageOfPage":{"@id":"https:\/\/www.legalprofession.de\/index.php\/recruitment\/agb-recruitment#primaryimage"},"image":{"@id":"https:\/\/www.legalprofession.de\/index.php\/recruitment\/agb-recruitment#primaryimage"},"thumbnailUrl":"https:\/\/www.legalprofession.de\/wp-content\/uploads\/2014\/05\/Fotolia_8775625_XS.jpg","datePublished":"2026-04-02T16:00:41+00:00","dateModified":"2026-04-22T17:38:09+00:00","description":"AGB Recruitment. LegalProfession. Allgemeine Gesch\u00e4ftsbedingungen Personalvermittlung f\u00fcr juristische und ReNoPat Berufe","breadcrumb":{"@id":"https:\/\/www.legalprofession.de\/index.php\/recruitment\/agb-recruitment#breadcrumb"},"inLanguage":"de","potentialAction":[{"@type":"ReadAction","target":["https:\/\/www.legalprofession.de\/index.php\/recruitment\/agb-recruitment"]}]},{"@type":"ImageObject","inLanguage":"de","@id":"https:\/\/www.legalprofession.de\/index.php\/recruitment\/agb-recruitment#primaryimage","url":"https:\/\/i0.wp.com\/www.legalprofession.de\/wp-content\/uploads\/2014\/05\/Fotolia_8775625_XS.jpg?fit=400%2C300&ssl=1","contentUrl":"https:\/\/i0.wp.com\/www.legalprofession.de\/wp-content\/uploads\/2014\/05\/Fotolia_8775625_XS.jpg?fit=400%2C300&ssl=1","width":400,"height":300,"caption":"Recruitment AGB"},{"@type":"BreadcrumbList","@id":"https:\/\/www.legalprofession.de\/index.php\/recruitment\/agb-recruitment#breadcrumb","itemListElement":[{"@type":"ListItem","position":1,"name":"Startseite","item":"https:\/\/www.legalprofession.de\/"},{"@type":"ListItem","position":2,"name":"Recruitment","item":"https:\/\/www.legalprofession.de\/index.php\/recruitment"},{"@type":"ListItem","position":3,"name":"AGB Recruitment"}]},{"@type":"WebSite","@id":"https:\/\/www.legalprofession.de\/#website","url":"https:\/\/www.legalprofession.de\/","name":"LegalProfession\u00ae","description":"Recruiting Coaching Consulting AZAV","publisher":{"@id":"https:\/\/www.legalprofession.de\/#organization"},"potentialAction":[{"@type":"SearchAction","target":{"@type":"EntryPoint","urlTemplate":"https:\/\/www.legalprofession.de\/?s={search_term_string}"},"query-input":{"@type":"PropertyValueSpecification","valueRequired":true,"valueName":"search_term_string"}}],"inLanguage":"de"},{"@type":"Organization","@id":"https:\/\/www.legalprofession.de\/#organization","name":"LegalProfession\u00ae Recruitment Coaching Consulting","url":"https:\/\/www.legalprofession.de\/","logo":{"@type":"ImageObject","inLanguage":"de","@id":"https:\/\/www.legalprofession.de\/#\/schema\/logo\/image\/","url":"https:\/\/i0.wp.com\/www.legalprofession.de\/wp-content\/uploads\/Logo-LP-1.jpg?fit=354%2C141&ssl=1","contentUrl":"https:\/\/i0.wp.com\/www.legalprofession.de\/wp-content\/uploads\/Logo-LP-1.jpg?fit=354%2C141&ssl=1","width":354,"height":141,"caption":"LegalProfession\u00ae Recruitment Coaching Consulting"},"image":{"@id":"https:\/\/www.legalprofession.de\/#\/schema\/logo\/image\/"},"sameAs":["https:\/\/www.linkedin.com\/in\/marion-proft-legalprofession\/","https:\/\/www.xing.com\/profile\/Marion_Proft\/portfolio"]}]}},"jetpack_shortlink":"https:\/\/wp.me\/P8oDIe-1vO","jetpack_sharing_enabled":false,"_links":{"self":[{"href":"https:\/\/www.legalprofession.de\/index.php\/wp-json\/wp\/v2\/pages\/5816","targetHints":{"allow":["GET"]}}],"collection":[{"href":"https:\/\/www.legalprofession.de\/index.php\/wp-json\/wp\/v2\/pages"}],"about":[{"href":"https:\/\/www.legalprofession.de\/index.php\/wp-json\/wp\/v2\/types\/page"}],"author":[{"embeddable":true,"href":"https:\/\/www.legalprofession.de\/index.php\/wp-json\/wp\/v2\/users\/2"}],"replies":[{"embeddable":true,"href":"https:\/\/www.legalprofession.de\/index.php\/wp-json\/wp\/v2\/comments?post=5816"}],"version-history":[{"count":3,"href":"https:\/\/www.legalprofession.de\/index.php\/wp-json\/wp\/v2\/pages\/5816\/revisions"}],"predecessor-version":[{"id":13070,"href":"https:\/\/www.legalprofession.de\/index.php\/wp-json\/wp\/v2\/pages\/5816\/revisions\/13070"}],"up":[{"embeddable":true,"href":"https:\/\/www.legalprofession.de\/index.php\/wp-json\/wp\/v2\/pages\/1751"}],"wp:attachment":[{"href":"https:\/\/www.legalprofession.de\/index.php\/wp-json\/wp\/v2\/media?parent=5816"}],"curies":[{"name":"wp","href":"https:\/\/api.w.org\/{rel}","templated":true}]}}