{"id":7533,"date":"2020-07-10T11:58:44","date_gmt":"2020-07-10T09:58:44","guid":{"rendered":"https:\/\/www.legalprofession.de\/?page_id=7533"},"modified":"2023-11-13T19:02:41","modified_gmt":"2023-11-13T18:02:41","slug":"persolog-persoenlichkeits-modell-im-recruitment","status":"publish","type":"page","link":"https:\/\/www.legalprofession.de\/index.php\/persolog-persoenlichkeits-modell-im-recruitment","title":{"rendered":"persolog Pers\u00f6nlichkeits-Modell im Recruitment"},"content":{"rendered":"<p><span style=\"color: #000000;\">Wir nutzen das persolog Pers\u00f6nlichkeits-Modell im <a href=\"https:\/\/www.legalprofession.de\/index.php\/recruitment\">Recruitment<\/a>, im beruflichen Profiling und bei der Stellenbesetzung &#8211; wir begleiten Ihre Personalauswahl.<\/span><\/p>\n<h5><span style=\"color: #ff0000;\">Wen suchen Sie eigentlich?<\/span><\/h5>\n<p><span style=\"color: #000000;\">Die entscheidende Frage, welcher Bewerber am besten zu der zu besetzenden Stelle passt, wir leider oft zu sp\u00e4t beantwortet. Erst bei der Auswahl der eingegangenen Bewerbungen wird dar\u00fcber diskutiert, welche Aufgaben der zuk\u00fcnftige Mitarbeiter erf\u00fcllen muss und welche Kompetenzen er\u00a0 daf\u00fcr mitbringen sollte. Es kommt nicht selten vor, dass erst nach Arbeitsaufnahme des neuen Mitarbeiters sichtbar wird, dass man etwas ganz anderes erwartet hatte &#8211; und zwar von beiden Seiten. Mit dem persolog\u00ae Pers\u00f6nlichkeits-Modell kl\u00e4ren wir im Vorfeld die beiderseitige Erwartungshaltung.<br \/>\n<\/span><span style=\"color: #000000;\"><img data-recalc-dims=\"1\" fetchpriority=\"high\" decoding=\"async\" data-attachment-id=\"2286\" data-permalink=\"https:\/\/www.legalprofession.de\/index.php\/recruitment\/besetzungsberatung-2\" data-orig-file=\"https:\/\/i0.wp.com\/www.legalprofession.de\/wp-content\/uploads\/2014\/05\/Fotolia_49397279_S-e1699898807470.jpg?fit=400%2C459&amp;ssl=1\" data-orig-size=\"400,459\" data-comments-opened=\"0\" data-image-meta=\"{&quot;aperture&quot;:&quot;0&quot;,&quot;credit&quot;:&quot;olly - Fotolia&quot;,&quot;camera&quot;:&quot;&quot;,&quot;caption&quot;:&quot;&quot;,&quot;created_timestamp&quot;:&quot;1360588327&quot;,&quot;copyright&quot;:&quot;olly - Fotolia&quot;,&quot;focal_length&quot;:&quot;0&quot;,&quot;iso&quot;:&quot;0&quot;,&quot;shutter_speed&quot;:&quot;0&quot;,&quot;title&quot;:&quot;hypocrisy&quot;}\" data-image-title=\"Besetzungsberatung\" data-image-description=\"\" data-image-caption=\"\" data-large-file=\"https:\/\/i0.wp.com\/www.legalprofession.de\/wp-content\/uploads\/2014\/05\/Fotolia_49397279_S-e1699898807470.jpg?fit=400%2C459&amp;ssl=1\" class=\"wp-image-2286 alignnone\" src=\"https:\/\/i0.wp.com\/www.legalprofession.de\/wp-content\/uploads\/2014\/05\/Fotolia_49397279_S.jpg?resize=349%2C400&#038;ssl=1\" alt=\"\" width=\"349\" height=\"400\" \/><\/span><\/p>\n<h5><span style=\"color: #ff0000;\">Stellenbeschreibung &#8211; persolog\u00ae Stellenprofil\u00a0<\/span><\/h5>\n<p>Menschen haben unterschiedliche Ansichten zu einer Stelle oder einem Aufgabenbereich. Eine Stellenbeschreibung definiert Aufgaben, Verantwortung, Befugnisse und Kompetenzen einer Position, damit ist sie die Grundlage des Recruitments. Aber um einen Mitarbeiter zu gewinnen, der in seiner Pers\u00f6nlichkeit zum Unternehmen, in das Team und auf die Stelle passt, ist es wichtig, auch &#8222;Verhaltensaspekte&#8220; zu bestimmen. Was nutzt das beste Zeugnis und die langj\u00e4hrige Berufserfahrung, wenn die Arbeitsweise, die Motivation und das Verhalten des Bewerbers nicht zum Job passen? Mit dem persolog\u00ae Stellen-Profil reflektieren wir die zu besetzende Position in Bezug auf menschliche Verhaltensaspekte. Das Stellenprofil hilft unseren Kunden, verhaltensbezogene Erwartungen hinsichtlich der Stelle im Vorfeld zu kl\u00e4ren. Sie werden \u00fcberrascht sein, wenn Sie feststellen, dass unter den Entscheidungstr\u00e4gern ganz unterschiedliche Erwartungen bestehen.<\/p>\n<h5><span style=\"color: #ff0000;\">Anforderungsprofil &#8211; persolog\u00ae Verhaltensprofil<\/span><\/h5>\n<p>Ihre Erwartungen und Anforderungen formulieren wir im Rahmen der Stellenbesetzung in einem Anforderungsprofil. Als Instrument der Personalauswahl erfassen wir hier alle Anforderungen, die Ihre Vakanz an den zuk\u00fcnftigen Mitarbeiter stellt. Dazu z\u00e4hlen Kompetenzen, Qualifikationen, F\u00e4higkeiten und vor allem Pers\u00f6nlichkeitseigenschaften. Das ist das Soll-Profil der Stelle. Aber wie erkennen wir die Erwartungshaltung des Bewerbers? Wie beurteilen wir seine Pers\u00f6nlichkeitsmerkmale, sein Verhalten und seinen Arbeitsstil? Mit dem persolog\u00ae Verhaltensprofil geben wir ihren Bewerbern ein Instrument an Hand, um ihre St\u00e4rken und individuellen Verhaltenstendenzen selbst zu reflektieren. Damit erhalten Sie die M\u00f6glichkeit, Ihre Bewerber miteinander zu vergleichen und besondere Punkte im Bewerbungsgespr\u00e4ch anzusprechen.<\/p>\n<h5><span style=\"color: #ff0000;\">Berufliches Profiling &#8211; Personalauswahl<\/span><\/h5>\n<p>Im beruflichen Profiling vergleicht wir die Stellenbeschreibung mit dem Anforderungsprofil des Kandidaten. Wir f\u00fchren ein Matching durch. Die gr\u00f6\u00dft m\u00f6gliche \u00dcbereinstimmung f\u00fchrt zu dem Kandidaten mit der besten Eignung. Denn nicht der Bewerber mit den besten Noten ist die beste Wahl f\u00fcr die Stelle, sondern der Bewerber mit den gr\u00f6\u00dften \u00dcbereinstimmungen. Der Abgleich des persolog\u00ae Stellenprofils mit dem persolog\u00ae Verhaltensprofil erg\u00e4nzt die fachlichen Kriterien um die entscheidenden Verhaltenseigenschaften. Wir stellen Pers\u00f6nlichkeiten ein, keine Kompetenzen.<\/p>\n<h5><\/h5>\n<h5><a href=\"https:\/\/www.persolog-shop.com\/index.php\/medien\/profile\/persolog-stellen-profil.html\"><img data-recalc-dims=\"1\" decoding=\"async\" data-attachment-id=\"7547\" data-permalink=\"https:\/\/www.legalprofession.de\/de-in102-2\" data-orig-file=\"https:\/\/i0.wp.com\/www.legalprofession.de\/wp-content\/uploads\/DE-IN102-1.jpg?fit=500%2C706&amp;ssl=1\" data-orig-size=\"500,706\" data-comments-opened=\"0\" data-image-meta=\"{&quot;aperture&quot;:&quot;0&quot;,&quot;credit&quot;:&quot;&quot;,&quot;camera&quot;:&quot;&quot;,&quot;caption&quot;:&quot;&quot;,&quot;created_timestamp&quot;:&quot;0&quot;,&quot;copyright&quot;:&quot;&quot;,&quot;focal_length&quot;:&quot;0&quot;,&quot;iso&quot;:&quot;0&quot;,&quot;shutter_speed&quot;:&quot;0&quot;,&quot;title&quot;:&quot;&quot;,&quot;orientation&quot;:&quot;1&quot;}\" data-image-title=\"DE-IN102\" data-image-description=\"\" data-image-caption=\"\" data-large-file=\"https:\/\/i0.wp.com\/www.legalprofession.de\/wp-content\/uploads\/DE-IN102-1.jpg?fit=500%2C706&amp;ssl=1\" class=\"alignleft wp-image-7547\" title=\"persolog Stellenprofil im Recruitment\" src=\"https:\/\/i0.wp.com\/www.legalprofession.de\/wp-content\/uploads\/DE-IN102-1.jpg?resize=177%2C250&#038;ssl=1\" alt=\"persolog Stellenprofil im Recruitment\" width=\"177\" height=\"250\" srcset=\"https:\/\/i0.wp.com\/www.legalprofession.de\/wp-content\/uploads\/DE-IN102-1.jpg?resize=212%2C300&amp;ssl=1 212w, https:\/\/i0.wp.com\/www.legalprofession.de\/wp-content\/uploads\/DE-IN102-1.jpg?w=500&amp;ssl=1 500w\" sizes=\"(max-width: 177px) 100vw, 177px\" \/><\/a><a href=\"https:\/\/www.persolog-shop.com\/index.php\/medien\/profile\/persolog-verhaltens-profil.html\"><img data-recalc-dims=\"1\" decoding=\"async\" data-attachment-id=\"7572\" data-permalink=\"https:\/\/www.legalprofession.de\/index.php\/persolog-persoenlichkeits-modell-im-recruitment\/de-in101\" data-orig-file=\"https:\/\/i0.wp.com\/www.legalprofession.de\/wp-content\/uploads\/de-in101.jpg?fit=500%2C706&amp;ssl=1\" data-orig-size=\"500,706\" data-comments-opened=\"0\" data-image-meta=\"{&quot;aperture&quot;:&quot;0&quot;,&quot;credit&quot;:&quot;&quot;,&quot;camera&quot;:&quot;&quot;,&quot;caption&quot;:&quot;&quot;,&quot;created_timestamp&quot;:&quot;0&quot;,&quot;copyright&quot;:&quot;&quot;,&quot;focal_length&quot;:&quot;0&quot;,&quot;iso&quot;:&quot;0&quot;,&quot;shutter_speed&quot;:&quot;0&quot;,&quot;title&quot;:&quot;&quot;,&quot;orientation&quot;:&quot;0&quot;}\" data-image-title=\"de-in101\" data-image-description=\"\" data-image-caption=\"\" data-large-file=\"https:\/\/i0.wp.com\/www.legalprofession.de\/wp-content\/uploads\/de-in101.jpg?fit=500%2C706&amp;ssl=1\" class=\"alignleft wp-image-7572\" title=\"persolog Verhaltensprofil im Recruitment\" src=\"https:\/\/i0.wp.com\/www.legalprofession.de\/wp-content\/uploads\/de-in101.jpg?resize=177%2C250&#038;ssl=1\" alt=\"persolog Verhaltensprofil im Recruitment\" width=\"177\" height=\"250\" srcset=\"https:\/\/i0.wp.com\/www.legalprofession.de\/wp-content\/uploads\/de-in101.jpg?resize=212%2C300&amp;ssl=1 212w, https:\/\/i0.wp.com\/www.legalprofession.de\/wp-content\/uploads\/de-in101.jpg?w=500&amp;ssl=1 500w\" sizes=\"(max-width: 177px) 100vw, 177px\" \/><\/a><\/h5>\n<h6><span style=\"color: #ff0000;\">Das persolog\u00ae Pers\u00f6nlichkeits-Modell kann:<\/span><\/h6>\n<ul>\n<li>im Rahmen unserer Stellenbesetzung beauftragt werden<\/li>\n<li>als Instrument in Ihrem Auswahlprozess gebucht werden<\/li>\n<li>als Modul im Onboarding angewendet werden<\/li>\n<\/ul>\n<h6><span style=\"color: #ff0000;\">Informieren Sie sich \u00fcber weiter Einsatzgebiete<\/span><\/h6>\n<ul>\n<li style=\"list-style-type: none;\">\n<ul>\n<li>persolog\u00ae Stellen-Profil im Consulting<\/li>\n<li>persolog\u00ae Pers\u00f6nlichkeits-Profil im <a href=\"https:\/\/www.legalprofession.de\/index.php\/persolog-persoenlichkeits-modell-im-coaching\">Coaching\u00a0<\/a><\/li>\n<\/ul>\n<\/li>\n<\/ul>\n","protected":false},"excerpt":{"rendered":"<p>Wir nutzen das persolog Pers\u00f6nlichkeits-Modell im Recruitment, im beruflichen Profiling und bei der Stellenbesetzung &#8211; wir begleiten Ihre Personalauswahl. Wen suchen Sie eigentlich? Die entscheidende Frage, welcher Bewerber am besten zu der zu besetzenden Stelle passt, wir leider oft zu sp\u00e4t beantwortet. Erst bei der Auswahl der eingegangenen Bewerbungen wird dar\u00fcber diskutiert, welche Aufgaben der&hellip; <a href=\"https:\/\/www.legalprofession.de\/index.php\/persolog-persoenlichkeits-modell-im-recruitment\">Continue reading&#8230;<\/a><\/p>\n","protected":false},"author":2,"featured_media":0,"parent":0,"menu_order":0,"comment_status":"closed","ping_status":"closed","template":"templates\/page-right-sidebar.php","meta":{"jetpack_post_was_ever_published":false,"footnotes":""},"class_list":["post-7533","page","type-page","status-publish","hentry"],"yoast_head":"<!-- This site is optimized with the Yoast SEO plugin v27.3 - https:\/\/yoast.com\/product\/yoast-seo-wordpress\/ -->\n<title>persolog Pers\u00f6nlichkeits-Modell im Recruitment - LegalProfession\u00ae<\/title>\n<meta name=\"description\" content=\"persolog\u00ae Pers\u00f6nlichkeits-Modell im Recruitment, im beruflichen Profiling, bei der Stellenbesetzung und Personalauswahl. Damit es passt!\" \/>\n<meta name=\"robots\" content=\"index, follow, max-snippet:-1, max-image-preview:large, max-video-preview:-1\" \/>\n<link rel=\"canonical\" href=\"https:\/\/www.legalprofession.de\/index.php\/persolog-persoenlichkeits-modell-im-recruitment\" \/>\n<meta property=\"og:locale\" content=\"de_DE\" \/>\n<meta property=\"og:type\" content=\"article\" \/>\n<meta property=\"og:title\" content=\"persolog Pers\u00f6nlichkeits-Modell im Recruitment - LegalProfession\u00ae\" \/>\n<meta property=\"og:description\" content=\"persolog\u00ae Pers\u00f6nlichkeits-Modell im Recruitment, im beruflichen Profiling, bei der Stellenbesetzung und Personalauswahl. Damit es passt!\" \/>\n<meta property=\"og:url\" content=\"https:\/\/www.legalprofession.de\/index.php\/persolog-persoenlichkeits-modell-im-recruitment\" \/>\n<meta property=\"og:site_name\" content=\"LegalProfession\u00ae\" \/>\n<meta property=\"article:modified_time\" content=\"2023-11-13T18:02:41+00:00\" \/>\n<meta property=\"og:image\" content=\"https:\/\/www.legalprofession.de\/wp-content\/uploads\/2014\/05\/Fotolia_49397279_S-150x150.jpg\" \/>\n<meta name=\"twitter:card\" content=\"summary_large_image\" \/>\n<meta name=\"twitter:label1\" content=\"Gesch\u00e4tzte Lesezeit\" \/>\n\t<meta name=\"twitter:data1\" content=\"4\u00a0Minuten\" \/>\n<script type=\"application\/ld+json\" class=\"yoast-schema-graph\">{\"@context\":\"https:\\\/\\\/schema.org\",\"@graph\":[{\"@type\":\"WebPage\",\"@id\":\"https:\\\/\\\/www.legalprofession.de\\\/index.php\\\/persolog-persoenlichkeits-modell-im-recruitment\",\"url\":\"https:\\\/\\\/www.legalprofession.de\\\/index.php\\\/persolog-persoenlichkeits-modell-im-recruitment\",\"name\":\"persolog Pers\u00f6nlichkeits-Modell im Recruitment - LegalProfession\u00ae\",\"isPartOf\":{\"@id\":\"https:\\\/\\\/www.legalprofession.de\\\/#website\"},\"primaryImageOfPage\":{\"@id\":\"https:\\\/\\\/www.legalprofession.de\\\/index.php\\\/persolog-persoenlichkeits-modell-im-recruitment#primaryimage\"},\"image\":{\"@id\":\"https:\\\/\\\/www.legalprofession.de\\\/index.php\\\/persolog-persoenlichkeits-modell-im-recruitment#primaryimage\"},\"thumbnailUrl\":\"https:\\\/\\\/www.legalprofession.de\\\/wp-content\\\/uploads\\\/2014\\\/05\\\/Fotolia_49397279_S-150x150.jpg\",\"datePublished\":\"2020-07-10T09:58:44+00:00\",\"dateModified\":\"2023-11-13T18:02:41+00:00\",\"description\":\"persolog\u00ae Pers\u00f6nlichkeits-Modell im Recruitment, im beruflichen Profiling, bei der Stellenbesetzung und Personalauswahl. Damit es passt!\",\"breadcrumb\":{\"@id\":\"https:\\\/\\\/www.legalprofession.de\\\/index.php\\\/persolog-persoenlichkeits-modell-im-recruitment#breadcrumb\"},\"inLanguage\":\"de\",\"potentialAction\":[{\"@type\":\"ReadAction\",\"target\":[\"https:\\\/\\\/www.legalprofession.de\\\/index.php\\\/persolog-persoenlichkeits-modell-im-recruitment\"]}]},{\"@type\":\"ImageObject\",\"inLanguage\":\"de\",\"@id\":\"https:\\\/\\\/www.legalprofession.de\\\/index.php\\\/persolog-persoenlichkeits-modell-im-recruitment#primaryimage\",\"url\":\"https:\\\/\\\/www.legalprofession.de\\\/wp-content\\\/uploads\\\/2014\\\/05\\\/Fotolia_49397279_S-150x150.jpg\",\"contentUrl\":\"https:\\\/\\\/www.legalprofession.de\\\/wp-content\\\/uploads\\\/2014\\\/05\\\/Fotolia_49397279_S-150x150.jpg\"},{\"@type\":\"BreadcrumbList\",\"@id\":\"https:\\\/\\\/www.legalprofession.de\\\/index.php\\\/persolog-persoenlichkeits-modell-im-recruitment#breadcrumb\",\"itemListElement\":[{\"@type\":\"ListItem\",\"position\":1,\"name\":\"Startseite\",\"item\":\"https:\\\/\\\/www.legalprofession.de\\\/\"},{\"@type\":\"ListItem\",\"position\":2,\"name\":\"persolog Pers\u00f6nlichkeits-Modell im Recruitment\"}]},{\"@type\":\"WebSite\",\"@id\":\"https:\\\/\\\/www.legalprofession.de\\\/#website\",\"url\":\"https:\\\/\\\/www.legalprofession.de\\\/\",\"name\":\"LegalProfession\u00ae\",\"description\":\"Recruiting Coaching Consulting AZAV\",\"publisher\":{\"@id\":\"https:\\\/\\\/www.legalprofession.de\\\/#organization\"},\"potentialAction\":[{\"@type\":\"SearchAction\",\"target\":{\"@type\":\"EntryPoint\",\"urlTemplate\":\"https:\\\/\\\/www.legalprofession.de\\\/?s={search_term_string}\"},\"query-input\":{\"@type\":\"PropertyValueSpecification\",\"valueRequired\":true,\"valueName\":\"search_term_string\"}}],\"inLanguage\":\"de\"},{\"@type\":\"Organization\",\"@id\":\"https:\\\/\\\/www.legalprofession.de\\\/#organization\",\"name\":\"LegalProfession\u00ae Recruitment Coaching Consulting\",\"url\":\"https:\\\/\\\/www.legalprofession.de\\\/\",\"logo\":{\"@type\":\"ImageObject\",\"inLanguage\":\"de\",\"@id\":\"https:\\\/\\\/www.legalprofession.de\\\/#\\\/schema\\\/logo\\\/image\\\/\",\"url\":\"https:\\\/\\\/i0.wp.com\\\/www.legalprofession.de\\\/wp-content\\\/uploads\\\/Logo-LP-1.jpg?fit=354%2C141&ssl=1\",\"contentUrl\":\"https:\\\/\\\/i0.wp.com\\\/www.legalprofession.de\\\/wp-content\\\/uploads\\\/Logo-LP-1.jpg?fit=354%2C141&ssl=1\",\"width\":354,\"height\":141,\"caption\":\"LegalProfession\u00ae Recruitment Coaching Consulting\"},\"image\":{\"@id\":\"https:\\\/\\\/www.legalprofession.de\\\/#\\\/schema\\\/logo\\\/image\\\/\"},\"sameAs\":[\"https:\\\/\\\/www.linkedin.com\\\/in\\\/marion-proft-legalprofession\\\/\",\"https:\\\/\\\/www.xing.com\\\/profile\\\/Marion_Proft\\\/portfolio\"]}]}<\/script>\n<!-- \/ Yoast SEO plugin. -->","yoast_head_json":{"title":"persolog Pers\u00f6nlichkeits-Modell im Recruitment - LegalProfession\u00ae","description":"persolog\u00ae Pers\u00f6nlichkeits-Modell im Recruitment, im beruflichen Profiling, bei der Stellenbesetzung und Personalauswahl. Damit es passt!","robots":{"index":"index","follow":"follow","max-snippet":"max-snippet:-1","max-image-preview":"max-image-preview:large","max-video-preview":"max-video-preview:-1"},"canonical":"https:\/\/www.legalprofession.de\/index.php\/persolog-persoenlichkeits-modell-im-recruitment","og_locale":"de_DE","og_type":"article","og_title":"persolog Pers\u00f6nlichkeits-Modell im Recruitment - LegalProfession\u00ae","og_description":"persolog\u00ae Pers\u00f6nlichkeits-Modell im Recruitment, im beruflichen Profiling, bei der Stellenbesetzung und Personalauswahl. Damit es passt!","og_url":"https:\/\/www.legalprofession.de\/index.php\/persolog-persoenlichkeits-modell-im-recruitment","og_site_name":"LegalProfession\u00ae","article_modified_time":"2023-11-13T18:02:41+00:00","og_image":[{"url":"https:\/\/www.legalprofession.de\/wp-content\/uploads\/2014\/05\/Fotolia_49397279_S-150x150.jpg","type":"","width":"","height":""}],"twitter_card":"summary_large_image","twitter_misc":{"Gesch\u00e4tzte Lesezeit":"4\u00a0Minuten"},"schema":{"@context":"https:\/\/schema.org","@graph":[{"@type":"WebPage","@id":"https:\/\/www.legalprofession.de\/index.php\/persolog-persoenlichkeits-modell-im-recruitment","url":"https:\/\/www.legalprofession.de\/index.php\/persolog-persoenlichkeits-modell-im-recruitment","name":"persolog Pers\u00f6nlichkeits-Modell im Recruitment - LegalProfession\u00ae","isPartOf":{"@id":"https:\/\/www.legalprofession.de\/#website"},"primaryImageOfPage":{"@id":"https:\/\/www.legalprofession.de\/index.php\/persolog-persoenlichkeits-modell-im-recruitment#primaryimage"},"image":{"@id":"https:\/\/www.legalprofession.de\/index.php\/persolog-persoenlichkeits-modell-im-recruitment#primaryimage"},"thumbnailUrl":"https:\/\/www.legalprofession.de\/wp-content\/uploads\/2014\/05\/Fotolia_49397279_S-150x150.jpg","datePublished":"2020-07-10T09:58:44+00:00","dateModified":"2023-11-13T18:02:41+00:00","description":"persolog\u00ae Pers\u00f6nlichkeits-Modell im Recruitment, im beruflichen Profiling, bei der Stellenbesetzung und Personalauswahl. Damit es passt!","breadcrumb":{"@id":"https:\/\/www.legalprofession.de\/index.php\/persolog-persoenlichkeits-modell-im-recruitment#breadcrumb"},"inLanguage":"de","potentialAction":[{"@type":"ReadAction","target":["https:\/\/www.legalprofession.de\/index.php\/persolog-persoenlichkeits-modell-im-recruitment"]}]},{"@type":"ImageObject","inLanguage":"de","@id":"https:\/\/www.legalprofession.de\/index.php\/persolog-persoenlichkeits-modell-im-recruitment#primaryimage","url":"https:\/\/www.legalprofession.de\/wp-content\/uploads\/2014\/05\/Fotolia_49397279_S-150x150.jpg","contentUrl":"https:\/\/www.legalprofession.de\/wp-content\/uploads\/2014\/05\/Fotolia_49397279_S-150x150.jpg"},{"@type":"BreadcrumbList","@id":"https:\/\/www.legalprofession.de\/index.php\/persolog-persoenlichkeits-modell-im-recruitment#breadcrumb","itemListElement":[{"@type":"ListItem","position":1,"name":"Startseite","item":"https:\/\/www.legalprofession.de\/"},{"@type":"ListItem","position":2,"name":"persolog Pers\u00f6nlichkeits-Modell im Recruitment"}]},{"@type":"WebSite","@id":"https:\/\/www.legalprofession.de\/#website","url":"https:\/\/www.legalprofession.de\/","name":"LegalProfession\u00ae","description":"Recruiting Coaching Consulting AZAV","publisher":{"@id":"https:\/\/www.legalprofession.de\/#organization"},"potentialAction":[{"@type":"SearchAction","target":{"@type":"EntryPoint","urlTemplate":"https:\/\/www.legalprofession.de\/?s={search_term_string}"},"query-input":{"@type":"PropertyValueSpecification","valueRequired":true,"valueName":"search_term_string"}}],"inLanguage":"de"},{"@type":"Organization","@id":"https:\/\/www.legalprofession.de\/#organization","name":"LegalProfession\u00ae Recruitment Coaching Consulting","url":"https:\/\/www.legalprofession.de\/","logo":{"@type":"ImageObject","inLanguage":"de","@id":"https:\/\/www.legalprofession.de\/#\/schema\/logo\/image\/","url":"https:\/\/i0.wp.com\/www.legalprofession.de\/wp-content\/uploads\/Logo-LP-1.jpg?fit=354%2C141&ssl=1","contentUrl":"https:\/\/i0.wp.com\/www.legalprofession.de\/wp-content\/uploads\/Logo-LP-1.jpg?fit=354%2C141&ssl=1","width":354,"height":141,"caption":"LegalProfession\u00ae Recruitment Coaching Consulting"},"image":{"@id":"https:\/\/www.legalprofession.de\/#\/schema\/logo\/image\/"},"sameAs":["https:\/\/www.linkedin.com\/in\/marion-proft-legalprofession\/","https:\/\/www.xing.com\/profile\/Marion_Proft\/portfolio"]}]}},"jetpack_shortlink":"https:\/\/wp.me\/P8oDIe-1Xv","jetpack_sharing_enabled":true,"_links":{"self":[{"href":"https:\/\/www.legalprofession.de\/index.php\/wp-json\/wp\/v2\/pages\/7533","targetHints":{"allow":["GET"]}}],"collection":[{"href":"https:\/\/www.legalprofession.de\/index.php\/wp-json\/wp\/v2\/pages"}],"about":[{"href":"https:\/\/www.legalprofession.de\/index.php\/wp-json\/wp\/v2\/types\/page"}],"author":[{"embeddable":true,"href":"https:\/\/www.legalprofession.de\/index.php\/wp-json\/wp\/v2\/users\/2"}],"replies":[{"embeddable":true,"href":"https:\/\/www.legalprofession.de\/index.php\/wp-json\/wp\/v2\/comments?post=7533"}],"version-history":[{"count":0,"href":"https:\/\/www.legalprofession.de\/index.php\/wp-json\/wp\/v2\/pages\/7533\/revisions"}],"wp:attachment":[{"href":"https:\/\/www.legalprofession.de\/index.php\/wp-json\/wp\/v2\/media?parent=7533"}],"curies":[{"name":"wp","href":"https:\/\/api.w.org\/{rel}","templated":true}]}}